{"id":7830,"date":"2022-05-30T15:47:26","date_gmt":"2022-05-30T13:47:26","guid":{"rendered":"https:\/\/blidor.ch\/?post_type=product&#038;p=7830"},"modified":"2023-10-23T13:16:32","modified_gmt":"2023-10-23T11:16:32","slug":"distributeur-de-table-bli-hd20","status":"publish","type":"product","link":"https:\/\/blidor.ch\/fr\/webshop\/tischdispenser-bli-hd20\/","title":{"rendered":"BLI-HD\u00ae 20 Hygi\u00e8ne des mains + Distributeur de table Mousse"},"content":{"rendered":"<h2>Distributeur automatique de table Mousse<\/h2>\n<p>Le distributeur de table de 19 cm de haut brille par son aspect sobre dans les bureaux paysagers, les halls d'entr\u00e9e, les postes de travail partag\u00e9s. Avec une contenance de 350 ml et rechargeable par USB, le distributeur de table Mousse s\u00e9duit \u00e9galement par son temps de r\u00e9action rapide de 0,25 seconde, qui est d\u00e9clench\u00e9 par le capteur sans aucun contact. Ainsi, aucun germe ou bact\u00e9rie ne peut \u00eatre transmis par contact.<\/p>\n<h2>BLI-HD\u00ae 20 Hygi\u00e8ne des mains<\/h2>\n<p>Hygi\u00e8ne des mains, \u00e0 frotter dans la peau, sp\u00e9cialement adapt\u00e9 pour une utilisation r\u00e9p\u00e9t\u00e9e. Test\u00e9 dermatologiquement avec la mention tr\u00e8s bien. L'hygi\u00e8ne des mains est un aspect important dans la vie quotidienne, qui est pertinent pour la pr\u00e9vention des infections nosocomiales et la prophylaxie de l'hygi\u00e8ne. BLI-HD\u00ae 20 est un produit d'hygi\u00e8ne des mains tr\u00e8s efficace qui n'agresse pas la peau.<\/p>\n<h2>L'hygi\u00e8ne des mains en voyage<\/h2>\n<p>Le BLI-HD\u00ae 20 est id\u00e9al pour l'hygi\u00e8ne des mains en d\u00e9placement - que ce soit au quotidien, en voyage ou dans la voiture. Vous utilisez ainsi l'hygi\u00e8ne des mains au moment o\u00f9 vous en avez besoin.<\/p>\n<p><img decoding=\"async\" class=\"alignnone size-full wp-image-4485\" src=\"\/wp-content\/uploads\/Dermatest_D-150x150-1.gif\" alt=\"\" width=\"150\" height=\"150\" \/><\/p>\n<h2><\/h2>","protected":false},"excerpt":{"rendered":"<p>Hygi\u00e8ne des mains, \u00e0 frotter dans la peau, sp\u00e9cialement adapt\u00e9 pour une utilisation r\u00e9p\u00e9t\u00e9e. Test\u00e9 dermatologiquement avec la mention tr\u00e8s bien.<strong>\u00a0<\/strong>En outre, un distributeur automatique de mousse de table pour l'hygi\u00e8ne des mains, dans lequel le capteur d\u00e9clenche la distribution de l'hygi\u00e8ne des mains sans aucun contact.<\/p>","protected":false},"featured_media":12430,"comment_status":"open","ping_status":"closed","template":"","meta":[],"product_brand":[],"product_cat":[82,81,34],"product_tag":[756,553],"class_list":{"0":"post-7830","1":"product","2":"type-product","3":"status-publish","4":"has-post-thumbnail","6":"product_cat-accessoires","7":"product_cat-blides","8":"product_cat-hygiene","9":"product_tag-handhygiene","10":"product_tag-tischdispenser","12":"first","13":"instock","14":"taxable","15":"shipping-taxable","16":"purchasable","17":"product-type-simple"},"_links":{"self":[{"href":"https:\/\/blidor.ch\/fr\/wp-json\/wp\/v2\/product\/7830","targetHints":{"allow":["GET"]}}],"collection":[{"href":"https:\/\/blidor.ch\/fr\/wp-json\/wp\/v2\/product"}],"about":[{"href":"https:\/\/blidor.ch\/fr\/wp-json\/wp\/v2\/types\/product"}],"replies":[{"embeddable":true,"href":"https:\/\/blidor.ch\/fr\/wp-json\/wp\/v2\/comments?post=7830"}],"version-history":[{"count":0,"href":"https:\/\/blidor.ch\/fr\/wp-json\/wp\/v2\/product\/7830\/revisions"}],"wp:featuredmedia":[{"embeddable":true,"href":"https:\/\/blidor.ch\/fr\/wp-json\/wp\/v2\/media\/12430"}],"wp:attachment":[{"href":"https:\/\/blidor.ch\/fr\/wp-json\/wp\/v2\/media?parent=7830"}],"wp:term":[{"taxonomy":"product_brand","embeddable":true,"href":"https:\/\/blidor.ch\/fr\/wp-json\/wp\/v2\/product_brand?post=7830"},{"taxonomy":"product_cat","embeddable":true,"href":"https:\/\/blidor.ch\/fr\/wp-json\/wp\/v2\/product_cat?post=7830"},{"taxonomy":"product_tag","embeddable":true,"href":"https:\/\/blidor.ch\/fr\/wp-json\/wp\/v2\/product_tag?post=7830"}],"curies":[{"name":"wp","href":"https:\/\/api.w.org\/{rel}","templated":true}]}}