{"id":576,"date":"2020-08-18T21:14:26","date_gmt":"2020-08-18T19:14:26","guid":{"rendered":"http:\/\/blidor-webshop-staging.ch.merlin.ch-meta.net\/?post_type=product&#038;p=576"},"modified":"2026-04-13T17:32:18","modified_gmt":"2026-04-13T15:32:18","slug":"clarte-2","status":"publish","type":"product","link":"https:\/\/blidor.ch\/fr\/webshop\/clarte\/","title":{"rendered":"Clart\u00e9 Nettoyage du visage by BLI-DES"},"content":{"rendered":"<h2>Clart\u00e9 - Nettoyage du visage avec effet antimicrobien<\/h2>\n<p>Chaque jour, la salet\u00e9, le s\u00e9bum et la poussi\u00e8re forment une couche qui encrasse notre peau. Les bact\u00e9ries trouvent dans cette couche un terrain id\u00e9al pour se d\u00e9velopper, ce qui favorise les irritations, les rougeurs, les inflammations, les pellicules, les points noirs et les boutons. Une peau impure et \u00e0 tendance acn\u00e9ique peut se former ou s'\u00e9tendre. Un nettoyage antimicrobien, en douceur et en profondeur, est essentiel pour priver les bact\u00e9ries de ce terrain propice. En outre, les soins du visage appliqu\u00e9s par la suite peuvent \u00eatre plus efficaces si la surface de la peau est enti\u00e8rement et soigneusement nettoy\u00e9e.<\/p>\n<h2>Nettoyage sans alcool et r\u00e9sultat du test \"tr\u00e8s bon\".<\/h2>\n<p><a href=\"\/fr\/clarte-2\/\">Clart\u00e9<\/a> by <a href=\"\/fr\/bli-des-formule\/\">BLI-DES<\/a> a \u00e9t\u00e9 d\u00e9velopp\u00e9, test\u00e9 et produit en Suisse selon les derni\u00e8res connaissances en mati\u00e8re de recherche. <a href=\"\/fr\/clarte-2\/\">Clart\u00e9<\/a> a obtenu le dermatest avec \"<strong>Tr\u00e8s bon<\/strong>\" a \u00e9t\u00e9 conclu. Les ingr\u00e9dients de Clart\u00e9 sont exclusivement <strong>naturel ou identique au naturel<\/strong> et contiennent <strong>pas d'alcools ni de compos\u00e9s d'ammonium quaternaire<\/strong>.<\/p>\n<h2>Traitement et pr\u00e9vention de l'acn\u00e9 du visage<\/h2>\n<p><a href=\"\/fr\/clarte-2\/\">Clart\u00e9<\/a> a \u00e9t\u00e9 cr\u00e9\u00e9 par le <a href=\"https:\/\/www.hautzentrum-zuerich.ch\" target=\"_blank\" rel=\"noopener noreferrer\">HautZentrum Zurich<\/a>, centre de comp\u00e9tence en dermatologie, dans le cadre d'une \u00e9tude d'application. Le r\u00e9sultat de cette \u00e9tude confirme une <strong>une nette am\u00e9lioration de la peau acn\u00e9ique et une r\u00e9duction des pores visibles<\/strong>. Clart\u00e9 est antimicrobien et d\u00e9barrasse compl\u00e8tement la peau du visage des bact\u00e9ries, de la salet\u00e9 et de l'exc\u00e8s de s\u00e9bum de mani\u00e8re naturelle. Gr\u00e2ce \u00e0 son action antimicrobienne, il pr\u00e9vient les <a href=\"\/fr\/clarte-2\/\">Clart\u00e9<\/a> La peau est ainsi prot\u00e9g\u00e9e contre l'apparition de nouvelles irritations.<\/p>\n<h2>Enlever les taches de vieillesse avec Clart\u00e9<\/h2>\n<p>Les taches brunes (taches de vieillesse) sur la peau apparaissent surtout \u00e0 partir de 40 ans. La cause principale est le rayonnement UV auquel notre peau est expos\u00e9e. L'\u00e9tude d'efficacit\u00e9 du nettoyant pour visage Clart\u00e9 a montr\u00e9 qu'une utilisation quotidienne entra\u00eene une nette diminution des taches brunes et des pores. De plus, le produit nettoie <a href=\"\/fr\/clarte-2\/\">Clart\u00e9<\/a> votre peau des bact\u00e9ries, de la salet\u00e9 et de l'exc\u00e8s de graisse cutan\u00e9e.<\/p>\n<p><strong>\u00a0<\/strong><\/p>","protected":false},"excerpt":{"rendered":"<p><strong>Nettoyage du visage avec effet antimicrobien<\/strong><\/p>\n<p>Clart\u00e9 est antimicrobienne et d\u00e9barrasse compl\u00e8tement la peau du visage des bact\u00e9ries, de la salet\u00e9 et de l'exc\u00e8s de s\u00e9bum de mani\u00e8re naturelle. Gr\u00e2ce \u00e0 son action antimicrobienne, Clart\u00e9 pr\u00e9vient en outre l'apparition de nouvelles irritations de la peau.<\/p>","protected":false},"featured_media":1505,"comment_status":"open","ping_status":"closed","template":"","meta":[],"product_brand":[],"product_cat":[81,31,30],"product_tag":[748,750,749,893],"class_list":{"0":"post-576","1":"product","2":"type-product","3":"status-publish","4":"has-post-thumbnail","6":"product_cat-blides","7":"product_cat-gesicht","8":"product_cat-kosmetik","9":"product_tag-clarte","10":"product_tag-gesichtspflege","11":"product_tag-gesichtsreinigung","12":"product_tag-problemloeser","14":"first","15":"instock","16":"taxable","17":"shipping-taxable","18":"purchasable","19":"product-type-simple"},"_links":{"self":[{"href":"https:\/\/blidor.ch\/fr\/wp-json\/wp\/v2\/product\/576","targetHints":{"allow":["GET"]}}],"collection":[{"href":"https:\/\/blidor.ch\/fr\/wp-json\/wp\/v2\/product"}],"about":[{"href":"https:\/\/blidor.ch\/fr\/wp-json\/wp\/v2\/types\/product"}],"replies":[{"embeddable":true,"href":"https:\/\/blidor.ch\/fr\/wp-json\/wp\/v2\/comments?post=576"}],"version-history":[{"count":0,"href":"https:\/\/blidor.ch\/fr\/wp-json\/wp\/v2\/product\/576\/revisions"}],"wp:featuredmedia":[{"embeddable":true,"href":"https:\/\/blidor.ch\/fr\/wp-json\/wp\/v2\/media\/1505"}],"wp:attachment":[{"href":"https:\/\/blidor.ch\/fr\/wp-json\/wp\/v2\/media?parent=576"}],"wp:term":[{"taxonomy":"product_brand","embeddable":true,"href":"https:\/\/blidor.ch\/fr\/wp-json\/wp\/v2\/product_brand?post=576"},{"taxonomy":"product_cat","embeddable":true,"href":"https:\/\/blidor.ch\/fr\/wp-json\/wp\/v2\/product_cat?post=576"},{"taxonomy":"product_tag","embeddable":true,"href":"https:\/\/blidor.ch\/fr\/wp-json\/wp\/v2\/product_tag?post=576"}],"curies":[{"name":"wp","href":"https:\/\/api.w.org\/{rel}","templated":true}]}}