{"id":21517,"date":"2025-10-30T11:40:05","date_gmt":"2025-10-30T10:40:05","guid":{"rendered":"https:\/\/blidor.ch\/?post_type=product&#038;p=21517"},"modified":"2025-10-30T11:45:43","modified_gmt":"2025-10-30T10:45:43","slug":"set-cadeau-fleur-de-souci","status":"publish","type":"product","link":"https:\/\/blidor.ch\/fr\/webshop\/geschenkset-ringelblume\/","title":{"rendered":"Set cadeau calendula"},"content":{"rendered":"<h2>D\u00e9tendez votre corps et votre esprit avec le bain de pieds au calendula<\/h2>\n<p>Les huiles essentielles rafra\u00eechissent la peau et laissent une agr\u00e9able sensation de fra\u00eecheur. Les essences de fleurs de calendula ont un effet de soutien et stimulent le processus naturel de r\u00e9cup\u00e9ration de la peau. Apr\u00e8s le bain de pieds, bien enduire les pieds de cr\u00e8me pour que la peau reste douce et d\u00e9licate.<\/p>\n<h2>De beaux pieds - avec la cr\u00e8me pour les pieds \u00e0 base de calendula<\/h2>\n<p>La lotion riche pour les pieds au calendula soigne les pieds et les maintient doux et souples. Elle lisse, augmente l'\u00e9lasticit\u00e9 et r\u00e9duit ainsi la tendance aux ger\u00e7ures. Le calendula est utilis\u00e9 depuis toujours pour traiter les ger\u00e7ures et les peaux ab\u00eem\u00e9es.<\/p>\n<h2>Ce coffret cadeau contient<\/h2>\n<ul>\n<li>Bain de pieds au calendula<\/li>\n<li>Lotion pour les pieds Calendula<\/li>\n<li>Bougie<\/li>\n<li>Sac en papier<\/li>\n<\/ul>","protected":false},"excerpt":{"rendered":"<p>D\u00e9couvre le coffret cadeau Calendula : le calendula a un effet r\u00e9g\u00e9n\u00e9rant et stimulant gr\u00e2ce aux huiles essentielles et aux extraits de fleurs. Offre \u00e0 quelqu'un un bain de pieds relaxant et une lotion pour les pieds bienfaisante apr\u00e8s des journ\u00e9es fatigantes.<\/p>","protected":false},"featured_media":21518,"comment_status":"open","ping_status":"closed","template":"","meta":[],"product_brand":[],"product_cat":[881,33,30],"product_tag":[],"class_list":{"0":"post-21517","1":"product","2":"type-product","3":"status-publish","4":"has-post-thumbnail","6":"product_cat-geschenksets","7":"product_cat-hand-und-fuss","8":"product_cat-kosmetik","10":"first","11":"instock","12":"taxable","13":"shipping-taxable","14":"purchasable","15":"product-type-simple"},"_links":{"self":[{"href":"https:\/\/blidor.ch\/fr\/wp-json\/wp\/v2\/product\/21517","targetHints":{"allow":["GET"]}}],"collection":[{"href":"https:\/\/blidor.ch\/fr\/wp-json\/wp\/v2\/product"}],"about":[{"href":"https:\/\/blidor.ch\/fr\/wp-json\/wp\/v2\/types\/product"}],"replies":[{"embeddable":true,"href":"https:\/\/blidor.ch\/fr\/wp-json\/wp\/v2\/comments?post=21517"}],"version-history":[{"count":2,"href":"https:\/\/blidor.ch\/fr\/wp-json\/wp\/v2\/product\/21517\/revisions"}],"predecessor-version":[{"id":21520,"href":"https:\/\/blidor.ch\/fr\/wp-json\/wp\/v2\/product\/21517\/revisions\/21520"}],"wp:featuredmedia":[{"embeddable":true,"href":"https:\/\/blidor.ch\/fr\/wp-json\/wp\/v2\/media\/21518"}],"wp:attachment":[{"href":"https:\/\/blidor.ch\/fr\/wp-json\/wp\/v2\/media?parent=21517"}],"wp:term":[{"taxonomy":"product_brand","embeddable":true,"href":"https:\/\/blidor.ch\/fr\/wp-json\/wp\/v2\/product_brand?post=21517"},{"taxonomy":"product_cat","embeddable":true,"href":"https:\/\/blidor.ch\/fr\/wp-json\/wp\/v2\/product_cat?post=21517"},{"taxonomy":"product_tag","embeddable":true,"href":"https:\/\/blidor.ch\/fr\/wp-json\/wp\/v2\/product_tag?post=21517"}],"curies":[{"name":"wp","href":"https:\/\/api.w.org\/{rel}","templated":true}]}}