{"id":18459,"date":"2023-10-19T09:45:51","date_gmt":"2023-10-19T07:45:51","guid":{"rendered":"https:\/\/blidor.ch\/?post_type=product&#038;p=18459"},"modified":"2023-10-19T10:11:07","modified_gmt":"2023-10-19T08:11:07","slug":"lotion-pour-les-pieds-a-la-calendula-2","status":"publish","type":"product","link":"https:\/\/blidor.ch\/fr\/webshop\/fusslotion-ringelblume-300ml\/","title":{"rendered":"Lotion pour les pieds Calendula (300 ml)"},"content":{"rendered":"<h2>De beaux pieds - avec la cr\u00e8me pour les pieds \u00e0 base de calendula<\/h2>\n<p>La lotion riche pour les pieds au calendula soigne les pieds et les maintient doux et souples. Elle lisse, augmente l'\u00e9lasticit\u00e9 et r\u00e9duit ainsi la tendance aux ger\u00e7ures. Le calendula est utilis\u00e9 depuis toujours pour traiter les ger\u00e7ures et les peaux ab\u00eem\u00e9es.<\/p>\n<div class=\"elementor-element elementor-element-30e0cf7 elementor-widget elementor-widget-heading\" data-id=\"30e0cf7\" data-element_type=\"widget\" data-widget_type=\"heading.default\">\n<div class=\"elementor-widget-container\">\n<h2 class=\"elementor-heading-title elementor-size-default\">Le calendula dans les cosm\u00e9tiques et les soins de la peau<\/h2>\n<\/div>\n<\/div>\n<div class=\"elementor-element elementor-element-5cf6750 elementor-widget elementor-widget-text-editor\" data-id=\"5cf6750\" data-element_type=\"widget\" data-widget_type=\"text-editor.default\">\n<div class=\"elementor-widget-container\">\n<p>Parmi les herbes et fleurs m\u00e9dicinales, la <a href=\"\/fr\/marguerite\/\">Souci des jardins<\/a> l'un des \"gu\u00e9risseurs de peau\" les plus efficaces en cosm\u00e9tique naturelle. Elle renforce les tissus et est donc utilis\u00e9e pour la cicatrisation des plaies et les maladies de la peau. <a href=\"\/fr\/marguerite\/\">Souci des jardins<\/a> est intens\u00e9ment nourrissante et peut r\u00e9parer les zones rugueuses et fissur\u00e9es. Elle favorise et am\u00e9liore la cicatrisation des plaies et soutient la formation de nouveaux tissus cutan\u00e9s. En cas d'ecz\u00e9ma, de peau impure, de boutons ou de verrues, une pommade ou une cr\u00e8me de la <a href=\"\/fr\/marguerite\/\">Souci des jardins<\/a> une aide efficace.<\/p>\n<\/div>\n<\/div>\n<p><strong>Remarque : <\/strong>Commandez la lotion pour les pieds et <a href=\"\/fr\/boutique-en-ligne\/fleur-de-souci-pour-le-bain-de-pieds\/\">Bain de pieds au calendula<\/a> dans un set avantageux.<\/p>","protected":false},"excerpt":{"rendered":"<p>La lotion pour les pieds au calendula maintient les pieds doux et souples. Des pieds bien soign\u00e9s sont beaux \u00e0 voir et augmentent le bien-\u00eatre g\u00e9n\u00e9ral.<\/p>","protected":false},"featured_media":1522,"comment_status":"open","ping_status":"closed","template":"","meta":[],"product_brand":[],"product_cat":[33,30],"product_tag":[696,65,669,695,691,697],"class_list":{"0":"post-18459","1":"product","2":"type-product","3":"status-publish","4":"has-post-thumbnail","6":"product_cat-hand-und-fuss","7":"product_cat-kosmetik","8":"product_tag-fusslotion","9":"product_tag-kosmetik-ringelblume","10":"product_tag-pflege","11":"product_tag-reichhaltig","12":"product_tag-ringelblume","13":"product_tag-rissige-haut","15":"first","16":"instock","17":"taxable","18":"shipping-taxable","19":"purchasable","20":"product-type-simple"},"_links":{"self":[{"href":"https:\/\/blidor.ch\/fr\/wp-json\/wp\/v2\/product\/18459","targetHints":{"allow":["GET"]}}],"collection":[{"href":"https:\/\/blidor.ch\/fr\/wp-json\/wp\/v2\/product"}],"about":[{"href":"https:\/\/blidor.ch\/fr\/wp-json\/wp\/v2\/types\/product"}],"replies":[{"embeddable":true,"href":"https:\/\/blidor.ch\/fr\/wp-json\/wp\/v2\/comments?post=18459"}],"version-history":[{"count":0,"href":"https:\/\/blidor.ch\/fr\/wp-json\/wp\/v2\/product\/18459\/revisions"}],"wp:featuredmedia":[{"embeddable":true,"href":"https:\/\/blidor.ch\/fr\/wp-json\/wp\/v2\/media\/1522"}],"wp:attachment":[{"href":"https:\/\/blidor.ch\/fr\/wp-json\/wp\/v2\/media?parent=18459"}],"wp:term":[{"taxonomy":"product_brand","embeddable":true,"href":"https:\/\/blidor.ch\/fr\/wp-json\/wp\/v2\/product_brand?post=18459"},{"taxonomy":"product_cat","embeddable":true,"href":"https:\/\/blidor.ch\/fr\/wp-json\/wp\/v2\/product_cat?post=18459"},{"taxonomy":"product_tag","embeddable":true,"href":"https:\/\/blidor.ch\/fr\/wp-json\/wp\/v2\/product_tag?post=18459"}],"curies":[{"name":"wp","href":"https:\/\/api.w.org\/{rel}","templated":true}]}}