{"id":18449,"date":"2023-10-19T09:30:09","date_gmt":"2023-10-19T07:30:09","guid":{"rendered":"https:\/\/blidor.ch\/?post_type=product&#038;p=18449"},"modified":"2023-10-19T09:38:19","modified_gmt":"2023-10-19T07:38:19","slug":"fleur-de-souci-pour-le-bain-de-pieds-2","status":"publish","type":"product","link":"https:\/\/blidor.ch\/fr\/webshop\/fussbad-ringelblume-500ml\/","title":{"rendered":"Bain de pieds au calendula (500 ml)"},"content":{"rendered":"<h2>D\u00e9tendez votre corps et votre esprit avec le bain de pieds au calendula<\/h2>\n<p>Les huiles essentielles rafra\u00eechissent la peau et laissent une agr\u00e9able sensation de fra\u00eecheur. Les essences de fleurs de calendula ont un effet de soutien et stimulent le processus naturel de r\u00e9cup\u00e9ration de la peau. Apr\u00e8s le bain de pieds, bien enduire les pieds de cr\u00e8me, par ex. <a href=\"\/fr\/boutique-en-ligne\/lotion-pour-les-pieds-a-la-calendula\/\">Lotion pour les pieds Calendula<\/a>La peau reste douce et souple.<\/p>\n<div class=\"elementor-element elementor-element-30e0cf7 elementor-widget elementor-widget-heading\" data-id=\"30e0cf7\" data-element_type=\"widget\" data-widget_type=\"heading.default\">\n<div class=\"elementor-widget-container\">\n<h2 class=\"elementor-heading-title elementor-size-default\">Le calendula dans les cosm\u00e9tiques et les soins de la peau<\/h2>\n<\/div>\n<\/div>\n<div class=\"elementor-element elementor-element-5cf6750 elementor-widget elementor-widget-text-editor\" data-id=\"5cf6750\" data-element_type=\"widget\" data-widget_type=\"text-editor.default\">\n<div class=\"elementor-widget-container\">\n<p>Parmi les herbes et fleurs m\u00e9dicinales, la <a href=\"\/fr\/marguerite\/\">Souci des jardins<\/a> l'un des \"gu\u00e9risseurs de peau\" les plus efficaces en cosm\u00e9tique naturelle. Elle renforce les tissus et est donc utilis\u00e9e pour la cicatrisation des plaies et les maladies de la peau. <a href=\"\/fr\/marguerite\/\">Souci des jardins<\/a> est intens\u00e9ment nourrissante et peut r\u00e9parer les zones rugueuses et fissur\u00e9es. Elle favorise et am\u00e9liore la cicatrisation des plaies et soutient la formation de nouveaux tissus cutan\u00e9s. En cas d'ecz\u00e9ma, de peau impure, de boutons ou de verrues, une pommade ou une cr\u00e8me de la <a href=\"\/fr\/marguerite\/\">Souci des jardins<\/a> une aide efficace.<\/p>\n<\/div>\n<\/div>\n<p><strong>Remarque : <\/strong>Commandez le bain de pieds et <a href=\"\/fr\/boutique-en-ligne\/lotion-pour-les-pieds-a-la-calendula\/\">Lotion pour les pieds Calendula<\/a> dans un set avantageux.<\/p>","protected":false},"excerpt":{"rendered":"<p>Le bain de pieds au calendula a un effet r\u00e9g\u00e9n\u00e9rant et stimulant gr\u00e2ce aux huiles essentielles et aux extraits de fleurs. Offre-toi un bain de pieds relaxant apr\u00e8s des journ\u00e9es fatigantes.<\/p>","protected":false},"featured_media":1521,"comment_status":"open","ping_status":"closed","template":"","meta":[],"product_brand":[],"product_cat":[33,30],"product_tag":[692,690,693,65,691],"class_list":{"0":"post-18449","1":"product","2":"type-product","3":"status-publish","4":"has-post-thumbnail","6":"product_cat-hand-und-fuss","7":"product_cat-kosmetik","8":"product_tag-frischegefuehl","9":"product_tag-fussbad","10":"product_tag-fuesse","11":"product_tag-kosmetik-ringelblume","12":"product_tag-ringelblume","14":"first","15":"instock","16":"taxable","17":"shipping-taxable","18":"purchasable","19":"product-type-simple"},"_links":{"self":[{"href":"https:\/\/blidor.ch\/fr\/wp-json\/wp\/v2\/product\/18449","targetHints":{"allow":["GET"]}}],"collection":[{"href":"https:\/\/blidor.ch\/fr\/wp-json\/wp\/v2\/product"}],"about":[{"href":"https:\/\/blidor.ch\/fr\/wp-json\/wp\/v2\/types\/product"}],"replies":[{"embeddable":true,"href":"https:\/\/blidor.ch\/fr\/wp-json\/wp\/v2\/comments?post=18449"}],"version-history":[{"count":0,"href":"https:\/\/blidor.ch\/fr\/wp-json\/wp\/v2\/product\/18449\/revisions"}],"wp:featuredmedia":[{"embeddable":true,"href":"https:\/\/blidor.ch\/fr\/wp-json\/wp\/v2\/media\/1521"}],"wp:attachment":[{"href":"https:\/\/blidor.ch\/fr\/wp-json\/wp\/v2\/media?parent=18449"}],"wp:term":[{"taxonomy":"product_brand","embeddable":true,"href":"https:\/\/blidor.ch\/fr\/wp-json\/wp\/v2\/product_brand?post=18449"},{"taxonomy":"product_cat","embeddable":true,"href":"https:\/\/blidor.ch\/fr\/wp-json\/wp\/v2\/product_cat?post=18449"},{"taxonomy":"product_tag","embeddable":true,"href":"https:\/\/blidor.ch\/fr\/wp-json\/wp\/v2\/product_tag?post=18449"}],"curies":[{"name":"wp","href":"https:\/\/api.w.org\/{rel}","templated":true}]}}