{"id":18441,"date":"2023-10-18T20:33:34","date_gmt":"2023-10-18T18:33:34","guid":{"rendered":"https:\/\/blidor.ch\/?post_type=product&#038;p=18441"},"modified":"2023-10-18T20:36:36","modified_gmt":"2023-10-18T18:36:36","slug":"deodorant-a-base-de-the-2","status":"publish","type":"product","link":"https:\/\/blidor.ch\/fr\/webshop\/deo-teebaum-refill\/","title":{"rendered":"D\u00e9odorant arbre \u00e0 th\u00e9 (Recharge)"},"content":{"rendered":"<h2>D\u00e9odorant vivifiant et rafra\u00eechissant \u00e0 l'huile de th\u00e9ier<\/h2>\n<p>Le d\u00e9odorant sp\u00e9cial avec <a href=\"\/fr\/arbre-a-the\/\">Huile d'arbre \u00e0 th\u00e9<\/a>L'extrait de lichen d'arbre et le farn\u00e9sol offrent une protection fiable contre l'humidit\u00e9 des aisselles et les odeurs de transpiration. Il est tr\u00e8s bien tol\u00e9r\u00e9 par la peau et donne, gr\u00e2ce \u00e0 son parfum agr\u00e9able et discret, la sensation d'\u00eatre fra\u00eechement douch\u00e9. Un d\u00e9odorant sp\u00e9cial qui vous permet de passer la journ\u00e9e en toute s\u00e9curit\u00e9.<\/p>\n<h2>D\u00e9odorant sans aluminium<\/h2>\n<ul>\n<li>Avec un mat\u00e9riau de haute qualit\u00e9 <a href=\"\/fr\/arbre-a-the\/\">Huile d'arbre \u00e0 th\u00e9<\/a><\/li>\n<li>Le d\u00e9odorant ne contient pas d'aluminium ou de sels d'aluminium.<\/li>\n<li>Fourni avec du farn\u00e9sol (huile essentielle)<\/li>\n<li>Contient de l'extrait de lichen de barbe<\/li>\n<\/ul>\n<p>&nbsp;<\/p>\n<p>Le site <a href=\"\/fr\/arbre-a-the\/\">Huile d'arbre \u00e0 th\u00e9<\/a> (Melaleuca alternifolia) est une substance liquide obtenue par distillation des feuilles et des branches de l'arbre \u00e0 th\u00e9 australien ou d'autres esp\u00e8ces d'arbres \u00e0 th\u00e9.<br \/>\nLes aborig\u00e8nes australiens utilisaient un extrait d'arbre \u00e0 th\u00e9 pour soigner les infections cutan\u00e9es, les rhumes, les gingivites ou les piq\u00fbres d'insectes. Aujourd'hui encore, on consid\u00e8re <a href=\"\/fr\/arbre-a-the\/\">Huile d'arbre \u00e0 th\u00e9<\/a> comme un produit naturel efficace et est utilis\u00e9 en cas d'acn\u00e9, d'ecz\u00e9ma, d'infections cutan\u00e9es et de verrues.<\/p>\n<h2>D\u00e9odorant alternatif<\/h2>\n<p>Nous proposons \u00e9galement un deuxi\u00e8me doux <a href=\"\/fr\/boutique-en-ligne\/deodorant-mauve\/\">D\u00e9odorant sp\u00e9cial mauve<\/a> pour un soin doux sans aluminium ou sels d'aluminium.<\/p>","protected":false},"excerpt":{"rendered":"<p>Le d\u00e9odorant Arbre \u00e0 th\u00e9 est un d\u00e9odorant sp\u00e9cial sans sels d'aluminium. Il a un effet longue dur\u00e9e, est tr\u00e8s doux pour la peau et stimule la circulation sanguine de la peau.<\/p>","protected":false},"featured_media":15128,"comment_status":"open","ping_status":"closed","template":"","meta":[],"product_brand":[],"product_cat":[871,35,30],"product_tag":[687,686,64,688,622],"class_list":{"0":"post-18441","1":"product","2":"type-product","3":"status-publish","4":"has-post-thumbnail","6":"product_cat-antitranspirant-deo","7":"product_cat-koerper","8":"product_cat-kosmetik","9":"product_tag-frisch","10":"product_tag-hautvertraeglich","11":"product_tag-kosmetik-teebaumoel","12":"product_tag-spezialdeo","13":"product_tag-teebaumoel","15":"first","16":"instock","17":"taxable","18":"shipping-taxable","19":"purchasable","20":"product-type-simple"},"_links":{"self":[{"href":"https:\/\/blidor.ch\/fr\/wp-json\/wp\/v2\/product\/18441","targetHints":{"allow":["GET"]}}],"collection":[{"href":"https:\/\/blidor.ch\/fr\/wp-json\/wp\/v2\/product"}],"about":[{"href":"https:\/\/blidor.ch\/fr\/wp-json\/wp\/v2\/types\/product"}],"replies":[{"embeddable":true,"href":"https:\/\/blidor.ch\/fr\/wp-json\/wp\/v2\/comments?post=18441"}],"version-history":[{"count":0,"href":"https:\/\/blidor.ch\/fr\/wp-json\/wp\/v2\/product\/18441\/revisions"}],"wp:featuredmedia":[{"embeddable":true,"href":"https:\/\/blidor.ch\/fr\/wp-json\/wp\/v2\/media\/15128"}],"wp:attachment":[{"href":"https:\/\/blidor.ch\/fr\/wp-json\/wp\/v2\/media?parent=18441"}],"wp:term":[{"taxonomy":"product_brand","embeddable":true,"href":"https:\/\/blidor.ch\/fr\/wp-json\/wp\/v2\/product_brand?post=18441"},{"taxonomy":"product_cat","embeddable":true,"href":"https:\/\/blidor.ch\/fr\/wp-json\/wp\/v2\/product_cat?post=18441"},{"taxonomy":"product_tag","embeddable":true,"href":"https:\/\/blidor.ch\/fr\/wp-json\/wp\/v2\/product_tag?post=18441"}],"curies":[{"name":"wp","href":"https:\/\/api.w.org\/{rel}","templated":true}]}}