{"id":18428,"date":"2023-10-18T15:34:42","date_gmt":"2023-10-18T13:34:42","guid":{"rendered":"https:\/\/blidor.ch\/?post_type=product&#038;p=18428"},"modified":"2023-10-18T15:37:31","modified_gmt":"2023-10-18T13:37:31","slug":"gel-douche-tea-tree-2","status":"publish","type":"product","link":"https:\/\/blidor.ch\/fr\/webshop\/duschgel-teebaum-refill\/","title":{"rendered":"Gel douche Arbre \u00e0 th\u00e9 (Recharge)"},"content":{"rendered":"<h2>Gel douche \u00e0 l'arbre \u00e0 th\u00e9 - un nettoyage en douceur pour les peaux irrit\u00e9es<\/h2>\n<p><a href=\"\/fr\/arbre-a-the\/\">Huile d'arbre \u00e0 th\u00e9<\/a> est une huile pr\u00e9cieuse aux multiples propri\u00e9t\u00e9s. Elle est surtout utilis\u00e9e dans les soins de la peau, en cas de peau s\u00e8che, d'inflammations, de ger\u00e7ures ou d'impuret\u00e9s cutan\u00e9es. Gr\u00e2ce au <a href=\"\/fr\/arbre-a-the\/\">Huile d'arbre \u00e0 th\u00e9<\/a> ce gel douche a un effet tr\u00e8s rafra\u00eechissant et apporte aux peaux grasses ou squameuses le soin dont elles ont besoin. Pour les soins quotidiens, il nettoie la peau en douceur et en profondeur.<\/p>\n<p>&nbsp;<\/p>\n<h2>Propri\u00e9t\u00e9 et effet<\/h2>\n<ul>\n<li>L'huile pr\u00e9cieuse d'arbre \u00e0 th\u00e9 active la circulation et a un effet rafra\u00eechissant<\/li>\n<li>Convient aux peaux sensibles<\/li>\n<li>Nettoie en douceur et en profondeur<\/li>\n<li>Particuli\u00e8rement b\u00e9n\u00e9fique apr\u00e8s un effort physique ou en cas de rhume<\/li>\n<\/ul>\n<p>&nbsp;<\/p>\n<h2><a href=\"\/fr\/arbre-a-the\/\">Arbre \u00e0 th\u00e9<\/a> dans les cosm\u00e9tiques<\/h2>\n<p>Gr\u00e2ce \u00e0 ses propri\u00e9t\u00e9s antibact\u00e9riennes, anti-inflammatoires et antiseptiques, l'huile d'arbre \u00e0 th\u00e9 australienne pr\u00e9sente de nombreux avantages pour les soins de la peau. Elle peut aider \u00e0 lutter contre l'acn\u00e9 en r\u00e9duisant les bact\u00e9ries et l'inflammation. En outre, elle peut aider \u00e0 minimiser l'apparence des cicatrices, des taches pigmentaires et d'autres imperfections cutan\u00e9es.<\/p>","protected":false},"excerpt":{"rendered":"<p>Le gel douche bienfaisant Arbre \u00e0 th\u00e9 apr\u00e8s un effort physique, enrichi en huile d'arbre \u00e0 th\u00e9 australienne pure, qui active et rafra\u00eechit la circulation sanguine.<\/p>","protected":false},"featured_media":15125,"comment_status":"open","ping_status":"closed","template":"","meta":[],"product_brand":[],"product_cat":[918,35,30],"product_tag":[64,621,622,623],"class_list":{"0":"post-18428","1":"product","2":"type-product","3":"status-publish","4":"has-post-thumbnail","6":"product_cat-duschmittel","7":"product_cat-koerper","8":"product_cat-kosmetik","9":"product_tag-kosmetik-teebaumoel","10":"product_tag-teebaum","11":"product_tag-teebaumoel","12":"product_tag-trockene-haut","14":"first","15":"instock","16":"taxable","17":"shipping-taxable","18":"purchasable","19":"product-type-simple"},"_links":{"self":[{"href":"https:\/\/blidor.ch\/fr\/wp-json\/wp\/v2\/product\/18428","targetHints":{"allow":["GET"]}}],"collection":[{"href":"https:\/\/blidor.ch\/fr\/wp-json\/wp\/v2\/product"}],"about":[{"href":"https:\/\/blidor.ch\/fr\/wp-json\/wp\/v2\/types\/product"}],"replies":[{"embeddable":true,"href":"https:\/\/blidor.ch\/fr\/wp-json\/wp\/v2\/comments?post=18428"}],"version-history":[{"count":0,"href":"https:\/\/blidor.ch\/fr\/wp-json\/wp\/v2\/product\/18428\/revisions"}],"wp:featuredmedia":[{"embeddable":true,"href":"https:\/\/blidor.ch\/fr\/wp-json\/wp\/v2\/media\/15125"}],"wp:attachment":[{"href":"https:\/\/blidor.ch\/fr\/wp-json\/wp\/v2\/media?parent=18428"}],"wp:term":[{"taxonomy":"product_brand","embeddable":true,"href":"https:\/\/blidor.ch\/fr\/wp-json\/wp\/v2\/product_brand?post=18428"},{"taxonomy":"product_cat","embeddable":true,"href":"https:\/\/blidor.ch\/fr\/wp-json\/wp\/v2\/product_cat?post=18428"},{"taxonomy":"product_tag","embeddable":true,"href":"https:\/\/blidor.ch\/fr\/wp-json\/wp\/v2\/product_tag?post=18428"}],"curies":[{"name":"wp","href":"https:\/\/api.w.org\/{rel}","templated":true}]}}