{"id":18413,"date":"2023-10-18T14:11:45","date_gmt":"2023-10-18T12:11:45","guid":{"rendered":"https:\/\/blidor.ch\/?post_type=product&#038;p=18413"},"modified":"2023-10-18T14:22:07","modified_gmt":"2023-10-18T12:22:07","slug":"creme-de-nuit-olive-2","status":"publish","type":"product","link":"https:\/\/blidor.ch\/fr\/webshop\/vorteil-set-tages-nachtcreme-olive\/","title":{"rendered":"Coffret avantage Cr\u00e8me de jour &amp; de nuit Olive"},"content":{"rendered":"<h2>Soin visage r\u00e9g\u00e9n\u00e9rant pour peaux s\u00e8ches<\/h2>\n<p>La cr\u00e8me de nuit <a href=\"\/fr\/olive\/\">Olive<\/a> est \u00e0 base d'huile pr\u00e9cieuse d'olives m\u00fbries au soleil. <a href=\"\/fr\/olive\/\">Olives<\/a> et contient en outre de l'extrait bio de feuilles d'olivier. Depuis des si\u00e8cles, l'huile d'olive est consid\u00e9r\u00e9e comme un produit de beaut\u00e9 unique. Sa composition est similaire \u00e0 celle des lipides de la peau et elle est riche en acides gras insatur\u00e9s, qui sont importants pour la formation de la barri\u00e8re cutan\u00e9e. Les cr\u00e8mes \u00e0 l'huile d'olive peuvent \u00eatre absorb\u00e9es de mani\u00e8re optimale par la peau. C'est une cr\u00e8me qui convient \u00e0 tous les types de peau et qui agit pr\u00e9ventivement contre le dess\u00e8chement de la peau. Elle hydrate durablement notre peau, qui est douce et \u00e9lastique au toucher le matin.<\/p>\n<p>La cr\u00e8me de jour Olive contient \u00e9galement de l'huile pr\u00e9cieuse d'olives m\u00fbries au soleil et de l'extrait bio de feuilles d'olivier. La formule sp\u00e9ciale de cette cr\u00e8me maintient la peau, m\u00eame s\u00e8che, souple et naturellement fra\u00eeche tout au long de la journ\u00e9e. Elle contient une protection UVA\/UVB. Gr\u00e2ce \u00e0 ce soin de jour frais et l\u00e9g\u00e8rement parfum\u00e9, profitez chaque jour de la sensation d'une peau de visage \u00e9lastique.<\/p>\n<h2>Fabriqu\u00e9 en Suisse avec de l'extrait d'olive bio<\/h2>\n<p>Blidor est une entreprise familiale avec une longue tradition. Nous d\u00e9veloppons et fabriquons nos produits nous-m\u00eames \u00e0 Baar.<\/p>","protected":false},"excerpt":{"rendered":"<p>La cr\u00e8me de jour et la cr\u00e8me de nuit Olive favorisent la r\u00e9g\u00e9n\u00e9ration de la peau, stimulent le m\u00e9tabolisme naturel de la peau et l'hydratent intens\u00e9ment.<\/p>","protected":false},"featured_media":1636,"comment_status":"open","ping_status":"closed","template":"","meta":[],"product_brand":[],"product_cat":[31,30],"product_tag":[721,58,720,677,669,623],"class_list":{"0":"post-18413","1":"product","2":"type-product","3":"status-publish","4":"has-post-thumbnail","6":"product_cat-gesicht","7":"product_cat-kosmetik","8":"product_tag-alle-hauttypen","9":"product_tag-kosmetik-olivenoel","10":"product_tag-nachtcreme","11":"product_tag-olivenoel","12":"product_tag-pflege","13":"product_tag-trockene-haut","15":"first","16":"instock","17":"sale","18":"taxable","19":"shipping-taxable","20":"purchasable","21":"product-type-simple"},"_links":{"self":[{"href":"https:\/\/blidor.ch\/fr\/wp-json\/wp\/v2\/product\/18413","targetHints":{"allow":["GET"]}}],"collection":[{"href":"https:\/\/blidor.ch\/fr\/wp-json\/wp\/v2\/product"}],"about":[{"href":"https:\/\/blidor.ch\/fr\/wp-json\/wp\/v2\/types\/product"}],"replies":[{"embeddable":true,"href":"https:\/\/blidor.ch\/fr\/wp-json\/wp\/v2\/comments?post=18413"}],"version-history":[{"count":0,"href":"https:\/\/blidor.ch\/fr\/wp-json\/wp\/v2\/product\/18413\/revisions"}],"wp:featuredmedia":[{"embeddable":true,"href":"https:\/\/blidor.ch\/fr\/wp-json\/wp\/v2\/media\/1636"}],"wp:attachment":[{"href":"https:\/\/blidor.ch\/fr\/wp-json\/wp\/v2\/media?parent=18413"}],"wp:term":[{"taxonomy":"product_brand","embeddable":true,"href":"https:\/\/blidor.ch\/fr\/wp-json\/wp\/v2\/product_brand?post=18413"},{"taxonomy":"product_cat","embeddable":true,"href":"https:\/\/blidor.ch\/fr\/wp-json\/wp\/v2\/product_cat?post=18413"},{"taxonomy":"product_tag","embeddable":true,"href":"https:\/\/blidor.ch\/fr\/wp-json\/wp\/v2\/product_tag?post=18413"}],"curies":[{"name":"wp","href":"https:\/\/api.w.org\/{rel}","templated":true}]}}