{"id":18272,"date":"2023-09-26T11:49:15","date_gmt":"2023-09-26T09:49:15","guid":{"rendered":"https:\/\/blidor.ch\/?post_type=product&#038;p=18272"},"modified":"2025-10-30T11:33:02","modified_gmt":"2025-10-30T10:33:02","slug":"set-cadeau-femme","status":"publish","type":"product","link":"https:\/\/blidor.ch\/fr\/webshop\/geschenkset-woman\/","title":{"rendered":"Set cadeau Woman"},"content":{"rendered":"<p>D\u00e9couvrez notre coffret cadeau exclusif Woman - la combinaison parfaite de sagesse et de soins. Il contient le livre inspirant \"F\u00e9minin, sauvage et sage\" ainsi que le luxueux gel douche pour le corps NOLEA Avocado et la cr\u00e8me pour les mains NOLEA Avocado, tous deux des produits cosm\u00e9tiques naturels de qualit\u00e9. Un cadeau qui choie \u00e0 la fois la beaut\u00e9 et l'esprit.<\/p>\n<h2>\"F\u00e9minin, sauvage et sage\"<\/h2>\n<p>L'entrepreneuse Nicole Brandes raconte sa propre histoire de vie inspirante et partage avec ses lectrices ce qu'elle a appris sur le r\u00f4le de la femme au cours de plus de vingt ans d'exp\u00e9rience de coaching dans le monde des affaires. L'auteure fait confiance \u00e0 l'\u00e9nergie f\u00e9minine et au pouvoir de la pens\u00e9e comme m\u00e9thodes de coaching pour vous lib\u00e9rer de vos peurs et vous rapprocher petit \u00e0 petit de vos r\u00eaves.<\/p>\n<h2>Ce coffret cadeau contient<\/h2>\n<ul>\n<li>NOLEA Cr\u00e8me pour les mains \u00e0 l'avocat<\/li>\n<li>NOLEA Gel douche corporel \u00e0 l'avocat<\/li>\n<li>Livre \"F\u00e9minin, sauvage et sage<\/li>\n<li>Sac en papier<\/li>\n<\/ul>","protected":false},"excerpt":{"rendered":"<p>G\u00e2te-toi ou fais plaisir \u00e0 ceux que tu aimes avec notre set cadeau Woman - sagesse et cosm\u00e9tique naturelle dans un emballage \u00e9l\u00e9gant.<\/p>","protected":false},"featured_media":18329,"comment_status":"open","ping_status":"closed","template":"","meta":[],"product_brand":[],"product_cat":[881,33,35,39],"product_tag":[],"class_list":{"0":"post-18272","1":"product","2":"type-product","3":"status-publish","4":"has-post-thumbnail","6":"product_cat-geschenksets","7":"product_cat-hand-und-fuss","8":"product_cat-koerper","9":"product_cat-naturkosmetik","11":"first","12":"instock","13":"taxable","14":"shipping-taxable","15":"purchasable","16":"product-type-simple"},"_links":{"self":[{"href":"https:\/\/blidor.ch\/fr\/wp-json\/wp\/v2\/product\/18272","targetHints":{"allow":["GET"]}}],"collection":[{"href":"https:\/\/blidor.ch\/fr\/wp-json\/wp\/v2\/product"}],"about":[{"href":"https:\/\/blidor.ch\/fr\/wp-json\/wp\/v2\/types\/product"}],"replies":[{"embeddable":true,"href":"https:\/\/blidor.ch\/fr\/wp-json\/wp\/v2\/comments?post=18272"}],"version-history":[{"count":1,"href":"https:\/\/blidor.ch\/fr\/wp-json\/wp\/v2\/product\/18272\/revisions"}],"predecessor-version":[{"id":21512,"href":"https:\/\/blidor.ch\/fr\/wp-json\/wp\/v2\/product\/18272\/revisions\/21512"}],"wp:featuredmedia":[{"embeddable":true,"href":"https:\/\/blidor.ch\/fr\/wp-json\/wp\/v2\/media\/18329"}],"wp:attachment":[{"href":"https:\/\/blidor.ch\/fr\/wp-json\/wp\/v2\/media?parent=18272"}],"wp:term":[{"taxonomy":"product_brand","embeddable":true,"href":"https:\/\/blidor.ch\/fr\/wp-json\/wp\/v2\/product_brand?post=18272"},{"taxonomy":"product_cat","embeddable":true,"href":"https:\/\/blidor.ch\/fr\/wp-json\/wp\/v2\/product_cat?post=18272"},{"taxonomy":"product_tag","embeddable":true,"href":"https:\/\/blidor.ch\/fr\/wp-json\/wp\/v2\/product_tag?post=18272"}],"curies":[{"name":"wp","href":"https:\/\/api.w.org\/{rel}","templated":true}]}}