{"id":18271,"date":"2023-09-26T11:49:13","date_gmt":"2023-09-26T09:49:13","guid":{"rendered":"https:\/\/blidor.ch\/?post_type=product&#038;p=18271"},"modified":"2025-10-30T11:37:37","modified_gmt":"2025-10-30T10:37:37","slug":"set-cadeau-hommes","status":"publish","type":"product","link":"https:\/\/blidor.ch\/fr\/webshop\/geschenkset-men\/","title":{"rendered":"Set cadeau Men"},"content":{"rendered":"<p>S\u00fbr de lui, styl\u00e9 et incomparablement masculin - notre set cadeau Men r\u00e9pond au go\u00fbt des hommes exigeants. Le sac en papier blanc avec un n\u0153ud dor\u00e9 conf\u00e8re au set une note raffin\u00e9e. Contenu : Gel douche VIVO, VIVO DEO et Baume apr\u00e8s-rasage Camomille.<\/p>\n<p>Pour une pr\u00e9sentation parfaite, nous proposons en outre <a href=\"\/fr\/boutique-en-ligne\/vivo-eau-de-toilette\/\">VIVO Eau de Toilette<\/a> \u00e0 l'attention de tous. Un cadeau qui fait impression. Fais plaisir \u00e0 un homme sp\u00e9cial, que ce soit pour un anniversaire, un jubil\u00e9 ou simplement pour lui t\u00e9moigner ton estime. Emball\u00e9 avec \u00e9l\u00e9gance, un cadeau qui a du style.<\/p>\n<h2>Ce coffret cadeau contient<\/h2>\n<ul>\n<li>VIVO Gel douche<\/li>\n<li>VIVO DEO<\/li>\n<li>Baume apr\u00e8s-rasage Camomille<\/li>\n<li>Sac en papier<\/li>\n<\/ul>","protected":false},"excerpt":{"rendered":"<p>Faites-vous plaisir ou offrez un cadeau \u00e0 un homme sp\u00e9cial avec notre set cadeau Men. VIVO convient toujours.<\/p>","protected":false},"featured_media":21514,"comment_status":"open","ping_status":"closed","template":"","meta":[],"product_brand":[],"product_cat":[871,918,881,31,35,30],"product_tag":[],"class_list":{"0":"post-18271","1":"product","2":"type-product","3":"status-publish","4":"has-post-thumbnail","6":"product_cat-antitranspirant-deo","7":"product_cat-duschmittel","8":"product_cat-geschenksets","9":"product_cat-gesicht","10":"product_cat-koerper","11":"product_cat-kosmetik","13":"first","14":"instock","15":"taxable","16":"shipping-taxable","17":"purchasable","18":"product-type-simple"},"_links":{"self":[{"href":"https:\/\/blidor.ch\/fr\/wp-json\/wp\/v2\/product\/18271","targetHints":{"allow":["GET"]}}],"collection":[{"href":"https:\/\/blidor.ch\/fr\/wp-json\/wp\/v2\/product"}],"about":[{"href":"https:\/\/blidor.ch\/fr\/wp-json\/wp\/v2\/types\/product"}],"replies":[{"embeddable":true,"href":"https:\/\/blidor.ch\/fr\/wp-json\/wp\/v2\/comments?post=18271"}],"version-history":[{"count":3,"href":"https:\/\/blidor.ch\/fr\/wp-json\/wp\/v2\/product\/18271\/revisions"}],"predecessor-version":[{"id":21515,"href":"https:\/\/blidor.ch\/fr\/wp-json\/wp\/v2\/product\/18271\/revisions\/21515"}],"wp:featuredmedia":[{"embeddable":true,"href":"https:\/\/blidor.ch\/fr\/wp-json\/wp\/v2\/media\/21514"}],"wp:attachment":[{"href":"https:\/\/blidor.ch\/fr\/wp-json\/wp\/v2\/media?parent=18271"}],"wp:term":[{"taxonomy":"product_brand","embeddable":true,"href":"https:\/\/blidor.ch\/fr\/wp-json\/wp\/v2\/product_brand?post=18271"},{"taxonomy":"product_cat","embeddable":true,"href":"https:\/\/blidor.ch\/fr\/wp-json\/wp\/v2\/product_cat?post=18271"},{"taxonomy":"product_tag","embeddable":true,"href":"https:\/\/blidor.ch\/fr\/wp-json\/wp\/v2\/product_tag?post=18271"}],"curies":[{"name":"wp","href":"https:\/\/api.w.org\/{rel}","templated":true}]}}