{"id":18267,"date":"2023-09-26T11:45:42","date_gmt":"2023-09-26T09:45:42","guid":{"rendered":"https:\/\/blidor.ch\/?post_type=product&#038;p=18267"},"modified":"2025-10-30T11:39:39","modified_gmt":"2025-10-30T10:39:39","slug":"set-cadeau-copie-dechantillon","status":"publish","type":"product","link":"https:\/\/blidor.ch\/fr\/webshop\/geschenkset-winterzauber-2\/","title":{"rendered":"Coffret cadeau Magie d'hiver"},"content":{"rendered":"<p>D\u00e9couvre la magie de l'hiver avec notre set cadeau exclusif Magie d'hiver ! Le sac en papier blanc orn\u00e9 d'un \u00e9l\u00e9gant n\u0153ud dor\u00e9 contient notre parfum d'ambiance Winterzauber - un m\u00e9lange harmonieux d'orange, de cannelle, de clous de girofle et d'un soup\u00e7on de musc. Il est accompagn\u00e9 d'une bougie qui r\u00e9chauffe. Un cadeau qui apporte de la convivialit\u00e9 et de la f\u00eate dans ton espace. Profite de la magie de l'hiver !<\/p>\n<h2>Ce coffret cadeau contient<\/h2>\n<ul>\n<li>Parfum d'ambiance Magie d'hiver<\/li>\n<li>Bougie Rustico<\/li>\n<li>Sac en papier<\/li>\n<\/ul>","protected":false},"excerpt":{"rendered":"<p>Superbe set cadeau avec bougie et parfum d'ambiance Magie d'hiver avec un emballage \u00e9l\u00e9gant.<\/p>","protected":false},"featured_media":21508,"comment_status":"open","ping_status":"closed","template":"","meta":[],"product_brand":[],"product_cat":[38,881],"product_tag":[],"class_list":{"0":"post-18267","1":"product","2":"type-product","3":"status-publish","4":"has-post-thumbnail","6":"product_cat-duft","7":"product_cat-geschenksets","9":"first","10":"instock","11":"taxable","12":"shipping-taxable","13":"purchasable","14":"product-type-simple"},"_links":{"self":[{"href":"https:\/\/blidor.ch\/fr\/wp-json\/wp\/v2\/product\/18267","targetHints":{"allow":["GET"]}}],"collection":[{"href":"https:\/\/blidor.ch\/fr\/wp-json\/wp\/v2\/product"}],"about":[{"href":"https:\/\/blidor.ch\/fr\/wp-json\/wp\/v2\/types\/product"}],"replies":[{"embeddable":true,"href":"https:\/\/blidor.ch\/fr\/wp-json\/wp\/v2\/comments?post=18267"}],"version-history":[{"count":1,"href":"https:\/\/blidor.ch\/fr\/wp-json\/wp\/v2\/product\/18267\/revisions"}],"predecessor-version":[{"id":20670,"href":"https:\/\/blidor.ch\/fr\/wp-json\/wp\/v2\/product\/18267\/revisions\/20670"}],"wp:featuredmedia":[{"embeddable":true,"href":"https:\/\/blidor.ch\/fr\/wp-json\/wp\/v2\/media\/21508"}],"wp:attachment":[{"href":"https:\/\/blidor.ch\/fr\/wp-json\/wp\/v2\/media?parent=18267"}],"wp:term":[{"taxonomy":"product_brand","embeddable":true,"href":"https:\/\/blidor.ch\/fr\/wp-json\/wp\/v2\/product_brand?post=18267"},{"taxonomy":"product_cat","embeddable":true,"href":"https:\/\/blidor.ch\/fr\/wp-json\/wp\/v2\/product_cat?post=18267"},{"taxonomy":"product_tag","embeddable":true,"href":"https:\/\/blidor.ch\/fr\/wp-json\/wp\/v2\/product_tag?post=18267"}],"curies":[{"name":"wp","href":"https:\/\/api.w.org\/{rel}","templated":true}]}}