{"id":18262,"date":"2023-09-26T11:42:12","date_gmt":"2023-09-26T09:42:12","guid":{"rendered":"https:\/\/blidor.ch\/?post_type=product&#038;p=18262"},"modified":"2025-10-30T11:33:47","modified_gmt":"2025-10-30T10:33:47","slug":"set-cadeau-mauve","status":"publish","type":"product","link":"https:\/\/blidor.ch\/fr\/webshop\/geschenkset-malve\/","title":{"rendered":"Coffret cadeau Mauve"},"content":{"rendered":"<p>Fais-toi plaisir ou fais plaisir \u00e0 tes proches avec notre set cadeau Mauve. Notre mousse de douche et notre lotion corporelle \u00e0 la mauve sont exactement ce qu'il faut pour ta peau s\u00e8che, irrit\u00e9e ou sensible. Elles hydratent g\u00e9n\u00e9reusement et apaisent ta peau en douceur. Et pour la douceur, il y a le d\u00e9licieux miel suisse. Le tout est emball\u00e9 avec soin dans un \u00e9l\u00e9gant sac en papier blanc orn\u00e9 d'un ruban dor\u00e9. Offre-toi cette pause luxueuse pour le corps et les sens !<\/p>\n<h2>Ce coffret cadeau contient<\/h2>\n<ul>\n<li>Mousse de douche \u00e0 la mauve<\/li>\n<li>Lotion corporelle \u00e0 la mauve<\/li>\n<li>Miel suisse (125 g)<\/li>\n<li>Sac en papier<\/li>\n<\/ul>","protected":false},"excerpt":{"rendered":"<p>D\u00e9couvre le coffret cadeau Mauve : des soins doux pour ta peau dans un emballage \u00e9l\u00e9gant. Le cadeau id\u00e9al pour des moments rayonnants.<\/p>","protected":false},"featured_media":19668,"comment_status":"open","ping_status":"closed","template":"","meta":[],"product_brand":[],"product_cat":[920,918,881,35,30],"product_tag":[],"class_list":{"0":"post-18262","1":"product","2":"type-product","3":"status-publish","4":"has-post-thumbnail","6":"product_cat-bodylotion","7":"product_cat-duschmittel","8":"product_cat-geschenksets","9":"product_cat-koerper","10":"product_cat-kosmetik","12":"first","13":"instock","14":"taxable","15":"shipping-taxable","16":"purchasable","17":"product-type-simple"},"_links":{"self":[{"href":"https:\/\/blidor.ch\/fr\/wp-json\/wp\/v2\/product\/18262","targetHints":{"allow":["GET"]}}],"collection":[{"href":"https:\/\/blidor.ch\/fr\/wp-json\/wp\/v2\/product"}],"about":[{"href":"https:\/\/blidor.ch\/fr\/wp-json\/wp\/v2\/types\/product"}],"replies":[{"embeddable":true,"href":"https:\/\/blidor.ch\/fr\/wp-json\/wp\/v2\/comments?post=18262"}],"version-history":[{"count":1,"href":"https:\/\/blidor.ch\/fr\/wp-json\/wp\/v2\/product\/18262\/revisions"}],"predecessor-version":[{"id":21511,"href":"https:\/\/blidor.ch\/fr\/wp-json\/wp\/v2\/product\/18262\/revisions\/21511"}],"wp:featuredmedia":[{"embeddable":true,"href":"https:\/\/blidor.ch\/fr\/wp-json\/wp\/v2\/media\/19668"}],"wp:attachment":[{"href":"https:\/\/blidor.ch\/fr\/wp-json\/wp\/v2\/media?parent=18262"}],"wp:term":[{"taxonomy":"product_brand","embeddable":true,"href":"https:\/\/blidor.ch\/fr\/wp-json\/wp\/v2\/product_brand?post=18262"},{"taxonomy":"product_cat","embeddable":true,"href":"https:\/\/blidor.ch\/fr\/wp-json\/wp\/v2\/product_cat?post=18262"},{"taxonomy":"product_tag","embeddable":true,"href":"https:\/\/blidor.ch\/fr\/wp-json\/wp\/v2\/product_tag?post=18262"}],"curies":[{"name":"wp","href":"https:\/\/api.w.org\/{rel}","templated":true}]}}