{"id":18260,"date":"2023-09-26T11:40:51","date_gmt":"2023-09-26T09:40:51","guid":{"rendered":"https:\/\/blidor.ch\/?post_type=product&#038;p=18260"},"modified":"2023-10-16T15:30:08","modified_gmt":"2023-10-16T13:30:08","slug":"set-cadeau-olive","status":"publish","type":"product","link":"https:\/\/blidor.ch\/fr\/webshop\/geschenkset-olive\/","title":{"rendered":"Coffret cadeau Olive"},"content":{"rendered":"<p>G\u00e2te-toi ou fais plaisir \u00e0 ceux que tu aimes avec notre set cadeau exclusif Olive. Dans ce coffret, tu trouveras une cr\u00e8me riche pour les mains et une cr\u00e8me revitalisante pour les pieds, toutes deux \u00e0 l'extrait bienfaisant d'olive. Parfait pour ta peau s\u00e8che et gerc\u00e9e. Accompagn\u00e9es d'un d\u00e9licieux miel suisse pour choyer tes sens. Le tout soigneusement emball\u00e9 dans une \u00e9l\u00e9gante pochette en papier blanc avec un n\u0153ud dor\u00e9 brillant. Offre-toi le meilleur, tu le m\u00e9rites !<\/p>\n<h2>Ce coffret cadeau contient<\/h2>\n<ul>\n<li>Cr\u00e8me pour les mains Olive<\/li>\n<li>Cr\u00e8me pour les pieds Olive<\/li>\n<li>Miel suisse (125 g)<\/li>\n<li>Sac en papier<\/li>\n<\/ul>","protected":false},"excerpt":{"rendered":"<p>D\u00e9couvre le pouvoir de l'olive ! Notre set cadeau avec cr\u00e8me pour les mains et les pieds, miel suisse et emballage \u00e9l\u00e9gant. Pour une peau soign\u00e9e et un pur plaisir.<\/p>","protected":false},"featured_media":18326,"comment_status":"open","ping_status":"closed","template":"","meta":[],"product_brand":[],"product_cat":[881,33,30],"product_tag":[],"class_list":{"0":"post-18260","1":"product","2":"type-product","3":"status-publish","4":"has-post-thumbnail","6":"product_cat-geschenksets","7":"product_cat-hand-und-fuss","8":"product_cat-kosmetik","10":"first","11":"instock","12":"taxable","13":"shipping-taxable","14":"purchasable","15":"product-type-simple"},"_links":{"self":[{"href":"https:\/\/blidor.ch\/fr\/wp-json\/wp\/v2\/product\/18260","targetHints":{"allow":["GET"]}}],"collection":[{"href":"https:\/\/blidor.ch\/fr\/wp-json\/wp\/v2\/product"}],"about":[{"href":"https:\/\/blidor.ch\/fr\/wp-json\/wp\/v2\/types\/product"}],"replies":[{"embeddable":true,"href":"https:\/\/blidor.ch\/fr\/wp-json\/wp\/v2\/comments?post=18260"}],"version-history":[{"count":0,"href":"https:\/\/blidor.ch\/fr\/wp-json\/wp\/v2\/product\/18260\/revisions"}],"wp:featuredmedia":[{"embeddable":true,"href":"https:\/\/blidor.ch\/fr\/wp-json\/wp\/v2\/media\/18326"}],"wp:attachment":[{"href":"https:\/\/blidor.ch\/fr\/wp-json\/wp\/v2\/media?parent=18260"}],"wp:term":[{"taxonomy":"product_brand","embeddable":true,"href":"https:\/\/blidor.ch\/fr\/wp-json\/wp\/v2\/product_brand?post=18260"},{"taxonomy":"product_cat","embeddable":true,"href":"https:\/\/blidor.ch\/fr\/wp-json\/wp\/v2\/product_cat?post=18260"},{"taxonomy":"product_tag","embeddable":true,"href":"https:\/\/blidor.ch\/fr\/wp-json\/wp\/v2\/product_tag?post=18260"}],"curies":[{"name":"wp","href":"https:\/\/api.w.org\/{rel}","templated":true}]}}