{"id":17653,"date":"2023-07-19T11:40:58","date_gmt":"2023-07-19T09:40:58","guid":{"rendered":"https:\/\/blidor.ch\/?post_type=product&#038;p=17653"},"modified":"2023-10-18T13:13:30","modified_gmt":"2023-10-18T11:13:30","slug":"facevitalcream-viola-2","status":"publish","type":"product","link":"https:\/\/blidor.ch\/fr\/webshop\/nolea-avocado-gesichtscreme\/","title":{"rendered":"NOLEA Cr\u00e8me pour le visage \u00e0 l'avocat"},"content":{"rendered":"<div class=\"elementor-element elementor-element-e21712e elementor-widget elementor-widget-heading\" data-id=\"e21712e\" data-element_type=\"widget\" data-widget_type=\"heading.default\">\n<div class=\"elementor-widget-container\">\n<h2>Nat\u00fcrliche Gesichtscreme mit Bio-Avocado\u00f6l<\/h2>\n<\/div>\n<\/div>\n<p>Du wirst die NOLEA Avocado Gesichtscreme lieben! Diese pflegende Gesichtscreme wurde speziell f\u00fcr dich entwickelt, um deine Haut geschmeidig und strahlend zu machen. Mit einer einzigartigen veganen Formel, die sorgf\u00e4ltig ausgew\u00e4hlte nat\u00fcrliche Inhaltsstoffe enth\u00e4lt, wird diese Creme schnell von deiner Haut aufgenommen.<\/p>\n<p><a href=\"\/avocado\/\">Avocado<\/a> Extrakt, ist reich an Vitaminen und N\u00e4hrstoffen, die deine Haut mit Feuchtigkeit versorgen und sie geschmeidig halten. <a href=\"\/olive\/\">Oliven\u00f6l<\/a> hat antioxidative Eigenschaften und sch\u00fctzt deine Haut vor freien Radikalen. Shea Butter ist tiefpflegend und beruhigt deine Haut, w\u00e4hrend Jojoba\u00f6l die Feuchtigkeit speichert und die Haut geschmeidig h\u00e4lt.\u00a0Die Kombination aus Sonnenblumen\u00f6l und Hafer beruhigt und pflegt empfindliche Hautpartien, w\u00e4hrend das enthaltene Bio-Avocado\u00f6l dazu beitr\u00e4gt, die nat\u00fcrliche Elastizit\u00e4t deiner Haut zu erhalten.<\/p>\n<p>Mit der NOLEA Avocado Gesichtscreme kannst du darauf vertrauen, dass nur die besten Inhaltsstoffe deine Haut verw\u00f6hnen. Freu dich auf ein erfrischtes und strahlendes Hautgef\u00fchl, das dich den ganzen Tag begleitet. Tu deiner Haut etwas Gutes und erlebe die sanfte Pflege dieser besonderen Gesichtscreme!<\/p>\n<p>&nbsp;<\/p>\n<div class=\"elementor-element elementor-element-e21712e elementor-widget elementor-widget-heading\" data-id=\"e21712e\" data-element_type=\"widget\" data-widget_type=\"heading.default\">\n<div class=\"elementor-widget-container\">\n<h2 class=\"elementor-heading-title elementor-size-default\"><a href=\"\/avocado\/\">Avocado<\/a> in der Kosmetik<\/h2>\n<\/div>\n<\/div>\n<div class=\"elementor-element elementor-element-30cb491 elementor-widget elementor-widget-text-editor\" data-id=\"30cb491\" data-element_type=\"widget\" data-widget_type=\"text-editor.default\">\n<div class=\"elementor-widget-container\">\n<div class=\"group w-full text-gray-800 dark:text-gray-100 border-b border-black\/10 dark:border-gray-900\/50 bg-gray-50 dark:bg-[#444654]\">\n<div class=\"text-base gap-4 md:gap-6 md:max-w-2xl lg:max-w-xl xl:max-w-3xl p-4 md:py-6 flex lg:px-0 m-auto\">\n<div class=\"relative flex w-[calc(100%-50px)] flex-col gap-1 md:gap-3 lg:w-[calc(100%-115px)]\">\n<div class=\"flex flex-grow flex-col gap-3\">\n<div class=\"min-h-[20px] flex flex-col items-start gap-4 whitespace-pre-wrap\">\n<div class=\"markdown prose w-full break-words dark:prose-invert light\">\n<p>Avocado\u00f6l ist ein h\u00e4ufig genutzter Inhaltsstoff in der <a href=\"\/kosmetik\/\">Kosmetik<\/a> aufgrund seiner feuchtigkeitsspendenden, hautberuhigenden und entz\u00fcndungshemmenden Eigenschaften. Es findet sich oft in Feuchtigkeitscremes, Haarmasken und Lippenbalsam, um Haut und Haar mit Feuchtigkeit zu versorgen, zu beruhigen und zu pflegen. Zus\u00e4tzlich kann Avocado\u00f6l dabei helfen, das Auftreten von feinen Linien und Falten zu reduzieren und die Haut geschmeidig zu halten.<\/p>\n<p>Unsere NOLEA Avocado Gesichtscreme ist vegan, sowie auch die <a href=\"\/webshop\/nolea-avocado-koerperlotion\/\">NOLEA Avocado K\u00f6rperlotion<\/a>, die <a href=\"\/webshop\/nolea-avocado-handcreme\/\">NOLEA Avocado Handcreme<\/a>, das <a href=\"\/webshop\/nolea-avocado-haarshampoo\/\">NOLEA Avocado Haarshampoo<\/a> und das <a href=\"\/webshop\/nolea-avocado-koerperduschgel\/\">NOLEA Avocado K\u00f6rperduschgel<\/a>.<\/p>\n<\/div>\n<\/div>\n<\/div>\n<\/div>\n<\/div>\n<\/div>\n<\/div>\n<\/div>\n","protected":false},"excerpt":{"rendered":"<p>D\u00e9couvre la cosm\u00e9tique naturelle avec la cr\u00e8me pour le visage \u00e0 l'avocat v\u00e9gane NOLEA - pour une peau rayonnante. Soin intensif, facilit\u00e9 d'absorption &amp; aspect jeune de la peau.<\/p>","protected":false},"featured_media":17640,"comment_status":"open","ping_status":"closed","template":"","meta":[],"product_brand":[],"product_cat":[31,30,39],"product_tag":[],"class_list":{"0":"post-17653","1":"product","2":"type-product","3":"status-publish","4":"has-post-thumbnail","6":"product_cat-gesicht","7":"product_cat-kosmetik","8":"product_cat-naturkosmetik","10":"first","11":"instock","12":"taxable","13":"shipping-taxable","14":"purchasable","15":"product-type-variable","16":"has-default-attributes"},"_links":{"self":[{"href":"https:\/\/blidor.ch\/fr\/wp-json\/wp\/v2\/product\/17653","targetHints":{"allow":["GET"]}}],"collection":[{"href":"https:\/\/blidor.ch\/fr\/wp-json\/wp\/v2\/product"}],"about":[{"href":"https:\/\/blidor.ch\/fr\/wp-json\/wp\/v2\/types\/product"}],"replies":[{"embeddable":true,"href":"https:\/\/blidor.ch\/fr\/wp-json\/wp\/v2\/comments?post=17653"}],"version-history":[{"count":0,"href":"https:\/\/blidor.ch\/fr\/wp-json\/wp\/v2\/product\/17653\/revisions"}],"wp:featuredmedia":[{"embeddable":true,"href":"https:\/\/blidor.ch\/fr\/wp-json\/wp\/v2\/media\/17640"}],"wp:attachment":[{"href":"https:\/\/blidor.ch\/fr\/wp-json\/wp\/v2\/media?parent=17653"}],"wp:term":[{"taxonomy":"product_brand","embeddable":true,"href":"https:\/\/blidor.ch\/fr\/wp-json\/wp\/v2\/product_brand?post=17653"},{"taxonomy":"product_cat","embeddable":true,"href":"https:\/\/blidor.ch\/fr\/wp-json\/wp\/v2\/product_cat?post=17653"},{"taxonomy":"product_tag","embeddable":true,"href":"https:\/\/blidor.ch\/fr\/wp-json\/wp\/v2\/product_tag?post=17653"}],"curies":[{"name":"wp","href":"https:\/\/api.w.org\/{rel}","templated":true}]}}