{"id":17652,"date":"2023-07-19T11:43:41","date_gmt":"2023-07-19T09:43:41","guid":{"rendered":"https:\/\/blidor.ch\/?post_type=product&#038;p=17652"},"modified":"2023-10-18T13:17:22","modified_gmt":"2023-10-18T11:17:22","slug":"bodyvitaldusch-viola-2","status":"publish","type":"product","link":"https:\/\/blidor.ch\/fr\/webshop\/nolea-avocado-koerperduschgel\/","title":{"rendered":"NOLEA Gel douche corporel \u00e0 l'avocat"},"content":{"rendered":"<h2>Gel douche naturel \u00e0 l'extrait d'avocat<\/h2>\n<p>Tu vas adorer le gel douche pour le corps NOLEA Avocado ! Ce gel douche hydratant et doux a \u00e9t\u00e9 sp\u00e9cialement con\u00e7u pour tes soins corporels. Il r\u00e9g\u00e9n\u00e8re et apaise ta peau tout en lui apportant une fra\u00eecheur bienfaisante.<\/p>\n<p>Le v\u00e9ritable tr\u00e9sor de ce gel douche r\u00e9side dans ses ingr\u00e9dients de haute qualit\u00e9, qui sont essentiels pour ton corps. L'extrait d'avocat nourrit intens\u00e9ment ta peau et lui apporte des vitamines et des antioxydants essentiels. Ce fruit puissant aide \u00e0 pr\u00e9server l'\u00e9lasticit\u00e9 de la peau et prot\u00e8ge contre les radicaux libres qui ralentissent le vieillissement de ta peau. L'aloe vera, un autre ingr\u00e9dient merveilleux, apaise et soigne ta peau en douceur. Il apaise les irritations et hydrate durablement ta peau pour qu'elle reste souple. Le r\u00e9sultat est une sensation de peau rafra\u00eechie et revigor\u00e9e apr\u00e8s chaque utilisation.<\/p>\n<p>D\u00e9couvre la fra\u00eecheur pure et ressens la r\u00e9g\u00e9n\u00e9ration naturelle - avec le gel douche corporel NOLEA Avocado, ta peau est renforc\u00e9e et choy\u00e9e. Offre-toi ce soin naturel et v\u00e9g\u00e9talien et profite des bienfaits de ses pr\u00e9cieux ingr\u00e9dients. Sens comme ta peau s'\u00e9panouit et rayonne - pr\u00eate \u00e0 conqu\u00e9rir le monde !<\/p>\n<p>&nbsp;<\/p>\n<div class=\"elementor-element elementor-element-e21712e elementor-widget elementor-widget-heading\" data-id=\"e21712e\" data-element_type=\"widget\" data-widget_type=\"heading.default\">\n<div class=\"elementor-widget-container\">\n<h2 class=\"elementor-heading-title elementor-size-default\"><a href=\"\/fr\/avocat\/\">Avocat<\/a> dans les cosm\u00e9tiques<\/h2>\n<p>L'huile d'avocat est un ingr\u00e9dient fr\u00e9quemment utilis\u00e9 dans les <a href=\"\/fr\/cosmetiques\/\">Cosm\u00e9tiques<\/a> en raison de ses propri\u00e9t\u00e9s hydratantes, apaisantes pour la peau et anti-inflammatoires. On la trouve souvent dans les cr\u00e8mes hydratantes, les masques capillaires et les baumes \u00e0 l\u00e8vres pour hydrater, apaiser et soigner la peau et les cheveux. De plus, l'huile d'avocat peut aider \u00e0 r\u00e9duire l'apparition de rides et de ridules et \u00e0 maintenir la souplesse de la peau.<\/p>\n<p>Notre gel douche corporel NOLEA Avocado est v\u00e9g\u00e9talien, tout comme les <a href=\"\/fr\/boutique-en-ligne\/bodyvitalotion-viola-2\/\">NOLEA Lotion corporelle \u00e0 l'avocat<\/a>qui <a href=\"\/fr\/boutique-en-ligne\/creme-vitale-pour-les-mains-viola-2\/\">NOLEA Cr\u00e8me pour les mains \u00e0 l'avocat<\/a>qui <a href=\"\/fr\/boutique-en-ligne\/facevitalcream-viola-2\/\">NOLEA Cr\u00e8me pour le visage \u00e0 l'avocat<\/a> et le <a href=\"\/fr\/boutique-en-ligne\/haarvitalshampoo-viola-2\/\">NOLEA Shampooing \u00e0 l'avocat<\/a>.<\/p>\n<\/div>\n<\/div>","protected":false},"excerpt":{"rendered":"<p>D\u00e9couvre la fra\u00eecheur et la r\u00e9g\u00e9n\u00e9ration \u00e0 l'\u00e9tat pur ! Le gel douche corporel doux NOLEA Avocado \u00e0 l'aloe vera chouchoute ta peau de mani\u00e8re naturelle et v\u00e9g\u00e9talienne. Sens la diff\u00e9rence !<\/p>","protected":false},"featured_media":17643,"comment_status":"open","ping_status":"closed","template":"","meta":[],"product_brand":[],"product_cat":[918,35,30,39],"product_tag":[],"class_list":{"0":"post-17652","1":"product","2":"type-product","3":"status-publish","4":"has-post-thumbnail","6":"product_cat-duschmittel","7":"product_cat-koerper","8":"product_cat-kosmetik","9":"product_cat-naturkosmetik","11":"first","12":"instock","13":"taxable","14":"shipping-taxable","15":"purchasable","16":"product-type-variable","17":"has-default-attributes"},"_links":{"self":[{"href":"https:\/\/blidor.ch\/fr\/wp-json\/wp\/v2\/product\/17652","targetHints":{"allow":["GET"]}}],"collection":[{"href":"https:\/\/blidor.ch\/fr\/wp-json\/wp\/v2\/product"}],"about":[{"href":"https:\/\/blidor.ch\/fr\/wp-json\/wp\/v2\/types\/product"}],"replies":[{"embeddable":true,"href":"https:\/\/blidor.ch\/fr\/wp-json\/wp\/v2\/comments?post=17652"}],"version-history":[{"count":0,"href":"https:\/\/blidor.ch\/fr\/wp-json\/wp\/v2\/product\/17652\/revisions"}],"wp:featuredmedia":[{"embeddable":true,"href":"https:\/\/blidor.ch\/fr\/wp-json\/wp\/v2\/media\/17643"}],"wp:attachment":[{"href":"https:\/\/blidor.ch\/fr\/wp-json\/wp\/v2\/media?parent=17652"}],"wp:term":[{"taxonomy":"product_brand","embeddable":true,"href":"https:\/\/blidor.ch\/fr\/wp-json\/wp\/v2\/product_brand?post=17652"},{"taxonomy":"product_cat","embeddable":true,"href":"https:\/\/blidor.ch\/fr\/wp-json\/wp\/v2\/product_cat?post=17652"},{"taxonomy":"product_tag","embeddable":true,"href":"https:\/\/blidor.ch\/fr\/wp-json\/wp\/v2\/product_tag?post=17652"}],"curies":[{"name":"wp","href":"https:\/\/api.w.org\/{rel}","templated":true}]}}