{"id":17649,"date":"2023-07-19T11:51:04","date_gmt":"2023-07-19T09:51:04","guid":{"rendered":"https:\/\/blidor.ch\/?post_type=product&#038;p=17649"},"modified":"2023-10-18T12:48:16","modified_gmt":"2023-10-18T10:48:16","slug":"bodyvitalotion-viola-2","status":"publish","type":"product","link":"https:\/\/blidor.ch\/fr\/webshop\/nolea-avocado-koerperlotion\/","title":{"rendered":"NOLEA Lotion corporelle \u00e0 l'avocat"},"content":{"rendered":"<h2>Nat\u00fcrliche Bodylotion mit Bio-Avocado\u00f6l<\/h2>\n<p>Entdecke jetzt die NOLEA Avocado K\u00f6rperlotion \u2013 deine sanfte Feuchtigkeitsquelle f\u00fcr eine entspannte und beruhigte Haut! Perfekt nach dem Sonnenbad geeignet, denn sie pflegt vegan, nat\u00fcrlich und effektiv.<\/p>\n<p>Das Geheimnis liegt in der einzigartigen Formel mit wertvollen Inhaltsstoffen: Avocado Extrakt schenkt deiner Haut wertvolle N\u00e4hrstoffe, w\u00e4hrend Oliven\u00f6l sie geschmeidig macht. Jojoba\u00f6l versorgt intensiv mit Feuchtigkeit und Aloe Vera beruhigt und erfrischt deine Haut. Die Kraft von Vitamin E sch\u00fctzt vor sch\u00e4dlichen Umwelteinfl\u00fcssen, w\u00e4hrend Bio-Avocado\u00f6l tief in die Haut eindringt und sie nachhaltig verw\u00f6hnt. So wird deine Haut sp\u00fcrbar weicher und strahlender.<\/p>\n<p>Geniesse das Gef\u00fchl von intensiver Pflege und hol dir die NOLEA Avocado K\u00f6rperlotion \u2013 f\u00fcr ein entspanntes und gesundes Hautgef\u00fchl, jeden Tag! G\u00f6nn dir diese pure Verw\u00f6hnung und f\u00fchl dich wohl in deiner Haut. Dein neuer Beauty-Liebling!<\/p>\n<p>&nbsp;<\/p>\n<div class=\"elementor-element elementor-element-e21712e elementor-widget elementor-widget-heading\" data-id=\"e21712e\" data-element_type=\"widget\" data-widget_type=\"heading.default\">\n<div class=\"elementor-widget-container\">\n<h2 class=\"elementor-heading-title elementor-size-default\"><a href=\"\/avocado\/\">Avocado<\/a> in der Kosmetik<\/h2>\n<\/div>\n<\/div>\n<div class=\"elementor-element elementor-element-30cb491 elementor-widget elementor-widget-text-editor\" data-id=\"30cb491\" data-element_type=\"widget\" data-widget_type=\"text-editor.default\">\n<div class=\"elementor-widget-container\">\n<div class=\"group w-full text-gray-800 dark:text-gray-100 border-b border-black\/10 dark:border-gray-900\/50 bg-gray-50 dark:bg-[#444654]\">\n<div class=\"text-base gap-4 md:gap-6 md:max-w-2xl lg:max-w-xl xl:max-w-3xl p-4 md:py-6 flex lg:px-0 m-auto\">\n<div class=\"relative flex w-[calc(100%-50px)] flex-col gap-1 md:gap-3 lg:w-[calc(100%-115px)]\">\n<div class=\"flex flex-grow flex-col gap-3\">\n<div class=\"min-h-[20px] flex flex-col items-start gap-4 whitespace-pre-wrap\">\n<div class=\"markdown prose w-full break-words dark:prose-invert light\">\n<p>Avocado\u00f6l ist ein h\u00e4ufig genutzter Inhaltsstoff in der Kosmetik aufgrund seiner feuchtigkeitsspendenden, hautberuhigenden und entz\u00fcndungshemmenden Eigenschaften. Es findet sich oft in Feuchtigkeitscremes, Haarmasken und Lippenbalsam, um Haut und Haar mit Feuchtigkeit zu versorgen, zu beruhigen und zu pflegen. Zus\u00e4tzlich kann Avocado\u00f6l dabei helfen, das Auftreten von feinen Linien und Falten zu reduzieren und die Haut geschmeidig zu halten.<\/p>\n<p>Unsere NOLEA Avocado K\u00f6rperlotion ist vegan, sowie auch die <a href=\"\/webshop\/nolea-avocado-handcreme\/\">NOLEA Avocado Handcreme<\/a>, die <a href=\"\/webshop\/nolea-avocado-gesichtscreme\/\">NOLEA Avocado Gesichtscreme<\/a>, das <a href=\"\/webshop\/nolea-avocado-haarshampoo\/\">NOLEA Avocado Haarshampoo<\/a> und das <a href=\"\/webshop\/nolea-avocado-koerperduschgel\/\">NOLEA Avocado K\u00f6rperduschgel<\/a>.<\/p>\n<\/div>\n<\/div>\n<\/div>\n<\/div>\n<\/div>\n<\/div>\n<\/div>\n<\/div>\n","protected":false},"excerpt":{"rendered":"<p>Fais l'exp\u00e9rience d'un pur plaisir avec la lotion corporelle NOLEA Avocado ! Hydrate ta peau en douceur et l'apaise - pour une beaut\u00e9 \u00e9clatante !<\/p>","protected":false},"featured_media":17644,"comment_status":"open","ping_status":"closed","template":"","meta":[],"product_brand":[],"product_cat":[920,35,30,39],"product_tag":[],"class_list":{"0":"post-17649","1":"product","2":"type-product","3":"status-publish","4":"has-post-thumbnail","6":"product_cat-bodylotion","7":"product_cat-koerper","8":"product_cat-kosmetik","9":"product_cat-naturkosmetik","11":"first","12":"instock","13":"taxable","14":"shipping-taxable","15":"purchasable","16":"product-type-variable","17":"has-default-attributes"},"_links":{"self":[{"href":"https:\/\/blidor.ch\/fr\/wp-json\/wp\/v2\/product\/17649","targetHints":{"allow":["GET"]}}],"collection":[{"href":"https:\/\/blidor.ch\/fr\/wp-json\/wp\/v2\/product"}],"about":[{"href":"https:\/\/blidor.ch\/fr\/wp-json\/wp\/v2\/types\/product"}],"replies":[{"embeddable":true,"href":"https:\/\/blidor.ch\/fr\/wp-json\/wp\/v2\/comments?post=17649"}],"version-history":[{"count":0,"href":"https:\/\/blidor.ch\/fr\/wp-json\/wp\/v2\/product\/17649\/revisions"}],"wp:featuredmedia":[{"embeddable":true,"href":"https:\/\/blidor.ch\/fr\/wp-json\/wp\/v2\/media\/17644"}],"wp:attachment":[{"href":"https:\/\/blidor.ch\/fr\/wp-json\/wp\/v2\/media?parent=17649"}],"wp:term":[{"taxonomy":"product_brand","embeddable":true,"href":"https:\/\/blidor.ch\/fr\/wp-json\/wp\/v2\/product_brand?post=17649"},{"taxonomy":"product_cat","embeddable":true,"href":"https:\/\/blidor.ch\/fr\/wp-json\/wp\/v2\/product_cat?post=17649"},{"taxonomy":"product_tag","embeddable":true,"href":"https:\/\/blidor.ch\/fr\/wp-json\/wp\/v2\/product_tag?post=17649"}],"curies":[{"name":"wp","href":"https:\/\/api.w.org\/{rel}","templated":true}]}}