{"id":16686,"date":"2023-05-10T10:34:02","date_gmt":"2023-05-10T08:34:02","guid":{"rendered":"https:\/\/blidor.ch\/?post_type=product&#038;p=16686"},"modified":"2023-10-18T20:20:13","modified_gmt":"2023-10-18T18:20:13","slug":"lotion-corporelle-mauve-2","status":"publish","type":"product","link":"https:\/\/blidor.ch\/fr\/webshop\/bodylotion-gruentee\/","title":{"rendered":"Lotion corporelle au th\u00e9 vert"},"content":{"rendered":"<h2>Soin harmonisant avec la lotion corporelle au th\u00e9 vert<\/h2>\n<p>D\u00e9couvre l'effet harmonisant du th\u00e9 vert et prends soin de ta peau avec notre lotion corporelle au th\u00e9 vert. Enrichie d'ingr\u00e9dients de qualit\u00e9 tels que l'extrait de th\u00e9 vert, l'huile de tournesol, <a href=\"\/fr\/beurre-de-karite\/\">Beurre de karit\u00e9<\/a>, huile d'argan, <a href=\"\/fr\/aloe-vera\/\">Aloe Vera<\/a> et de vitamine D, elle hydrate et nourrit ta peau. Sa texture l\u00e9g\u00e8re p\u00e9n\u00e8tre rapidement et laisse une agr\u00e9able sensation sur la peau.<\/p>\n<p>Profite du parfum rafra\u00eechissant du th\u00e9 vert et fais du bien \u00e0 ta peau. Pour une peau soign\u00e9e et rayonnante tous les jours !<\/p>\n<h2>Id\u00e9al apr\u00e8s un bain de soleil<\/h2>\n<p>Notre lotion corporelle au th\u00e9 vert est le choix id\u00e9al apr\u00e8s une journ\u00e9e au soleil. Enrichie de pr\u00e9cieux ingr\u00e9dients comme l'extrait de th\u00e9 vert, <a href=\"\/fr\/aloe-vera\/\">Aloe Vera<\/a> et de vitamine D, elle apaise la peau apr\u00e8s l'exposition au soleil et l'hydrate. Profitez-en d\u00e8s maintenant, car cette lotion n'est disponible que pour une dur\u00e9e limit\u00e9e !<\/p>","protected":false},"excerpt":{"rendered":"<p>La lotion corporelle au th\u00e9 vert enrichie d'aloe vera, de beurre de karit\u00e9 et d'autres ingr\u00e9dients pr\u00e9cieux pour une peau soign\u00e9e et rayonnante au quotidien !<\/p>","protected":false},"featured_media":16706,"comment_status":"open","ping_status":"closed","template":"","meta":[],"product_brand":[],"product_cat":[920,35,30],"product_tag":[],"class_list":{"0":"post-16686","1":"product","2":"type-product","3":"status-publish","4":"has-post-thumbnail","6":"product_cat-bodylotion","7":"product_cat-koerper","8":"product_cat-kosmetik","10":"first","11":"instock","12":"taxable","13":"shipping-taxable","14":"purchasable","15":"product-type-simple"},"_links":{"self":[{"href":"https:\/\/blidor.ch\/fr\/wp-json\/wp\/v2\/product\/16686","targetHints":{"allow":["GET"]}}],"collection":[{"href":"https:\/\/blidor.ch\/fr\/wp-json\/wp\/v2\/product"}],"about":[{"href":"https:\/\/blidor.ch\/fr\/wp-json\/wp\/v2\/types\/product"}],"replies":[{"embeddable":true,"href":"https:\/\/blidor.ch\/fr\/wp-json\/wp\/v2\/comments?post=16686"}],"version-history":[{"count":0,"href":"https:\/\/blidor.ch\/fr\/wp-json\/wp\/v2\/product\/16686\/revisions"}],"wp:featuredmedia":[{"embeddable":true,"href":"https:\/\/blidor.ch\/fr\/wp-json\/wp\/v2\/media\/16706"}],"wp:attachment":[{"href":"https:\/\/blidor.ch\/fr\/wp-json\/wp\/v2\/media?parent=16686"}],"wp:term":[{"taxonomy":"product_brand","embeddable":true,"href":"https:\/\/blidor.ch\/fr\/wp-json\/wp\/v2\/product_brand?post=16686"},{"taxonomy":"product_cat","embeddable":true,"href":"https:\/\/blidor.ch\/fr\/wp-json\/wp\/v2\/product_cat?post=16686"},{"taxonomy":"product_tag","embeddable":true,"href":"https:\/\/blidor.ch\/fr\/wp-json\/wp\/v2\/product_tag?post=16686"}],"curies":[{"name":"wp","href":"https:\/\/api.w.org\/{rel}","templated":true}]}}