{"id":1600,"date":"2020-12-23T13:11:23","date_gmt":"2020-12-23T12:11:23","guid":{"rendered":"http:\/\/blidor-webshop-staging.ch.merlin.ch-meta.net\/?post_type=product&#038;p=1600"},"modified":"2023-10-23T13:15:31","modified_gmt":"2023-10-23T11:15:31","slug":"bli-hd20-desinfection-des-cheveux","status":"publish","type":"product","link":"https:\/\/blidor.ch\/fr\/webshop\/bli-hd20\/","title":{"rendered":"BLI-HD20 Hygi\u00e8ne des mains"},"content":{"rendered":"<h2>BLI-HD\u00ae 20 Hygi\u00e8ne des mains<\/h2>\n<p><a href=\"\/fr\/cat\/hygiene\/\">Hygi\u00e8ne des mains<\/a>\u00e0 frotter sur la peau. BLI-HD20\u00ae est sp\u00e9cialement adapt\u00e9 \u00e0 l'hygi\u00e8ne r\u00e9p\u00e9t\u00e9e des mains. Test\u00e9 dermatologiquement avec la mention tr\u00e8s bien. L'hygi\u00e8ne des mains est un aspect important dans la vie quotidienne, qui est pertinent pour la pr\u00e9vention des infections nosocomiales et la prophylaxie de l'hygi\u00e8ne. BLI-HD20\u00ae est un produit d'hygi\u00e8ne des mains hautement efficace et respectueux de la peau.<\/p>\n<h2>Caract\u00e9ristiques de l'hygi\u00e8ne des mains<\/h2>\n<ul>\n<li>Exempt de ph\u00e9nols, d'ald\u00e9hydes et de compos\u00e9s d'ammonium quaternaire<\/li>\n<li>Test\u00e9 dermatologiquement avec la note <strong>\"tr\u00e8s bien\"<\/strong><\/li>\n<li>Tr\u00e8s peu d'alcool (16%)<\/li>\n<li>Non inflammable<\/li>\n<li>Pas de contraintes particuli\u00e8res de stockage et de transport<\/li>\n<\/ul>\n<h2>L'hygi\u00e8ne des mains en voyage<\/h2>\n<p>Le BLI-HD20\u00ae est id\u00e9al comme <a href=\"\/fr\/cat\/hygiene\/\">Hygi\u00e8ne des mains<\/a> pour les d\u00e9placements - que ce soit au quotidien, en voyage ou d\u00e9pos\u00e9 dans la voiture. Voici comment utiliser <a href=\"\/fr\/cat\/hygiene\/\">Hygi\u00e8ne des mains<\/a> au moment o\u00f9 on en a besoin.<\/p>\n<p><img decoding=\"async\" class=\"alignnone size-full wp-image-4485\" src=\"\/wp-content\/uploads\/Dermatest_D-150x150-1.gif\" alt=\"\" width=\"150\" height=\"150\" \/><\/p>","protected":false},"excerpt":{"rendered":"<p>Hygi\u00e8ne des mains, \u00e0 frotter dans la peau, sp\u00e9cialement adapt\u00e9e pour une utilisation r\u00e9p\u00e9t\u00e9e. Test\u00e9 dermatologiquement avec la note <strong>\"tr\u00e8s bien\".<\/strong><\/p>","protected":false},"featured_media":12431,"comment_status":"open","ping_status":"closed","template":"","meta":[],"product_brand":[],"product_cat":[34],"product_tag":[756],"class_list":{"0":"post-1600","1":"product","2":"type-product","3":"status-publish","4":"has-post-thumbnail","6":"product_cat-hygiene","7":"product_tag-handhygiene","9":"first","10":"instock","11":"taxable","12":"shipping-taxable","13":"purchasable","14":"product-type-variable","15":"has-default-attributes"},"_links":{"self":[{"href":"https:\/\/blidor.ch\/fr\/wp-json\/wp\/v2\/product\/1600","targetHints":{"allow":["GET"]}}],"collection":[{"href":"https:\/\/blidor.ch\/fr\/wp-json\/wp\/v2\/product"}],"about":[{"href":"https:\/\/blidor.ch\/fr\/wp-json\/wp\/v2\/types\/product"}],"replies":[{"embeddable":true,"href":"https:\/\/blidor.ch\/fr\/wp-json\/wp\/v2\/comments?post=1600"}],"version-history":[{"count":0,"href":"https:\/\/blidor.ch\/fr\/wp-json\/wp\/v2\/product\/1600\/revisions"}],"wp:featuredmedia":[{"embeddable":true,"href":"https:\/\/blidor.ch\/fr\/wp-json\/wp\/v2\/media\/12431"}],"wp:attachment":[{"href":"https:\/\/blidor.ch\/fr\/wp-json\/wp\/v2\/media?parent=1600"}],"wp:term":[{"taxonomy":"product_brand","embeddable":true,"href":"https:\/\/blidor.ch\/fr\/wp-json\/wp\/v2\/product_brand?post=1600"},{"taxonomy":"product_cat","embeddable":true,"href":"https:\/\/blidor.ch\/fr\/wp-json\/wp\/v2\/product_cat?post=1600"},{"taxonomy":"product_tag","embeddable":true,"href":"https:\/\/blidor.ch\/fr\/wp-json\/wp\/v2\/product_tag?post=1600"}],"curies":[{"name":"wp","href":"https:\/\/api.w.org\/{rel}","templated":true}]}}