{"id":15978,"date":"2023-03-31T09:19:09","date_gmt":"2023-03-31T07:19:09","guid":{"rendered":"https:\/\/blidor.ch\/?post_type=product&#038;p=15978"},"modified":"2023-10-18T20:26:21","modified_gmt":"2023-10-18T18:26:21","slug":"hidrymax-3","status":"publish","type":"product","link":"https:\/\/blidor.ch\/fr\/webshop\/vivo-deo\/","title":{"rendered":"VIVO DEO"},"content":{"rendered":"<p>VIVO DEO, avec son parfum vif et rafra\u00eechissant, est le choix parfait pour tous ceux qui sont \u00e0 la recherche d'un d\u00e9odorant qui procure une sensation agr\u00e9able tout au long de la journ\u00e9e. La combinaison de parfums de pamplemousse, de musc subtilement amer et de bois de c\u00e8dre apporte une touche masculine et une sensation de fra\u00eecheur.<\/p>\n<p>La formule unique du d\u00e9odorant contient <a href=\"\/fr\/sauge\/\">Huile de sauge<\/a> et suisse <a href=\"\/fr\/sauge\/\">Extrait de sauge<\/a>Les huiles essentielles sont connues pour leur effet antibact\u00e9rien et contribuent \u00e0 r\u00e9duire les odeurs d\u00e9sagr\u00e9ables. En m\u00eame temps, ils soignent la peau et la maintiennent souple.<\/p>\n<p>Le VIVO DEO convient \u00e0 tout le monde et offre une protection fiable contre la transpiration et les odeurs. Il est facile \u00e0 utiliser et \u00e0 appliquer, ce qui vous permet de vous rafra\u00eechir rapidement et facilement. <a href=\"\/fr\/boutique-en-ligne\/vivo-eau-de-toilette\/\">VIVO<\/a> convient toujours, c'est pourquoi nous proposons aussi un <a href=\"\/fr\/boutique-en-ligne\/hidrymax-2\/\">VIVO Gel douche<\/a> ainsi qu'un <a href=\"\/fr\/boutique-en-ligne\/vivo-eau-de-toilette\/\">VIVO Eau de Toilette<\/a> \u00e0.<\/p>\n<p>D\u00e9couvrez maintenant l'exp\u00e9rience vivante et rafra\u00eechissante du d\u00e9odorant avec VIVO DEO et profitez d'une agr\u00e9able sensation de fra\u00eecheur et de propret\u00e9 tout au long de la journ\u00e9e.<\/p>","protected":false},"excerpt":{"rendered":"<p>Vivez une agr\u00e9able sensation de fra\u00eecheur et de propret\u00e9 tout au long de la journ\u00e9e avec VIVO DEO ! Le parfum vif et rafra\u00eechissant au pamplemousse, au musc et au bois de c\u00e8dre apporte une touche masculine.<\/p>","protected":false},"featured_media":15981,"comment_status":"open","ping_status":"closed","template":"","meta":[],"product_brand":[],"product_cat":[871,35,30],"product_tag":[],"class_list":{"0":"post-15978","1":"product","2":"type-product","3":"status-publish","4":"has-post-thumbnail","6":"product_cat-antitranspirant-deo","7":"product_cat-koerper","8":"product_cat-kosmetik","10":"first","11":"instock","12":"taxable","13":"shipping-taxable","14":"purchasable","15":"product-type-simple"},"_links":{"self":[{"href":"https:\/\/blidor.ch\/fr\/wp-json\/wp\/v2\/product\/15978","targetHints":{"allow":["GET"]}}],"collection":[{"href":"https:\/\/blidor.ch\/fr\/wp-json\/wp\/v2\/product"}],"about":[{"href":"https:\/\/blidor.ch\/fr\/wp-json\/wp\/v2\/types\/product"}],"replies":[{"embeddable":true,"href":"https:\/\/blidor.ch\/fr\/wp-json\/wp\/v2\/comments?post=15978"}],"version-history":[{"count":0,"href":"https:\/\/blidor.ch\/fr\/wp-json\/wp\/v2\/product\/15978\/revisions"}],"wp:featuredmedia":[{"embeddable":true,"href":"https:\/\/blidor.ch\/fr\/wp-json\/wp\/v2\/media\/15981"}],"wp:attachment":[{"href":"https:\/\/blidor.ch\/fr\/wp-json\/wp\/v2\/media?parent=15978"}],"wp:term":[{"taxonomy":"product_brand","embeddable":true,"href":"https:\/\/blidor.ch\/fr\/wp-json\/wp\/v2\/product_brand?post=15978"},{"taxonomy":"product_cat","embeddable":true,"href":"https:\/\/blidor.ch\/fr\/wp-json\/wp\/v2\/product_cat?post=15978"},{"taxonomy":"product_tag","embeddable":true,"href":"https:\/\/blidor.ch\/fr\/wp-json\/wp\/v2\/product_tag?post=15978"}],"curies":[{"name":"wp","href":"https:\/\/api.w.org\/{rel}","templated":true}]}}