{"id":15969,"date":"2023-03-31T08:50:57","date_gmt":"2023-03-31T06:50:57","guid":{"rendered":"https:\/\/blidor.ch\/?post_type=product&#038;p=15969"},"modified":"2023-10-18T20:25:44","modified_gmt":"2023-10-18T18:25:44","slug":"hidrymax-2","status":"publish","type":"product","link":"https:\/\/blidor.ch\/fr\/webshop\/vivo-duschgel\/","title":{"rendered":"VIVO Gel douche"},"content":{"rendered":"<p>Le gel douche VIVO au parfum vif et rafra\u00eechissant est le produit parfait pour tous ceux qui aspirent \u00e0 une exp\u00e9rience de douche vivifiante. Le parfum, une combinaison de pamplemousse, de musc subtilement amer et de bois de c\u00e8dre, conf\u00e8re non seulement une note rafra\u00eechissante, mais aussi une touche d'\u00e9l\u00e9gance masculine.<\/p>\n<p>La formule unique de ce gel douche contient des prot\u00e9ines de bl\u00e9 et <a href=\"\/fr\/aloe-vera\/\">Aloe Vera<\/a> Extrait, qui offrent ensemble un soin et une hydratation optimaux. Ainsi, la peau reste agr\u00e9ablement douce et souple m\u00eame apr\u00e8s la douche.<\/p>\n<p>Le gel douche VIVO convient \u00e0 tout le monde et est parfait pour les soins quotidiens. Il est facile \u00e0 utiliser et se rince ais\u00e9ment, ce qui vous permet de vous rafra\u00eechir rapidement et facilement. <a href=\"\/fr\/boutique-en-ligne\/vivo-eau-de-toilette\/\">VIVO<\/a> convient toujours, c'est pourquoi nous proposons aussi un <a href=\"\/fr\/boutique-en-ligne\/hidrymax-3\/\">VIVO DEO<\/a>, ainsi qu'un <a href=\"\/fr\/boutique-en-ligne\/vivo-eau-de-toilette\/\">VIVO Eau de Toilette<\/a> \u00e0.<\/p>\n<p>D\u00e9couvrez maintenant le plaisir d'une douche rafra\u00eechissante et vivante avec le gel douche VIVO et faites-vous plaisir avec une exp\u00e9rience olfactive qui vous accompagnera toute la journ\u00e9e !<\/p>","protected":false},"excerpt":{"rendered":"<p>D\u00e9couvre le plaisir d'une douche vivifiante et rafra\u00eechissante avec le gel douche VIVO ! Son parfum vivifiant donne du peps \u00e0 ta journ\u00e9e et laisse une agr\u00e9able sensation sur la peau.<\/p>","protected":false},"featured_media":15973,"comment_status":"open","ping_status":"closed","template":"","meta":[],"product_brand":[],"product_cat":[918,35,30],"product_tag":[],"class_list":{"0":"post-15969","1":"product","2":"type-product","3":"status-publish","4":"has-post-thumbnail","6":"product_cat-duschmittel","7":"product_cat-koerper","8":"product_cat-kosmetik","10":"first","11":"instock","12":"taxable","13":"shipping-taxable","14":"purchasable","15":"product-type-simple"},"_links":{"self":[{"href":"https:\/\/blidor.ch\/fr\/wp-json\/wp\/v2\/product\/15969","targetHints":{"allow":["GET"]}}],"collection":[{"href":"https:\/\/blidor.ch\/fr\/wp-json\/wp\/v2\/product"}],"about":[{"href":"https:\/\/blidor.ch\/fr\/wp-json\/wp\/v2\/types\/product"}],"replies":[{"embeddable":true,"href":"https:\/\/blidor.ch\/fr\/wp-json\/wp\/v2\/comments?post=15969"}],"version-history":[{"count":0,"href":"https:\/\/blidor.ch\/fr\/wp-json\/wp\/v2\/product\/15969\/revisions"}],"wp:featuredmedia":[{"embeddable":true,"href":"https:\/\/blidor.ch\/fr\/wp-json\/wp\/v2\/media\/15973"}],"wp:attachment":[{"href":"https:\/\/blidor.ch\/fr\/wp-json\/wp\/v2\/media?parent=15969"}],"wp:term":[{"taxonomy":"product_brand","embeddable":true,"href":"https:\/\/blidor.ch\/fr\/wp-json\/wp\/v2\/product_brand?post=15969"},{"taxonomy":"product_cat","embeddable":true,"href":"https:\/\/blidor.ch\/fr\/wp-json\/wp\/v2\/product_cat?post=15969"},{"taxonomy":"product_tag","embeddable":true,"href":"https:\/\/blidor.ch\/fr\/wp-json\/wp\/v2\/product_tag?post=15969"}],"curies":[{"name":"wp","href":"https:\/\/api.w.org\/{rel}","templated":true}]}}