{"id":151,"date":"2020-08-11T16:46:00","date_gmt":"2020-08-11T14:46:00","guid":{"rendered":"http:\/\/blidor-webshop-staging.ch.merlin.ch-meta.net\/?post_type=product&#038;p=151"},"modified":"2022-10-11T17:25:31","modified_gmt":"2022-10-11T15:25:31","slug":"desinfectant-pour-les-cheveux-alcoolique","status":"publish","type":"product","link":"https:\/\/blidor.ch\/fr\/webshop\/haendedesinfektionsmittel-alkoholisch\/","title":{"rendered":"D\u00e9sinfectant pour les mains \u00e0 base d'alcool"},"content":{"rendered":"<p>D\u00e9sinfectant alcoolique pr\u00eat \u00e0 l'emploi pour la d\u00e9sinfection hygi\u00e9nique des mains. Efficace contre les bact\u00e9ries, les virus (p. ex. influenza, Sars, Ebola, etc.) et les champignons. <strong>Le d\u00e9sinfectant pour les mains r\u00e9pond aux exigences de l'OFSP (Office f\u00e9d\u00e9ral de la sant\u00e9 publique) et se trouve sur la liste officielle des d\u00e9sinfectants autoris\u00e9s.<\/strong><\/p>\n<h3>Distributeur de d\u00e9sinfectant pour les mains inclus<\/h3>\n<p>Le d\u00e9sinfectant pour les mains est livr\u00e9 dans un flacon pratique d'un litre avec un distributeur \u00e0 poser.<\/p>","protected":false},"excerpt":{"rendered":"<p>D\u00e9sinfectant alcoolique pr\u00eat \u00e0 l'emploi pour la d\u00e9sinfection hygi\u00e9nique des mains. Efficace contre les bact\u00e9ries, les virus (p. ex. influenza, Sars, Ebola, etc.) et les champignons. Bouteille de 1 litre avec distributeur \u00e0 poser.<\/p>","protected":false},"featured_media":1532,"comment_status":"open","ping_status":"closed","template":"","meta":[],"product_brand":[],"product_cat":[34],"product_tag":[],"class_list":{"0":"post-151","1":"product","2":"type-product","3":"status-publish","4":"has-post-thumbnail","6":"product_cat-hygiene","8":"first","9":"outofstock","10":"taxable","11":"shipping-taxable","12":"product-type-variable","13":"has-default-attributes"},"_links":{"self":[{"href":"https:\/\/blidor.ch\/fr\/wp-json\/wp\/v2\/product\/151","targetHints":{"allow":["GET"]}}],"collection":[{"href":"https:\/\/blidor.ch\/fr\/wp-json\/wp\/v2\/product"}],"about":[{"href":"https:\/\/blidor.ch\/fr\/wp-json\/wp\/v2\/types\/product"}],"replies":[{"embeddable":true,"href":"https:\/\/blidor.ch\/fr\/wp-json\/wp\/v2\/comments?post=151"}],"version-history":[{"count":0,"href":"https:\/\/blidor.ch\/fr\/wp-json\/wp\/v2\/product\/151\/revisions"}],"wp:featuredmedia":[{"embeddable":true,"href":"https:\/\/blidor.ch\/fr\/wp-json\/wp\/v2\/media\/1532"}],"wp:attachment":[{"href":"https:\/\/blidor.ch\/fr\/wp-json\/wp\/v2\/media?parent=151"}],"wp:term":[{"taxonomy":"product_brand","embeddable":true,"href":"https:\/\/blidor.ch\/fr\/wp-json\/wp\/v2\/product_brand?post=151"},{"taxonomy":"product_cat","embeddable":true,"href":"https:\/\/blidor.ch\/fr\/wp-json\/wp\/v2\/product_cat?post=151"},{"taxonomy":"product_tag","embeddable":true,"href":"https:\/\/blidor.ch\/fr\/wp-json\/wp\/v2\/product_tag?post=151"}],"curies":[{"name":"wp","href":"https:\/\/api.w.org\/{rel}","templated":true}]}}