{"id":14968,"date":"2023-02-22T09:26:07","date_gmt":"2023-02-22T08:26:07","guid":{"rendered":"https:\/\/blidor.ch\/?post_type=product&#038;p=14968"},"modified":"2023-02-24T14:23:18","modified_gmt":"2023-02-24T13:23:18","slug":"salikid-universalreiniger-clasin-glasreiniger-sanidor-badreiniger","status":"publish","type":"product","link":"https:\/\/blidor.ch\/fr\/webshop\/salikid-universalreiniger-clasin-glasreiniger-sanidor-badreiniger\/","title":{"rendered":"salikid nettoyant universel + CLASIN nettoyant pour vitres + SANIDOR nettoyant pour salle de bains"},"content":{"rendered":"<h2>Un pour tous - nettoyer toutes les surfaces en respectant l'environnement<\/h2>\n<p>Le nettoyant universel Salikid est un nettoyant universel puissant pour le nettoyage intensif et hygi\u00e9nique des sols et de presque toutes les surfaces effa\u00e7ables. Sa formule puissante \u00e9limine la graisse et la salet\u00e9 de mani\u00e8re fiable et sans laisser de r\u00e9sidus. Il lib\u00e8re l'appartement des odeurs d\u00e9sagr\u00e9ables et laisse un agr\u00e9able parfum citronn\u00e9 \u00e0 chaque nettoyage. Il convient \u00e9galement pour le lavage de la vaisselle \u00e0 la main. Le bouchon doseur pratique facilite l'utilisation. La formule de nettoyage se compose de 15 tensioactifs anioniques %, de 5 tensioactifs non ioniques % ainsi que d'ingr\u00e9dients biologiques comme le limon\u00e8ne, le citral et le g\u00e9raniol. Cela la rend facilement biod\u00e9gradable.<\/p>\n<h2>Une propret\u00e9 sans traces pour de nombreuses surfaces<\/h2>\n<p>Le puissant nettoyant pour vitres Clasin nettoie efficacement les fen\u00eatres et toutes les surfaces lavables. Clasin est d\u00e9graissant, ne laisse pas de traces et retarde le d\u00e9p\u00f4t de particules de poussi\u00e8re. Pour une propret\u00e9 \u00e9clatante et un brillant durable sans traces. Clasin est facilement biod\u00e9gradable.<\/p>\n<h2>Nettoyant salle de bain SANIDOR - l'aide rapide dans le m\u00e9nage<\/h2>\n<p>Sanidor, le puissant nettoyant pour salle de bains contre la salet\u00e9, les restes de savon, les taches de calcaire et autres dans la baignoire, la cabine de douche, sur la robinetterie, le carrelage et dans les lavabos. Vaporiser les surfaces \u00e0 nettoyer \u00e0 une distance d'environ 30 cm, laisser agir 3 \u00e0 5 minutes et rincer ensuite \u00e0 l'eau claire. Apporte imm\u00e9diatement de l'\u00e9clat et une propret\u00e9 hygi\u00e9nique \u00e0 votre salle de bains. Gr\u00e2ce \u00e0 sa consistance de mousse, Sanidor est parfaitement adapt\u00e9 \u00e0 une utilisation sans probl\u00e8me, surtout pour les endroits difficiles d'acc\u00e8s et les robinetteries sophistiqu\u00e9es. Une aide id\u00e9ale pour le m\u00e9nage et la salle de bains.<\/p>\n<h2>Le paquet combin\u00e9 contient :<\/h2>\n<p><a href=\"\/fr\/boutique-en-ligne\/salikid-universalreiniger\/\">Nettoyant universel salikid 500 ml<\/a><br \/>\n<a href=\"\/fr\/boutique-en-ligne\/clasin-nettoyant-pour-vitres\/\">CLASIN nettoyant pour vitres 500 ml<\/a><br \/>\n<a href=\"\/fr\/boutique-en-ligne\/sanidor-nettoyant-salle-de-bain\/\">SANIDOR nettoyant pour salle de bain 500 ml<\/a><\/p>","protected":false},"excerpt":{"rendered":"<p>Le paquet combin\u00e9 puissant pour une maison propre. Qu'il s'agisse de baignoires, de cabines de douche, de carrelage, de verre, de vitres, de sols ou de surfaces effa\u00e7ables, ce paquet a quelque chose pour tout.<\/p>","protected":false},"featured_media":14969,"comment_status":"open","ping_status":"closed","template":"","meta":[],"product_brand":[],"product_cat":[26,28],"product_tag":[],"class_list":{"0":"post-14968","1":"product","2":"type-product","3":"status-publish","4":"has-post-thumbnail","6":"product_cat-haushalt","7":"product_cat-reinigung","9":"first","10":"instock","11":"sale","12":"taxable","13":"shipping-taxable","14":"purchasable","15":"product-type-simple"},"_links":{"self":[{"href":"https:\/\/blidor.ch\/fr\/wp-json\/wp\/v2\/product\/14968","targetHints":{"allow":["GET"]}}],"collection":[{"href":"https:\/\/blidor.ch\/fr\/wp-json\/wp\/v2\/product"}],"about":[{"href":"https:\/\/blidor.ch\/fr\/wp-json\/wp\/v2\/types\/product"}],"replies":[{"embeddable":true,"href":"https:\/\/blidor.ch\/fr\/wp-json\/wp\/v2\/comments?post=14968"}],"version-history":[{"count":0,"href":"https:\/\/blidor.ch\/fr\/wp-json\/wp\/v2\/product\/14968\/revisions"}],"wp:featuredmedia":[{"embeddable":true,"href":"https:\/\/blidor.ch\/fr\/wp-json\/wp\/v2\/media\/14969"}],"wp:attachment":[{"href":"https:\/\/blidor.ch\/fr\/wp-json\/wp\/v2\/media?parent=14968"}],"wp:term":[{"taxonomy":"product_brand","embeddable":true,"href":"https:\/\/blidor.ch\/fr\/wp-json\/wp\/v2\/product_brand?post=14968"},{"taxonomy":"product_cat","embeddable":true,"href":"https:\/\/blidor.ch\/fr\/wp-json\/wp\/v2\/product_cat?post=14968"},{"taxonomy":"product_tag","embeddable":true,"href":"https:\/\/blidor.ch\/fr\/wp-json\/wp\/v2\/product_tag?post=14968"}],"curies":[{"name":"wp","href":"https:\/\/api.w.org\/{rel}","templated":true}]}}