{"id":14964,"date":"2023-02-22T09:17:09","date_gmt":"2023-02-22T08:17:09","guid":{"rendered":"https:\/\/blidor.ch\/?post_type=product&#038;p=14964"},"modified":"2023-02-24T14:24:23","modified_gmt":"2023-02-24T13:24:23","slug":"lanasol-detergent-fin-unoliquide-deshydrogenant-mo-affineur-de-tissus","status":"publish","type":"product","link":"https:\/\/blidor.ch\/fr\/webshop\/lanasol-feinwaschmittel-unoliquid-wasserenthaerter-mo-gewebeveredler\/","title":{"rendered":"Lanasol lessive pour linge d\u00e9licat + UNOliquid adoucisseur d'eau + MO ennoblisseur de tissu"},"content":{"rendered":"<h2>LANASOL - pour le linge d\u00e9licat<\/h2>\n<p>La lessive pour linge d\u00e9licat LANASOL est une lessive liquide concentr\u00e9e sp\u00e9ciale pour les textiles fins et d\u00e9licats en laine, soie, synth\u00e9tiques, microfibres, etc. Ces textiles n\u00e9cessitent justement des soins suppl\u00e9mentaires et une lessive adapt\u00e9e. La lessive pour textiles d\u00e9licats LANASOL peut \u00eatre utilis\u00e9e pour le lavage \u00e0 la main et en machine jusqu'\u00e0 40\u00b0C. Elle ne contient pas d'agents conservateurs.<\/p>\n<h2>Moins de d\u00e9tergents et des machines \u00e0 laver qui durent plus longtemps<\/h2>\n<p>L'adoucisseur d'eau UNO liquid est le compl\u00e9ment id\u00e9al de la lessive liquide. Il se dissout rapidement et ne forme pas de grumeaux. Il prolonge la dur\u00e9e de vie de votre lave-linge et le prot\u00e8ge contre les d\u00e9p\u00f4ts de calcaire d\u00e9sagr\u00e9ables. L'efficacit\u00e9 de la lessive est ainsi am\u00e9lior\u00e9e et vos textiles gardent plus longtemps leur aspect neuf. La bouteille pratique de 2 litres est tr\u00e8s \u00e9conomique.<\/p>\n<h2>Linge doux gr\u00e2ce \u00e0 l'ennoblisseur de tissu MO<\/h2>\n<p>La formulation haut de gamme de notre am\u00e9liorateur de tissu MO conf\u00e8re au linge une sensation agr\u00e9able \u00e0 porter. Elle vous facilite le repassage et son parfum longue dur\u00e9e est incomparable et exceptionnellement attrayant.<\/p>\n<h2>Le paquet combin\u00e9 contient :<\/h2>\n<p><a href=\"\/fr\/boutique-en-ligne\/lessive-pour-linge-delicat-lanasol\/\">Lanasol lessive pour linge d\u00e9licat 2 l concentr\u00e9<\/a><br \/>\n<a href=\"\/fr\/boutique-en-ligne\/deshydrateur-deau-uno-liquide\/\">Adoucisseur d'eau UNOliquid 2 l concentr\u00e9<\/a><br \/>\n<a href=\"\/fr\/boutique-en-ligne\/ennoblisseur-de-tissus-mo\/\">MO Ennoblisseur de tissus 2 l<\/a><\/p>","protected":false},"excerpt":{"rendered":"<p>Le paquet combin\u00e9 pour les textiles d\u00e9licats en laine, soie, microfibres, etc. et les machines \u00e0 laver sans calcaire. Dose la quantit\u00e9 en fonction du poids du linge et de la duret\u00e9 de l'eau pour un r\u00e9sultat de lavage parfait.<\/p>","protected":false},"featured_media":14965,"comment_status":"open","ping_status":"closed","template":"","meta":[],"product_brand":[],"product_cat":[26,29],"product_tag":[],"class_list":{"0":"post-14964","1":"product","2":"type-product","3":"status-publish","4":"has-post-thumbnail","6":"product_cat-haushalt","7":"product_cat-waesche","9":"first","10":"instock","11":"sale","12":"taxable","13":"shipping-taxable","14":"purchasable","15":"product-type-simple"},"_links":{"self":[{"href":"https:\/\/blidor.ch\/fr\/wp-json\/wp\/v2\/product\/14964","targetHints":{"allow":["GET"]}}],"collection":[{"href":"https:\/\/blidor.ch\/fr\/wp-json\/wp\/v2\/product"}],"about":[{"href":"https:\/\/blidor.ch\/fr\/wp-json\/wp\/v2\/types\/product"}],"replies":[{"embeddable":true,"href":"https:\/\/blidor.ch\/fr\/wp-json\/wp\/v2\/comments?post=14964"}],"version-history":[{"count":0,"href":"https:\/\/blidor.ch\/fr\/wp-json\/wp\/v2\/product\/14964\/revisions"}],"wp:featuredmedia":[{"embeddable":true,"href":"https:\/\/blidor.ch\/fr\/wp-json\/wp\/v2\/media\/14965"}],"wp:attachment":[{"href":"https:\/\/blidor.ch\/fr\/wp-json\/wp\/v2\/media?parent=14964"}],"wp:term":[{"taxonomy":"product_brand","embeddable":true,"href":"https:\/\/blidor.ch\/fr\/wp-json\/wp\/v2\/product_brand?post=14964"},{"taxonomy":"product_cat","embeddable":true,"href":"https:\/\/blidor.ch\/fr\/wp-json\/wp\/v2\/product_cat?post=14964"},{"taxonomy":"product_tag","embeddable":true,"href":"https:\/\/blidor.ch\/fr\/wp-json\/wp\/v2\/product_tag?post=14964"}],"curies":[{"name":"wp","href":"https:\/\/api.w.org\/{rel}","templated":true}]}}