{"id":14955,"date":"2023-02-22T09:01:29","date_gmt":"2023-02-22T08:01:29","guid":{"rendered":"https:\/\/blidor.ch\/?post_type=product&#038;p=14955"},"modified":"2023-02-24T14:24:39","modified_gmt":"2023-02-24T13:24:39","slug":"rex-waschmittel-uno-wasserenthaerter","status":"publish","type":"product","link":"https:\/\/blidor.ch\/fr\/webshop\/rex-waschmittel-uno-wasserenthaerter\/","title":{"rendered":"REX D\u00e9tergent + UNO Adoucisseur d'eau"},"content":{"rendered":"<h2>Un pour tous - la lessive REX<\/h2>\n<p>La combinaison parfaite de composants nettoyants et traitants fait de la lessive REX la lessive id\u00e9ale pour tout votre linge. Elle convient pour des cycles de lavage \u00e0 des temp\u00e9ratures de 40 \u00e0 95\u00b0C.<\/p>\n<h2>Pr\u00e9venir les d\u00e9p\u00f4ts de calcaire avec l'adoucisseur d'eau UNO<\/h2>\n<p class=\"bodytext\">Un produit d\u00e9tartrant est utile lorsque l'eau est plut\u00f4t dure et que le linge est lav\u00e9 \u00e0 des temp\u00e9ratures sup\u00e9rieures \u00e0 50\u00b0C. Le calcaire est l'ennemi de tout lave-linge. Il se d\u00e9pose sur les r\u00e9sistances, sur les pi\u00e8ces importantes de l'appareil et sur le linge. Ajoute l'adoucisseur d'eau UNO \u00e0 chaque cycle de lavage. Il prot\u00e8ge votre lave-linge et votre linge de mani\u00e8re fiable contre les d\u00e9p\u00f4ts calcaires d\u00e9sagr\u00e9ables et r\u00e9duit la consommation de lessive.<\/p>\n<h2>Le paquet combin\u00e9 contient :<\/h2>\n<p><a href=\"\/fr\/boutique-en-ligne\/lessive-rex\/\">REX Lessive 5 kg<\/a><br \/>\n<a href=\"\/fr\/boutique-en-ligne\/uno-eau-deshydratee\/\">Adoucisseur d'eau UNO 2 kg<\/a><\/p>","protected":false},"excerpt":{"rendered":"<p>Le paquet combin\u00e9 pour un linge propre et des machines \u00e0 laver sans calcaire. Dose la quantit\u00e9 en fonction du poids du linge et de la duret\u00e9 de l'eau pour un r\u00e9sultat de lavage parfait.<\/p>","protected":false},"featured_media":14956,"comment_status":"open","ping_status":"closed","template":"","meta":[],"product_brand":[],"product_cat":[26,29],"product_tag":[],"class_list":{"0":"post-14955","1":"product","2":"type-product","3":"status-publish","4":"has-post-thumbnail","6":"product_cat-haushalt","7":"product_cat-waesche","9":"first","10":"instock","11":"sale","12":"taxable","13":"shipping-taxable","14":"purchasable","15":"product-type-simple"},"_links":{"self":[{"href":"https:\/\/blidor.ch\/fr\/wp-json\/wp\/v2\/product\/14955","targetHints":{"allow":["GET"]}}],"collection":[{"href":"https:\/\/blidor.ch\/fr\/wp-json\/wp\/v2\/product"}],"about":[{"href":"https:\/\/blidor.ch\/fr\/wp-json\/wp\/v2\/types\/product"}],"replies":[{"embeddable":true,"href":"https:\/\/blidor.ch\/fr\/wp-json\/wp\/v2\/comments?post=14955"}],"version-history":[{"count":0,"href":"https:\/\/blidor.ch\/fr\/wp-json\/wp\/v2\/product\/14955\/revisions"}],"wp:featuredmedia":[{"embeddable":true,"href":"https:\/\/blidor.ch\/fr\/wp-json\/wp\/v2\/media\/14956"}],"wp:attachment":[{"href":"https:\/\/blidor.ch\/fr\/wp-json\/wp\/v2\/media?parent=14955"}],"wp:term":[{"taxonomy":"product_brand","embeddable":true,"href":"https:\/\/blidor.ch\/fr\/wp-json\/wp\/v2\/product_brand?post=14955"},{"taxonomy":"product_cat","embeddable":true,"href":"https:\/\/blidor.ch\/fr\/wp-json\/wp\/v2\/product_cat?post=14955"},{"taxonomy":"product_tag","embeddable":true,"href":"https:\/\/blidor.ch\/fr\/wp-json\/wp\/v2\/product_tag?post=14955"}],"curies":[{"name":"wp","href":"https:\/\/api.w.org\/{rel}","templated":true}]}}