{"id":14951,"date":"2023-02-22T08:57:04","date_gmt":"2023-02-22T07:57:04","guid":{"rendered":"https:\/\/blidor.ch\/?post_type=product&#038;p=14951"},"modified":"2023-02-24T14:24:48","modified_gmt":"2023-02-24T13:24:48","slug":"rex-waschmittel-uno-wasserenthaerter-sb-fleckenentferner","status":"publish","type":"product","link":"https:\/\/blidor.ch\/fr\/webshop\/rex-waschmittel-uno-wasserenthaerter-sb-fleckenentferner\/","title":{"rendered":"REX D\u00e9tergent + UNO Adoucisseur d'eau + SB D\u00e9tachant"},"content":{"rendered":"<h2>Un pour tous - la lessive REX<\/h2>\n<p>La combinaison parfaite de composants nettoyants et traitants fait de la lessive REX la lessive id\u00e9ale pour tout votre linge. Elle convient pour des cycles de lavage \u00e0 des temp\u00e9ratures de 40 \u00e0 95\u00b0C.<\/p>\n<h2>Pr\u00e9venir les d\u00e9p\u00f4ts de calcaire avec l'adoucisseur d'eau UNO<\/h2>\n<p class=\"bodytext\">Un produit d\u00e9tartrant est utile lorsque l'eau est plut\u00f4t dure et que le linge est lav\u00e9 \u00e0 des temp\u00e9ratures sup\u00e9rieures \u00e0 50\u00b0C. Le calcaire est l'ennemi de tout lave-linge. Il se d\u00e9pose sur les r\u00e9sistances, sur les pi\u00e8ces importantes de l'appareil et sur le linge. Ajoute l'adoucisseur d'eau UNO \u00e0 chaque cycle de lavage. Il prot\u00e8ge votre lave-linge et votre linge de mani\u00e8re fiable contre les d\u00e9p\u00f4ts calcaires d\u00e9sagr\u00e9ables et r\u00e9duit la consommation de lessive.<\/p>\n<h2>D\u00e9tachant SB - une affaire propre \u00e0 tous les niveaux<\/h2>\n<p>Le d\u00e9tachant SB \u00e9limine m\u00eame les taches les plus tenaces.  Sa formule puissante fonctionne \u00e0 l'oxyg\u00e8ne actif qui dissout les taches. SB \u00e9limine de mani\u00e8re fiable de nombreux types de taches pouvant \u00eatre blanchies, comme les taches d'herbe, de fruits, de l\u00e9gumes, de carottes, de boissons, de vin rouge, de th\u00e9 et de caf\u00e9. Il convient au linge blanc et de couleur, pr\u00e9serve les couleurs et peut \u00eatre utilis\u00e9 pour tous les textiles sauf la soie et la laine. Il suffit d'ajouter la poudre directement \u00e0 la lessive dans le compartiment de dosage. Le d\u00e9tachant SB est \u00e9conomique \u00e0 l'usage.<\/p>\n<h2>Le paquet combin\u00e9 contient :<\/h2>\n<p><a href=\"\/fr\/boutique-en-ligne\/lessive-rex\/\">REX Lessive 5 kg<\/a><br \/>\n<a href=\"\/fr\/boutique-en-ligne\/uno-eau-deshydratee\/\">Adoucisseur d'eau UNO 2 kg<\/a><br \/>\n<a href=\"\/fr\/boutique-en-ligne\/detachant-sb\/\">D\u00e9tachant SB 2 kg<\/a><\/p>","protected":false},"excerpt":{"rendered":"<p>La lessive Rex, l'adoucisseur d'eau UNO et le d\u00e9tachant SB ou, plus simplement, le paquet combin\u00e9 parfait pour un linge propre.<\/p>","protected":false},"featured_media":14952,"comment_status":"open","ping_status":"closed","template":"","meta":[],"product_brand":[],"product_cat":[26,29],"product_tag":[],"class_list":{"0":"post-14951","1":"product","2":"type-product","3":"status-publish","4":"has-post-thumbnail","6":"product_cat-haushalt","7":"product_cat-waesche","9":"first","10":"instock","11":"sale","12":"taxable","13":"shipping-taxable","14":"purchasable","15":"product-type-simple"},"_links":{"self":[{"href":"https:\/\/blidor.ch\/fr\/wp-json\/wp\/v2\/product\/14951","targetHints":{"allow":["GET"]}}],"collection":[{"href":"https:\/\/blidor.ch\/fr\/wp-json\/wp\/v2\/product"}],"about":[{"href":"https:\/\/blidor.ch\/fr\/wp-json\/wp\/v2\/types\/product"}],"replies":[{"embeddable":true,"href":"https:\/\/blidor.ch\/fr\/wp-json\/wp\/v2\/comments?post=14951"}],"version-history":[{"count":0,"href":"https:\/\/blidor.ch\/fr\/wp-json\/wp\/v2\/product\/14951\/revisions"}],"wp:featuredmedia":[{"embeddable":true,"href":"https:\/\/blidor.ch\/fr\/wp-json\/wp\/v2\/media\/14952"}],"wp:attachment":[{"href":"https:\/\/blidor.ch\/fr\/wp-json\/wp\/v2\/media?parent=14951"}],"wp:term":[{"taxonomy":"product_brand","embeddable":true,"href":"https:\/\/blidor.ch\/fr\/wp-json\/wp\/v2\/product_brand?post=14951"},{"taxonomy":"product_cat","embeddable":true,"href":"https:\/\/blidor.ch\/fr\/wp-json\/wp\/v2\/product_cat?post=14951"},{"taxonomy":"product_tag","embeddable":true,"href":"https:\/\/blidor.ch\/fr\/wp-json\/wp\/v2\/product_tag?post=14951"}],"curies":[{"name":"wp","href":"https:\/\/api.w.org\/{rel}","templated":true}]}}