{"id":14947,"date":"2023-02-22T08:45:08","date_gmt":"2023-02-22T07:45:08","guid":{"rendered":"https:\/\/blidor.ch\/?post_type=product&#038;p=14947"},"modified":"2023-05-24T13:58:11","modified_gmt":"2023-05-24T11:58:11","slug":"bli-des-calcaire-concentre-de-chaux","status":"publish","type":"product","link":"https:\/\/blidor.ch\/fr\/webshop\/bli-des-schaumentkalker-konzentratentkalker\/","title":{"rendered":"BLI-DES\u00ae d\u00e9tartrant moussant + d\u00e9tartrant concentr\u00e9"},"content":{"rendered":"<h2>D\u00e9tartrant moussant universel pour le m\u00e9nage, la cuisine et la salle de bains<\/h2>\n<p>Que ce soit dans la cuisine, la douche, la baignoire ou l'\u00e9vier, si l'eau est calcaire, des d\u00e9p\u00f4ts de calcaire se forment t\u00f4t ou tard. Ces d\u00e9p\u00f4ts se forment partout o\u00f9 l'eau du robinet est chauff\u00e9e ou reste au repos. Cela est par exemple tr\u00e8s visible sur les robinetteries de salle de bains et de cuisine, cela devient rapidement inesth\u00e9tique et peut causer des d\u00e9g\u00e2ts si les r\u00e9sidus de calcaire ne sont pas r\u00e9guli\u00e8rement \u00e9limin\u00e9s. Il est donc bon \u00e0 tous points de vue d'utiliser un d\u00e9tartrant dans la salle de bains et la cuisine.<\/p>\n<p>Le d\u00e9tartrant pour mousse BLI-DES\u00ae est un d\u00e9tartrant tr\u00e8s efficace pour la cuisine et la salle de bains, qui contient des ingr\u00e9dients naturels et identiques \u00e0 la nature. Les d\u00e9p\u00f4ts de calcaire parfois tenaces qui se forment au fil du temps sont dissous par les acides et les sels parfaitement adapt\u00e9s les uns aux autres et sans danger pour les aliments. Gr\u00e2ce \u00e0 sa formulation unique, le d\u00e9tartrant mousse BLI-DES\u00ae \u00e9limine en m\u00eame temps le biofilm difficile \u00e0 nettoyer dans le m\u00e9nage, la cuisine et la salle de bain.<\/p>\n<h2>D\u00e9tartrant concentr\u00e9 utilisable pour le m\u00e9nage et l'industrie<\/h2>\n<p>Le d\u00e9tartrant concentr\u00e9 BLI-DES\u00ae est un d\u00e9tartrant universel pour tous les domaines domestiques et industriels, qui contient exclusivement des ingr\u00e9dients naturels et identiques \u00e0 la nature. Des acides et des sels parfaitement adapt\u00e9s les uns aux autres et compatibles avec les aliments dissolvent les d\u00e9p\u00f4ts calcaires tenaces et ont un effet \u00e0 la fois nettoyant et traitant. Gr\u00e2ce \u00e0 sa formulation unique, le d\u00e9tartrant concentr\u00e9 BLI-DES\u00ae \u00e9limine simultan\u00e9ment le biofilm difficile \u00e0 nettoyer (r\u00e9sidus de mucosit\u00e9s, par exemple dans le r\u00e9servoir d'eau) dans les appareils et sur les surfaces souill\u00e9s.  La concentration 5 fois plus \u00e9lev\u00e9e permet d'atteindre une vitesse de d\u00e9tartrage \u00e9lev\u00e9e. Le d\u00e9tartrant concentr\u00e9 BLI-DES\u00ae est biod\u00e9gradable.<\/p>\n<h2>Le paquet combin\u00e9 contient :<\/h2>\n<p><a href=\"\/fr\/boutique-en-ligne\/bli-des-calcaire-de-decoration\/\">BLI-DES\u00ae d\u00e9tartrant pour mousse 500 ml<\/a><br \/>\n<a href=\"\/fr\/boutique-en-ligne\/bli-des-calcaire-concentre\/\">BLI-DES\u00ae D\u00e9tartrant concentr\u00e9 1000 ml<\/a><\/p>","protected":false},"excerpt":{"rendered":"<p>BLI-DES\u00ae d\u00e9tartrant moussant et d\u00e9tartrant concentr\u00e9 en paquet combin\u00e9 pour une maison sans calcaire ou des appareils et machines sans calcaire.<\/p>","protected":false},"featured_media":14948,"comment_status":"open","ping_status":"closed","template":"","meta":[],"product_brand":[],"product_cat":[81,26,28],"product_tag":[893],"class_list":{"0":"post-14947","1":"product","2":"type-product","3":"status-publish","4":"has-post-thumbnail","6":"product_cat-blides","7":"product_cat-haushalt","8":"product_cat-reinigung","9":"product_tag-problemloeser","11":"first","12":"instock","13":"sale","14":"taxable","15":"shipping-taxable","16":"purchasable","17":"product-type-simple"},"_links":{"self":[{"href":"https:\/\/blidor.ch\/fr\/wp-json\/wp\/v2\/product\/14947","targetHints":{"allow":["GET"]}}],"collection":[{"href":"https:\/\/blidor.ch\/fr\/wp-json\/wp\/v2\/product"}],"about":[{"href":"https:\/\/blidor.ch\/fr\/wp-json\/wp\/v2\/types\/product"}],"replies":[{"embeddable":true,"href":"https:\/\/blidor.ch\/fr\/wp-json\/wp\/v2\/comments?post=14947"}],"version-history":[{"count":0,"href":"https:\/\/blidor.ch\/fr\/wp-json\/wp\/v2\/product\/14947\/revisions"}],"wp:featuredmedia":[{"embeddable":true,"href":"https:\/\/blidor.ch\/fr\/wp-json\/wp\/v2\/media\/14948"}],"wp:attachment":[{"href":"https:\/\/blidor.ch\/fr\/wp-json\/wp\/v2\/media?parent=14947"}],"wp:term":[{"taxonomy":"product_brand","embeddable":true,"href":"https:\/\/blidor.ch\/fr\/wp-json\/wp\/v2\/product_brand?post=14947"},{"taxonomy":"product_cat","embeddable":true,"href":"https:\/\/blidor.ch\/fr\/wp-json\/wp\/v2\/product_cat?post=14947"},{"taxonomy":"product_tag","embeddable":true,"href":"https:\/\/blidor.ch\/fr\/wp-json\/wp\/v2\/product_tag?post=14947"}],"curies":[{"name":"wp","href":"https:\/\/api.w.org\/{rel}","templated":true}]}}