{"id":14939,"date":"2023-02-21T16:30:20","date_gmt":"2023-02-21T15:30:20","guid":{"rendered":"https:\/\/blidor.ch\/?post_type=product&#038;p=14939"},"modified":"2026-02-20T01:52:04","modified_gmt":"2026-02-20T00:52:04","slug":"gel-douche-shampooing-a-la-fleur-de-ringel","status":"publish","type":"product","link":"https:\/\/blidor.ch\/fr\/webshop\/ringelblume-shampoo-duschgel\/","title":{"rendered":"Shampooing et gel douche au calendula"},"content":{"rendered":"<h2>Shampooing r\u00e9g\u00e9n\u00e9rant<\/h2>\n<p>Le shampooing au calendula soigne intensivement les cheveux et leur conf\u00e8re une brillance soyeuse. Il nettoie les cheveux en douceur et apaise le cuir chevelu sensible. Le shampooing \u00e0 l'extrait de calendula r\u00e9g\u00e9n\u00e8re la structure des cheveux et les rend sensiblement plus souples. Convient particuli\u00e8rement aux cheveux qui regraissent rapidement. Appliquer le shampooing au calendula en massant doucement et rincer abondamment.<\/p>\n<h2>Gel douche hydratant<\/h2>\n<p>Le gel douche hydratant au calendula nettoie de mani\u00e8re particuli\u00e8rement douce et d\u00e9licate. Gr\u00e2ce \u00e0 sa teneur en extrait naturel de calendula, ce gel douche est particuli\u00e8rement adapt\u00e9 aux peaux sensibles, s\u00e8ches et ab\u00eem\u00e9es. L'effet r\u00e9g\u00e9n\u00e9rant du calendula peut d\u00e9ployer toute sa force dans ce gel douche. L'extrait de calendula revitalise les fonctions protectrices naturelles et rend votre peau plus fra\u00eeche et plus jeune. Le gel douche au calendula est agr\u00e9ablement parfum\u00e9 et assure une fra\u00eecheur durable.<\/p>\n<h2>Le paquet combin\u00e9 contient :<\/h2>\n<p><a href=\"\/fr\/boutique-en-ligne\/shampooing-fleur-de-souci\/\">Shampooing Calendula 300 ml<\/a><br \/>\n<a href=\"\/fr\/boutique-en-ligne\/gel-douche-fleur-de-souci\/\">Gel douche Calendula 1000 ml<\/a><\/p>","protected":false},"excerpt":{"rendered":"<p>Superbe paquet combin\u00e9 avec des extraits naturels de calendula, un shampooing adapt\u00e9 aux cheveux qui graissent rapidement et un gel douche hydratant.<\/p>","protected":false},"featured_media":20183,"comment_status":"open","ping_status":"closed","template":"","meta":[],"product_brand":[],"product_cat":[918,32,35,30],"product_tag":[],"class_list":{"0":"post-14939","1":"product","2":"type-product","3":"status-publish","4":"has-post-thumbnail","6":"product_cat-duschmittel","7":"product_cat-haar","8":"product_cat-koerper","9":"product_cat-kosmetik","11":"first","12":"instock","13":"sale","14":"taxable","15":"shipping-taxable","16":"purchasable","17":"product-type-simple"},"_links":{"self":[{"href":"https:\/\/blidor.ch\/fr\/wp-json\/wp\/v2\/product\/14939","targetHints":{"allow":["GET"]}}],"collection":[{"href":"https:\/\/blidor.ch\/fr\/wp-json\/wp\/v2\/product"}],"about":[{"href":"https:\/\/blidor.ch\/fr\/wp-json\/wp\/v2\/types\/product"}],"replies":[{"embeddable":true,"href":"https:\/\/blidor.ch\/fr\/wp-json\/wp\/v2\/comments?post=14939"}],"version-history":[{"count":1,"href":"https:\/\/blidor.ch\/fr\/wp-json\/wp\/v2\/product\/14939\/revisions"}],"predecessor-version":[{"id":20185,"href":"https:\/\/blidor.ch\/fr\/wp-json\/wp\/v2\/product\/14939\/revisions\/20185"}],"wp:featuredmedia":[{"embeddable":true,"href":"https:\/\/blidor.ch\/fr\/wp-json\/wp\/v2\/media\/20183"}],"wp:attachment":[{"href":"https:\/\/blidor.ch\/fr\/wp-json\/wp\/v2\/media?parent=14939"}],"wp:term":[{"taxonomy":"product_brand","embeddable":true,"href":"https:\/\/blidor.ch\/fr\/wp-json\/wp\/v2\/product_brand?post=14939"},{"taxonomy":"product_cat","embeddable":true,"href":"https:\/\/blidor.ch\/fr\/wp-json\/wp\/v2\/product_cat?post=14939"},{"taxonomy":"product_tag","embeddable":true,"href":"https:\/\/blidor.ch\/fr\/wp-json\/wp\/v2\/product_tag?post=14939"}],"curies":[{"name":"wp","href":"https:\/\/api.w.org\/{rel}","templated":true}]}}