{"id":14922,"date":"2023-02-21T15:49:44","date_gmt":"2023-02-21T14:49:44","guid":{"rendered":"https:\/\/blidor.ch\/?post_type=product&#038;p=14922"},"modified":"2023-11-21T09:29:55","modified_gmt":"2023-11-21T08:29:55","slug":"bain-moussant-au-shampoing-a-la-camomille","status":"publish","type":"product","link":"https:\/\/blidor.ch\/fr\/webshop\/kamille-shampoo-schaumbad\/","title":{"rendered":"Shampooing \u00e0 la camomille + bain moussant"},"content":{"rendered":"<h2>Bain moussant apaisant<\/h2>\n<p>Le bain \u00e0 la camomille assure un bain tout en douceur. Profitez d'un moment de calme et de d\u00e9tente gr\u00e2ce \u00e0 son effet bienfaisant. Les douces essences de camomille apaisent la peau et lui procurent un soin optimal. Fabriqu\u00e9 sans huiles essentielles, cet additif de bain \u00e0 la camomille convient \u00e9galement aux peaux sensibles.<\/p>\n<h2>Shampooing doux<\/h2>\n<p>Un shampooing doux \u00e0 la camomille avec de l'extrait pur de camomille. Il nettoie en douceur et pr\u00e9vient naturellement la formation de pellicules. L'effet bienfaisant et apaisant de la camomille sur le cuir chevelu se d\u00e9ploie d\u00e9j\u00e0 pendant le lavage des cheveux. Le shampooing \u00e0 la camomille renforce l'\u00e9clat dor\u00e9 des cheveux blonds ou ch\u00e2tain clair et leur conf\u00e8re de beaux reflets lumineux. Le shampooing \u00e0 la camomille convient aux enfants et aux adultes.<\/p>\n<h2>Le paquet combin\u00e9 contient :<\/h2>\n<p><a href=\"\/fr\/boutique-en-ligne\/bain-moussant-a-la-camomille\/\">Bain \u00e0 la camomille 500 ml<\/a><br \/>\n<a href=\"\/fr\/boutique-en-ligne\/shampooing-camomille\/\">Shampooing Camomille 300 ml<\/a><\/p>","protected":false},"excerpt":{"rendered":"<p>Le super paquet combin\u00e9 de shampooing \u00e0 la camomille et de bain moussant \u00e0 la camomille convient aux peaux sensibles gr\u00e2ce aux essences douces de la camomille.<\/p>","protected":false},"featured_media":19149,"comment_status":"open","ping_status":"closed","template":"","meta":[],"product_brand":[],"product_cat":[32,35,30],"product_tag":[],"class_list":{"0":"post-14922","1":"product","2":"type-product","3":"status-publish","4":"has-post-thumbnail","6":"product_cat-haar","7":"product_cat-koerper","8":"product_cat-kosmetik","10":"first","11":"instock","12":"sale","13":"taxable","14":"shipping-taxable","15":"purchasable","16":"product-type-simple"},"_links":{"self":[{"href":"https:\/\/blidor.ch\/fr\/wp-json\/wp\/v2\/product\/14922","targetHints":{"allow":["GET"]}}],"collection":[{"href":"https:\/\/blidor.ch\/fr\/wp-json\/wp\/v2\/product"}],"about":[{"href":"https:\/\/blidor.ch\/fr\/wp-json\/wp\/v2\/types\/product"}],"replies":[{"embeddable":true,"href":"https:\/\/blidor.ch\/fr\/wp-json\/wp\/v2\/comments?post=14922"}],"version-history":[{"count":0,"href":"https:\/\/blidor.ch\/fr\/wp-json\/wp\/v2\/product\/14922\/revisions"}],"wp:featuredmedia":[{"embeddable":true,"href":"https:\/\/blidor.ch\/fr\/wp-json\/wp\/v2\/media\/19149"}],"wp:attachment":[{"href":"https:\/\/blidor.ch\/fr\/wp-json\/wp\/v2\/media?parent=14922"}],"wp:term":[{"taxonomy":"product_brand","embeddable":true,"href":"https:\/\/blidor.ch\/fr\/wp-json\/wp\/v2\/product_brand?post=14922"},{"taxonomy":"product_cat","embeddable":true,"href":"https:\/\/blidor.ch\/fr\/wp-json\/wp\/v2\/product_cat?post=14922"},{"taxonomy":"product_tag","embeddable":true,"href":"https:\/\/blidor.ch\/fr\/wp-json\/wp\/v2\/product_tag?post=14922"}],"curies":[{"name":"wp","href":"https:\/\/api.w.org\/{rel}","templated":true}]}}