{"id":14911,"date":"2023-02-21T14:15:10","date_gmt":"2023-02-21T13:15:10","guid":{"rendered":"https:\/\/blidor.ch\/?post_type=product&#038;p=14911"},"modified":"2024-08-12T20:25:34","modified_gmt":"2024-08-12T18:25:34","slug":"olive-shampoo-douche-bodylotion","status":"publish","type":"product","link":"https:\/\/blidor.ch\/fr\/webshop\/olive-shampoo-duschoel-bodylotion\/","title":{"rendered":"Shampooing + huile de douche + lotion corporelle Olive"},"content":{"rendered":"<h2>Se d\u00e9tendre comme sous l'olivier - l'huile de douche pour les soins quotidiens<\/h2>\n<p>L'huile de douche Olive est particuli\u00e8rement adapt\u00e9e \u00e0 la douche quotidienne et au soin en douceur des peaux s\u00e8ches et sensibles. Un soin bienfaisant gr\u00e2ce \u00e0 la mousse douce et onctueuse de l'huile de douche. L'huile d'olive pure et l'extrait de feuilles d'olivier favorisent le processus naturel de r\u00e9g\u00e9n\u00e9ration. Le film protecteur naturel de la peau est prot\u00e9g\u00e9 et n'est pas inutilement d\u00e9graiss\u00e9. Apr\u00e8s la douche, la peau est douce comme du velours, lisse et souple.<\/p>\n<h2>Des cheveux soign\u00e9s et un cuir chevelu sain gr\u00e2ce au shampooing Olive<\/h2>\n<p>Les lavages fr\u00e9quents ab\u00eement les cheveux et le cuir chevelu et les ass\u00e8chent. Le shampooing Olive est la solution id\u00e9ale pour les cuirs chevelus secs ou irrit\u00e9s et offre \u00e0 la fois un soin intensif et un nettoyage en douceur. La pr\u00e9cieuse huile d'olive m\u00fbrie au soleil apporte un soulagement imm\u00e9diat lorsque le cuir chevelu est sec ou irrit\u00e9. Vos cheveux retrouvent leur souplesse, leur substance et leur vitalit\u00e9.<\/p>\n<h2>Lotion corporelle Olive - une cure de douceur pour la peau<\/h2>\n<p>Cette luxueuse lotion corporelle contient de l'huile pr\u00e9cieuse d'olives m\u00fbries au soleil et de l'extrait de feuilles d'olivier aux vertus antiseptiques. Cette combinaison de substances actives soutient le processus naturel de r\u00e9g\u00e9n\u00e9ration de la peau. La lotion corporelle Olive convient particuli\u00e8rement aux peaux s\u00e8ches et sensibles. Elle p\u00e9n\u00e8tre rapidement et soigne la peau de mani\u00e8re intensive et durable. Elle prot\u00e8ge la peau sollicit\u00e9e, l'apaise et l'hydrate. L'\u00e9lasticit\u00e9 de la peau est ainsi am\u00e9lior\u00e9e en douceur. La lotion corporelle Olive est un excellent soin corporel pour revitaliser et restaurer les peaux sensibles et s\u00e8ches. Apr\u00e8s chaque application, la peau est prot\u00e9g\u00e9e de mani\u00e8re fiable contre le dess\u00e8chement et est merveilleusement douce et \u00e9lastique au toucher. Une v\u00e9ritable cure de bien-\u00eatre pour une sensation de peau douce et souple.<\/p>\n<h2>Le paquet combin\u00e9 contient :<\/h2>\n<p><a href=\"\/fr\/boutique-en-ligne\/huile-de-douche-a-lolive\/\">Huile de douche Olive 300 ml<\/a><br \/>\n<a href=\"\/fr\/boutique-en-ligne\/shampoo-olive\/\">Shampooing Olive 300 ml<\/a><br \/>\n<a href=\"\/fr\/boutique-en-ligne\/bodylotion-olive\/\">Lotion pour le corps Olive 300 ml<\/a><\/p>","protected":false},"excerpt":{"rendered":"<p>Le paquet combin\u00e9 id\u00e9al pour la peau s\u00e8che. La combinaison de substances actives avec de l'huile pure d'olives m\u00fbries au soleil soutient ton corps dans le processus naturel de r\u00e9g\u00e9n\u00e9ration.<\/p>","protected":false},"featured_media":20327,"comment_status":"open","ping_status":"closed","template":"","meta":[],"product_brand":[],"product_cat":[918,32,35,30],"product_tag":[],"class_list":{"0":"post-14911","1":"product","2":"type-product","3":"status-publish","4":"has-post-thumbnail","6":"product_cat-duschmittel","7":"product_cat-haar","8":"product_cat-koerper","9":"product_cat-kosmetik","11":"first","12":"instock","13":"sale","14":"taxable","15":"shipping-taxable","16":"purchasable","17":"product-type-simple"},"_links":{"self":[{"href":"https:\/\/blidor.ch\/fr\/wp-json\/wp\/v2\/product\/14911","targetHints":{"allow":["GET"]}}],"collection":[{"href":"https:\/\/blidor.ch\/fr\/wp-json\/wp\/v2\/product"}],"about":[{"href":"https:\/\/blidor.ch\/fr\/wp-json\/wp\/v2\/types\/product"}],"replies":[{"embeddable":true,"href":"https:\/\/blidor.ch\/fr\/wp-json\/wp\/v2\/comments?post=14911"}],"version-history":[{"count":1,"href":"https:\/\/blidor.ch\/fr\/wp-json\/wp\/v2\/product\/14911\/revisions"}],"predecessor-version":[{"id":20328,"href":"https:\/\/blidor.ch\/fr\/wp-json\/wp\/v2\/product\/14911\/revisions\/20328"}],"wp:featuredmedia":[{"embeddable":true,"href":"https:\/\/blidor.ch\/fr\/wp-json\/wp\/v2\/media\/20327"}],"wp:attachment":[{"href":"https:\/\/blidor.ch\/fr\/wp-json\/wp\/v2\/media?parent=14911"}],"wp:term":[{"taxonomy":"product_brand","embeddable":true,"href":"https:\/\/blidor.ch\/fr\/wp-json\/wp\/v2\/product_brand?post=14911"},{"taxonomy":"product_cat","embeddable":true,"href":"https:\/\/blidor.ch\/fr\/wp-json\/wp\/v2\/product_cat?post=14911"},{"taxonomy":"product_tag","embeddable":true,"href":"https:\/\/blidor.ch\/fr\/wp-json\/wp\/v2\/product_tag?post=14911"}],"curies":[{"name":"wp","href":"https:\/\/api.w.org\/{rel}","templated":true}]}}