{"id":14904,"date":"2023-02-21T13:42:16","date_gmt":"2023-02-21T12:42:16","guid":{"rendered":"https:\/\/blidor.ch\/?post_type=product&#038;p=14904"},"modified":"2025-12-02T20:08:49","modified_gmt":"2025-12-02T19:08:49","slug":"lotion-de-douche-moussante-a-la-mauve","status":"publish","type":"product","link":"https:\/\/blidor.ch\/fr\/webshop\/malve-schaumdusch-bodylotion\/","title":{"rendered":"Mousse de douche et lotion corporelle \u00e0 la mauve"},"content":{"rendered":"<h2>Mauve - Soin nourrissant<\/h2>\n<p>La mousse de douche \u00e0 la mauve, l\u00e9g\u00e8re et a\u00e9rienne, nettoie la peau en douceur et lui procure une sensation de souplesse. Gr\u00e2ce \u00e0 la mousse de douche, votre peau est enti\u00e8rement soign\u00e9e. Profitez chaque jour de l'effet bienfaisant de la mousse de douche et de son agr\u00e9able parfum frais et fleuri.<\/p>\n<p>La lotion corporelle Mauve est un v\u00e9ritable bienfait pour les peaux sensibles, s\u00e8ches ou l\u00e9g\u00e8rement irrit\u00e9es. L'huile d'amande pure et le beurre de karit\u00e9 soignent intens\u00e9ment et favorisent la r\u00e9g\u00e9n\u00e9ration naturelle. Avec la lotion corporelle \u00e0 la mauve, vous compensez la perte d'hydratation de votre peau. Vous augmentez ainsi l'\u00e9lasticit\u00e9 et la r\u00e9sistance de votre peau et la prot\u00e9gez du dess\u00e8chement.<em>. <\/em><\/p>\n<p>La lotion corporelle \u00e0 la mauve redonne \u00e0 la peau, m\u00eame tr\u00e8s s\u00e8che, son \u00e9lasticit\u00e9, sa douceur et sa souplesse. Profitez chaque jour de l'effet bienfaisant de cette lotion douce et de son agr\u00e9able parfum.<\/p>\n<h2>Mauve douce et bienfaisante<\/h2>\n<p>La mauve vraie, \u00e9galement appel\u00e9e \"herbe \u00e0 fromage\", fait partie de la famille des mauves. La mauve sauvage compte parmi les plus anciennes plantes utiles et m\u00e9dicinales connues. On utilise g\u00e9n\u00e9ralement les feuilles et les fleurs. Ses composants actifs sont en premier lieu des mucilages qui ont un effet cicatrisant, reconstituant et apaisant. Dans la symbolique des plantes, la mauve est synonyme de \"douceur, d'indulgence et de bienfaisance\".<\/p>\n<h2>Le paquet combin\u00e9 contient :<\/h2>\n<p><a href=\"\/fr\/boutique-en-ligne\/douche-moussante-mauve\/\">Mousse de douche \u00e0 la mauve 200 ml<\/a><br \/>\n<a href=\"\/fr\/boutique-en-ligne\/lotion-corporelle-mauve\/\">Lotion pour le corps Mauve 300 ml<\/a><\/p>","protected":false},"excerpt":{"rendered":"<p>Les produits de soins corporels nourrissants Mousse Douche et Lait Corporel Mauve sont particuli\u00e8rement adapt\u00e9s aux peaux sensibles.<\/p>","protected":false},"featured_media":19669,"comment_status":"open","ping_status":"closed","template":"","meta":[],"product_brand":[],"product_cat":[918,35,30],"product_tag":[],"class_list":{"0":"post-14904","1":"product","2":"type-product","3":"status-publish","4":"has-post-thumbnail","6":"product_cat-duschmittel","7":"product_cat-koerper","8":"product_cat-kosmetik","10":"first","11":"instock","12":"sale","13":"taxable","14":"shipping-taxable","15":"purchasable","16":"product-type-simple"},"_links":{"self":[{"href":"https:\/\/blidor.ch\/fr\/wp-json\/wp\/v2\/product\/14904","targetHints":{"allow":["GET"]}}],"collection":[{"href":"https:\/\/blidor.ch\/fr\/wp-json\/wp\/v2\/product"}],"about":[{"href":"https:\/\/blidor.ch\/fr\/wp-json\/wp\/v2\/types\/product"}],"replies":[{"embeddable":true,"href":"https:\/\/blidor.ch\/fr\/wp-json\/wp\/v2\/comments?post=14904"}],"version-history":[{"count":0,"href":"https:\/\/blidor.ch\/fr\/wp-json\/wp\/v2\/product\/14904\/revisions"}],"wp:featuredmedia":[{"embeddable":true,"href":"https:\/\/blidor.ch\/fr\/wp-json\/wp\/v2\/media\/19669"}],"wp:attachment":[{"href":"https:\/\/blidor.ch\/fr\/wp-json\/wp\/v2\/media?parent=14904"}],"wp:term":[{"taxonomy":"product_brand","embeddable":true,"href":"https:\/\/blidor.ch\/fr\/wp-json\/wp\/v2\/product_brand?post=14904"},{"taxonomy":"product_cat","embeddable":true,"href":"https:\/\/blidor.ch\/fr\/wp-json\/wp\/v2\/product_cat?post=14904"},{"taxonomy":"product_tag","embeddable":true,"href":"https:\/\/blidor.ch\/fr\/wp-json\/wp\/v2\/product_tag?post=14904"}],"curies":[{"name":"wp","href":"https:\/\/api.w.org\/{rel}","templated":true}]}}