{"id":1424,"date":"2020-10-19T16:24:41","date_gmt":"2020-10-19T14:24:41","guid":{"rendered":"http:\/\/blidor-webshop-staging.ch.merlin.ch-meta.net\/?post_type=product&#038;p=1424"},"modified":"2026-03-09T17:32:48","modified_gmt":"2026-03-09T16:32:48","slug":"masque-de-protection-en-tissu","status":"publish","type":"product","link":"https:\/\/blidor.ch\/fr\/webshop\/stoff-schutzmaske\/","title":{"rendered":"Masque de protection en tissu BLUE \/ RED \/ GREY"},"content":{"rendered":"<p>Nos masques pour le visage sont produits de mani\u00e8re durable et con\u00e7us pour durer. Les masques faciaux Supreme sont r\u00e9utilisables, lavables jusqu'\u00e0 30x et disposent d'une protection antimicrobienne des mat\u00e9riaux. Les masques faciaux sont fabriqu\u00e9s en coton biologique doux et offrent un confort et une respirabilit\u00e9 exceptionnels. Ils sont fabriqu\u00e9s sans latex ni autres substances synth\u00e9tiques. Les masques faciaux sont hydrofuges et prot\u00e8gent par tous les temps.<\/p>\n<p>Couleurs disponibles : rouge, bleu ou gris<\/p>","protected":false},"excerpt":{"rendered":"<p>Prot\u00e8ge-visage avec tissu antimicrobien fabriqu\u00e9 \u00e0 partir de coton biologique. Ne d\u00e9gage pas d'odeur. Couleurs : rouge, bleu ou gris<\/p>","protected":false},"featured_media":1530,"comment_status":"open","ping_status":"closed","template":"","meta":[],"product_brand":[],"product_cat":[82,34],"product_tag":[555,554],"class_list":{"0":"post-1424","1":"product","2":"type-product","3":"status-publish","4":"has-post-thumbnail","6":"product_cat-accessoires","7":"product_cat-hygiene","8":"product_tag-gesichtsschutz","9":"product_tag-stoffmaske","11":"first","12":"outofstock","13":"taxable","14":"shipping-taxable","15":"purchasable","16":"product-type-variable"},"_links":{"self":[{"href":"https:\/\/blidor.ch\/fr\/wp-json\/wp\/v2\/product\/1424","targetHints":{"allow":["GET"]}}],"collection":[{"href":"https:\/\/blidor.ch\/fr\/wp-json\/wp\/v2\/product"}],"about":[{"href":"https:\/\/blidor.ch\/fr\/wp-json\/wp\/v2\/types\/product"}],"replies":[{"embeddable":true,"href":"https:\/\/blidor.ch\/fr\/wp-json\/wp\/v2\/comments?post=1424"}],"version-history":[{"count":0,"href":"https:\/\/blidor.ch\/fr\/wp-json\/wp\/v2\/product\/1424\/revisions"}],"wp:featuredmedia":[{"embeddable":true,"href":"https:\/\/blidor.ch\/fr\/wp-json\/wp\/v2\/media\/1530"}],"wp:attachment":[{"href":"https:\/\/blidor.ch\/fr\/wp-json\/wp\/v2\/media?parent=1424"}],"wp:term":[{"taxonomy":"product_brand","embeddable":true,"href":"https:\/\/blidor.ch\/fr\/wp-json\/wp\/v2\/product_brand?post=1424"},{"taxonomy":"product_cat","embeddable":true,"href":"https:\/\/blidor.ch\/fr\/wp-json\/wp\/v2\/product_cat?post=1424"},{"taxonomy":"product_tag","embeddable":true,"href":"https:\/\/blidor.ch\/fr\/wp-json\/wp\/v2\/product_tag?post=1424"}],"curies":[{"name":"wp","href":"https:\/\/api.w.org\/{rel}","templated":true}]}}