{"id":14071,"date":"2022-12-12T10:26:10","date_gmt":"2022-12-12T09:26:10","guid":{"rendered":"https:\/\/blidor.ch\/?post_type=product&#038;p=14071"},"modified":"2023-10-23T12:51:50","modified_gmt":"2023-10-23T10:51:50","slug":"rose-dambiance-4","status":"publish","type":"product","link":"https:\/\/blidor.ch\/fr\/webshop\/raumduft-herbst-bouquet\/","title":{"rendered":"Parfum d'int\u00e9rieur Bouquet d'automne"},"content":{"rendered":"<h2>Parfum d'int\u00e9rieur Bouquet d'automne avec une note \u00e2pre et \u00e9pic\u00e9e<\/h2>\n<p>Ce parfum conf\u00e8re \u00e0 votre pi\u00e8ce une touche d'armoise \u00e9pic\u00e9e - un parfum l\u00e9g\u00e8rement \u00e2pre et aromatique.<br \/>\nGr\u00e2ce au nombre de b\u00e2tonnets en bois, vous d\u00e9terminez vous-m\u00eame l'intensit\u00e9 de parfum souhait\u00e9e. Un super parfum qui se r\u00e9pand discr\u00e8tement dans la pi\u00e8ce sans \u00eatre envahissant !<\/p>","protected":false},"excerpt":{"rendered":"<p>Le parfum d'ambiance Herbst Bouquet apporte une touche d'armoise \u00e9pic\u00e9e - un parfum l\u00e9g\u00e8rement \u00e2pre et aromatique.<\/p>","protected":false},"featured_media":14072,"comment_status":"open","ping_status":"closed","template":"","meta":[],"product_brand":[],"product_cat":[38,26],"product_tag":[],"class_list":{"0":"post-14071","1":"product","2":"type-product","3":"status-publish","4":"has-post-thumbnail","6":"product_cat-duft","7":"product_cat-haushalt","9":"first","10":"instock","11":"taxable","12":"shipping-taxable","13":"purchasable","14":"product-type-simple"},"_links":{"self":[{"href":"https:\/\/blidor.ch\/fr\/wp-json\/wp\/v2\/product\/14071","targetHints":{"allow":["GET"]}}],"collection":[{"href":"https:\/\/blidor.ch\/fr\/wp-json\/wp\/v2\/product"}],"about":[{"href":"https:\/\/blidor.ch\/fr\/wp-json\/wp\/v2\/types\/product"}],"replies":[{"embeddable":true,"href":"https:\/\/blidor.ch\/fr\/wp-json\/wp\/v2\/comments?post=14071"}],"version-history":[{"count":0,"href":"https:\/\/blidor.ch\/fr\/wp-json\/wp\/v2\/product\/14071\/revisions"}],"wp:featuredmedia":[{"embeddable":true,"href":"https:\/\/blidor.ch\/fr\/wp-json\/wp\/v2\/media\/14072"}],"wp:attachment":[{"href":"https:\/\/blidor.ch\/fr\/wp-json\/wp\/v2\/media?parent=14071"}],"wp:term":[{"taxonomy":"product_brand","embeddable":true,"href":"https:\/\/blidor.ch\/fr\/wp-json\/wp\/v2\/product_brand?post=14071"},{"taxonomy":"product_cat","embeddable":true,"href":"https:\/\/blidor.ch\/fr\/wp-json\/wp\/v2\/product_cat?post=14071"},{"taxonomy":"product_tag","embeddable":true,"href":"https:\/\/blidor.ch\/fr\/wp-json\/wp\/v2\/product_tag?post=14071"}],"curies":[{"name":"wp","href":"https:\/\/api.w.org\/{rel}","templated":true}]}}