{"id":14068,"date":"2022-12-12T10:12:29","date_gmt":"2022-12-12T09:12:29","guid":{"rendered":"https:\/\/blidor.ch\/?post_type=product&#038;p=14068"},"modified":"2025-05-28T09:09:12","modified_gmt":"2025-05-28T07:09:12","slug":"rose-dambiance-3","status":"publish","type":"product","link":"https:\/\/blidor.ch\/fr\/webshop\/raumduft-fruehlingsgarten\/","title":{"rendered":"Parfum d'int\u00e9rieur Jardin de printemps"},"content":{"rendered":"<h2>Parfum d'ambiance Jardin de printemps avec notes florales<\/h2>\n<p>Ce parfum donne \u00e0 votre pi\u00e8ce un air de mer de fleurs - un parfum floral discret.<br \/>\nGr\u00e2ce au nombre de b\u00e2tonnets en bois, vous d\u00e9terminez vous-m\u00eame l'intensit\u00e9 de parfum souhait\u00e9e. Un super parfum qui se r\u00e9pand discr\u00e8tement dans la pi\u00e8ce sans \u00eatre envahissant !<\/p>","protected":false},"excerpt":{"rendered":"<p>Le parfum d'ambiance Jardin de Printemps apporte une touche d'une mer de fleurs - un parfum floral discret.<\/p>","protected":false},"featured_media":14069,"comment_status":"open","ping_status":"closed","template":"","meta":[],"product_brand":[],"product_cat":[38,26],"product_tag":[],"class_list":{"0":"post-14068","1":"product","2":"type-product","3":"status-publish","4":"has-post-thumbnail","6":"product_cat-duft","7":"product_cat-haushalt","9":"first","10":"outofstock","11":"taxable","12":"shipping-taxable","13":"purchasable","14":"product-type-simple"},"_links":{"self":[{"href":"https:\/\/blidor.ch\/fr\/wp-json\/wp\/v2\/product\/14068","targetHints":{"allow":["GET"]}}],"collection":[{"href":"https:\/\/blidor.ch\/fr\/wp-json\/wp\/v2\/product"}],"about":[{"href":"https:\/\/blidor.ch\/fr\/wp-json\/wp\/v2\/types\/product"}],"replies":[{"embeddable":true,"href":"https:\/\/blidor.ch\/fr\/wp-json\/wp\/v2\/comments?post=14068"}],"version-history":[{"count":1,"href":"https:\/\/blidor.ch\/fr\/wp-json\/wp\/v2\/product\/14068\/revisions"}],"predecessor-version":[{"id":21135,"href":"https:\/\/blidor.ch\/fr\/wp-json\/wp\/v2\/product\/14068\/revisions\/21135"}],"wp:featuredmedia":[{"embeddable":true,"href":"https:\/\/blidor.ch\/fr\/wp-json\/wp\/v2\/media\/14069"}],"wp:attachment":[{"href":"https:\/\/blidor.ch\/fr\/wp-json\/wp\/v2\/media?parent=14068"}],"wp:term":[{"taxonomy":"product_brand","embeddable":true,"href":"https:\/\/blidor.ch\/fr\/wp-json\/wp\/v2\/product_brand?post=14068"},{"taxonomy":"product_cat","embeddable":true,"href":"https:\/\/blidor.ch\/fr\/wp-json\/wp\/v2\/product_cat?post=14068"},{"taxonomy":"product_tag","embeddable":true,"href":"https:\/\/blidor.ch\/fr\/wp-json\/wp\/v2\/product_tag?post=14068"}],"curies":[{"name":"wp","href":"https:\/\/api.w.org\/{rel}","templated":true}]}}