{"id":14065,"date":"2022-12-12T10:07:10","date_gmt":"2022-12-12T09:07:10","guid":{"rendered":"https:\/\/blidor.ch\/?post_type=product&#038;p=14065"},"modified":"2025-10-30T09:50:00","modified_gmt":"2025-10-30T08:50:00","slug":"rose-dambiance-2","status":"publish","type":"product","link":"https:\/\/blidor.ch\/fr\/webshop\/raumduft-winterzauber\/","title":{"rendered":"Parfum d'ambiance Magie d'hiver"},"content":{"rendered":"<h2>Parfum d'ambiance Magie d'hiver pour un No\u00ebl enchanteur<\/h2>\n<p>Ce parfum donne \u00e0 votre pi\u00e8ce une touche de l'Avent - un parfum discret avec de l'orange, de la cannelle, des clous de girofle et un peu de musc.<br \/>\nGr\u00e2ce au nombre de b\u00e2tonnets en bois, vous d\u00e9terminez vous-m\u00eame l'intensit\u00e9 de parfum souhait\u00e9e. Un super parfum qui se r\u00e9pand discr\u00e8tement dans la pi\u00e8ce sans \u00eatre envahissant !<\/p>","protected":false},"excerpt":{"rendered":"<p>Le parfum d'ambiance Winterzauber apporte une touche de l'Avent - un parfum discret avec de l'orange, de la cannelle, des clous de girofle et un peu de musc.<\/p>","protected":false},"featured_media":14066,"comment_status":"open","ping_status":"closed","template":"","meta":[],"product_brand":[],"product_cat":[38,26],"product_tag":[],"class_list":{"0":"post-14065","1":"product","2":"type-product","3":"status-publish","4":"has-post-thumbnail","6":"product_cat-duft","7":"product_cat-haushalt","9":"first","10":"instock","11":"taxable","12":"shipping-taxable","13":"purchasable","14":"product-type-simple"},"_links":{"self":[{"href":"https:\/\/blidor.ch\/fr\/wp-json\/wp\/v2\/product\/14065","targetHints":{"allow":["GET"]}}],"collection":[{"href":"https:\/\/blidor.ch\/fr\/wp-json\/wp\/v2\/product"}],"about":[{"href":"https:\/\/blidor.ch\/fr\/wp-json\/wp\/v2\/types\/product"}],"replies":[{"embeddable":true,"href":"https:\/\/blidor.ch\/fr\/wp-json\/wp\/v2\/comments?post=14065"}],"version-history":[{"count":1,"href":"https:\/\/blidor.ch\/fr\/wp-json\/wp\/v2\/product\/14065\/revisions"}],"predecessor-version":[{"id":20669,"href":"https:\/\/blidor.ch\/fr\/wp-json\/wp\/v2\/product\/14065\/revisions\/20669"}],"wp:featuredmedia":[{"embeddable":true,"href":"https:\/\/blidor.ch\/fr\/wp-json\/wp\/v2\/media\/14066"}],"wp:attachment":[{"href":"https:\/\/blidor.ch\/fr\/wp-json\/wp\/v2\/media?parent=14065"}],"wp:term":[{"taxonomy":"product_brand","embeddable":true,"href":"https:\/\/blidor.ch\/fr\/wp-json\/wp\/v2\/product_brand?post=14065"},{"taxonomy":"product_cat","embeddable":true,"href":"https:\/\/blidor.ch\/fr\/wp-json\/wp\/v2\/product_cat?post=14065"},{"taxonomy":"product_tag","embeddable":true,"href":"https:\/\/blidor.ch\/fr\/wp-json\/wp\/v2\/product_tag?post=14065"}],"curies":[{"name":"wp","href":"https:\/\/api.w.org\/{rel}","templated":true}]}}