{"id":13015,"date":"2022-09-20T12:45:45","date_gmt":"2022-09-20T10:45:45","guid":{"rendered":"https:\/\/blidor.ch\/?post_type=product&#038;p=13015"},"modified":"2023-10-18T14:30:35","modified_gmt":"2023-10-18T12:30:35","slug":"hidrysens","status":"publish","type":"product","link":"https:\/\/blidor.ch\/fr\/webshop\/hidrysens\/","title":{"rendered":"Anti-transpirant hidry\u00aesens"},"content":{"rendered":"<h2>Anti-transpirant contre la transpiration<\/h2>\n<p>Le site <a href=\"\/fr\/cosmetiques-naturels-2\/\">Anti-transpirant<\/a> hidry\u00aesens (50ml) contre la transpiration dans la zone sensible des aisselles convient aux premiers utilisateurs et aux personnes ayant un type de peau sensible. Forte action contre la transpiration, \u00e0 laquelle s'ajoute l'extrait de clou de girofle apaisant et soignant pour la peau.<\/p>\n<p>&nbsp;<\/p>\n<h2>hidry\u00ae anti-transpirant<\/h2>\n<ul>\n<li>par l'expert en hyperhidrose Sascha Ballweg (<a href=\"https:\/\/hyperhidrosehilfe.de\/\">HyperhidroseAide.fr<\/a>) d\u00e9velopp\u00e9<\/li>\n<li>l'effet des produits peut durer plusieurs jours, voire plusieurs semaines<\/li>\n<li>nettement plus dos\u00e9 que la plupart des produits de droguerie<\/li>\n<li>par l'ajout d'extraits v\u00e9g\u00e9taux tels que <a href=\"\/fr\/aloe-vera\/\">Aloe Vera<\/a> et du menthol rafra\u00eechissant, particuli\u00e8rement bien tol\u00e9r\u00e9 par la peau<\/li>\n<li>rendement exceptionnellement \u00e9lev\u00e9 si l'application est correcte<\/li>\n<li>Utilisation s\u00fbre et simple<\/li>\n<li>Formule sans alcool ni colorant<\/li>\n<li>Vegan<\/li>\n<\/ul>\n<p>&nbsp;<\/p>\n<h3>Remarque sur le dosage (force)<\/h3>\n<p>Teneur en substance active chlorure d'aluminium de <strong>15 %<\/strong> dans <strong>hidry\u00ae : la solution<\/strong><strong>sens<\/strong><\/p>","protected":false},"excerpt":{"rendered":"<p>salut<strong>dry<\/strong>Anti-transpirant \u00aesens pour les aisselles sensibles. Gr\u00e2ce \u00e0 l'effet rafra\u00eechissant et \u00e0 l'aloe vera, convient aux premiers utilisateurs ainsi qu'aux peaux tr\u00e8s sensibles.<\/p>","protected":false},"featured_media":13016,"comment_status":"open","ping_status":"closed","template":"","meta":[],"product_brand":[],"product_cat":[871],"product_tag":[893],"class_list":{"0":"post-13015","1":"product","2":"type-product","3":"status-publish","4":"has-post-thumbnail","6":"product_cat-antitranspirant-deo","7":"product_tag-problemloeser","9":"first","10":"instock","11":"taxable","12":"shipping-taxable","13":"purchasable","14":"product-type-simple"},"_links":{"self":[{"href":"https:\/\/blidor.ch\/fr\/wp-json\/wp\/v2\/product\/13015","targetHints":{"allow":["GET"]}}],"collection":[{"href":"https:\/\/blidor.ch\/fr\/wp-json\/wp\/v2\/product"}],"about":[{"href":"https:\/\/blidor.ch\/fr\/wp-json\/wp\/v2\/types\/product"}],"replies":[{"embeddable":true,"href":"https:\/\/blidor.ch\/fr\/wp-json\/wp\/v2\/comments?post=13015"}],"version-history":[{"count":0,"href":"https:\/\/blidor.ch\/fr\/wp-json\/wp\/v2\/product\/13015\/revisions"}],"wp:featuredmedia":[{"embeddable":true,"href":"https:\/\/blidor.ch\/fr\/wp-json\/wp\/v2\/media\/13016"}],"wp:attachment":[{"href":"https:\/\/blidor.ch\/fr\/wp-json\/wp\/v2\/media?parent=13015"}],"wp:term":[{"taxonomy":"product_brand","embeddable":true,"href":"https:\/\/blidor.ch\/fr\/wp-json\/wp\/v2\/product_brand?post=13015"},{"taxonomy":"product_cat","embeddable":true,"href":"https:\/\/blidor.ch\/fr\/wp-json\/wp\/v2\/product_cat?post=13015"},{"taxonomy":"product_tag","embeddable":true,"href":"https:\/\/blidor.ch\/fr\/wp-json\/wp\/v2\/product_tag?post=13015"}],"curies":[{"name":"wp","href":"https:\/\/api.w.org\/{rel}","templated":true}]}}