{"id":1259,"date":"2020-10-19T14:12:36","date_gmt":"2020-10-19T12:12:36","guid":{"rendered":"http:\/\/blidor-webshop-staging.ch.merlin.ch-meta.net\/shop\/import-placeholder-for-2346\/"},"modified":"2026-01-29T11:03:57","modified_gmt":"2026-01-29T10:03:57","slug":"abrasoft-nettoyant-pour-les-mains","status":"publish","type":"product","link":"https:\/\/blidor.ch\/fr\/webshop\/abrasoft-handreiniger\/","title":{"rendered":"abrasoft, nettoyant pour les mains"},"content":{"rendered":"<h2>La p\u00e2te lavante pour les mains Abrasoft nettoie en douceur les mains tr\u00e8s sales.<\/h2>\n<p>Frotter les mains sales \u00e0 sec avec abrasoft et les laver ensuite soigneusement. La formule parfaitement adapt\u00e9e, compos\u00e9e d'agents tensioactifs nettoyants, d'huiles et de parfums, garantit des mains propres sans avoir \u00e0 brosser ou \u00e0 frotter. Le m\u00e9lange qui n'agresse pas la peau est exempt d'alcali et contient des ingr\u00e9dients regraissants. Un litre d'abrasoft suffit pour 200 lavages de mains et est donc extr\u00eamement efficace. Sa faible consommation permet de r\u00e9duire la pollution des eaux us\u00e9es.<\/p>\n<h2>Nettoyant pour les mains doux et puissant pour l'atelier<\/h2>\n<p>Le nettoyant pour mains abrasoft est id\u00e9al pour le travail dans l'industrie, les ateliers, les imprimeries, les jardineries, les ateliers de peinture, etc. Chaque fois qu'il est impossible d'\u00e9viter de se salir fortement les mains, abrasoft assure un nettoyage intensif et en douceur.<\/p>\n<h2>P\u00e2te lavante pour les mains sans microplastiques<\/h2>\n<p><strong>Notre nettoyant pour les mains abrasoft <a href=\"https:\/\/blidor.ch\/wp-content\/uploads\/abrasoft-Kundeninfo.pdf\" target=\"_blank\" rel=\"noopener noreferrer\">ne contient pas de microplastiques<\/a>!<\/strong> Nos particules de cellulose sont issues d'une mati\u00e8re premi\u00e8re renouvelable et biod\u00e9gradable, mais elles permettent d'obtenir le m\u00eame effet nettoyant.<\/p>\n<p>Important : 1000 ml \/ 2500 ml ne sont disponibles qu'avec <a href=\"https:\/\/blidor.ch\/wp-content\/uploads\/Spender-abrasoft.pdf\" target=\"_blank\" rel=\"noopener noreferrer\">des distributeurs adapt\u00e9s<\/a> utilisable.<br \/>\nPuriton H-1000 pour flacons de 1000 ml<br \/>\nDistributeur universel ingo-man pour bouteilles de 2500 ml<\/p>\n<h2>Fabriqu\u00e9 en Suisse<\/h2>\n<p>Blidor est une entreprise familiale avec une longue tradition. Nous d\u00e9veloppons et fabriquons nos produits nous-m\u00eames \u00e0 Baar. Nous veillons \u00e0 une qualit\u00e9 maximale, \u00e0 des ingr\u00e9dients naturels et si possible r\u00e9gionaux et \u00e0 un excellent service client\u00e8le.<\/p>","protected":false},"excerpt":{"rendered":"<p>Le nettoyant abrasoft pour les mains est un nettoyant non agressif pour la peau, non alcalin et pourtant tr\u00e8s efficace. Il permet d'\u00e9liminer facilement les r\u00e9sidus d'huile, de graisse, de peinture, etc. qui ne peuvent pas \u00eatre \u00e9limin\u00e9s avec un savon classique. Pour les bricoleurs, les jardiniers amateurs, les bricoleurs de voitures, etc., mais aussi pour les professionnels, abrasoft est un nettoyant pour les mains indispensable.<\/p>","protected":false},"featured_media":14040,"comment_status":"open","ping_status":"closed","template":"","meta":[],"product_brand":[],"product_cat":[33,34],"product_tag":[560,559,893],"class_list":{"0":"post-1259","1":"product","2":"type-product","3":"status-publish","4":"has-post-thumbnail","6":"product_cat-hand-und-fuss","7":"product_cat-hygiene","8":"product_tag-abrasiver-handreiniger","9":"product_tag-handreiniger","10":"product_tag-problemloeser","12":"first","13":"instock","14":"taxable","15":"shipping-taxable","16":"purchasable","17":"product-type-variable","18":"has-default-attributes"},"_links":{"self":[{"href":"https:\/\/blidor.ch\/fr\/wp-json\/wp\/v2\/product\/1259","targetHints":{"allow":["GET"]}}],"collection":[{"href":"https:\/\/blidor.ch\/fr\/wp-json\/wp\/v2\/product"}],"about":[{"href":"https:\/\/blidor.ch\/fr\/wp-json\/wp\/v2\/types\/product"}],"replies":[{"embeddable":true,"href":"https:\/\/blidor.ch\/fr\/wp-json\/wp\/v2\/comments?post=1259"}],"version-history":[{"count":0,"href":"https:\/\/blidor.ch\/fr\/wp-json\/wp\/v2\/product\/1259\/revisions"}],"wp:featuredmedia":[{"embeddable":true,"href":"https:\/\/blidor.ch\/fr\/wp-json\/wp\/v2\/media\/14040"}],"wp:attachment":[{"href":"https:\/\/blidor.ch\/fr\/wp-json\/wp\/v2\/media?parent=1259"}],"wp:term":[{"taxonomy":"product_brand","embeddable":true,"href":"https:\/\/blidor.ch\/fr\/wp-json\/wp\/v2\/product_brand?post=1259"},{"taxonomy":"product_cat","embeddable":true,"href":"https:\/\/blidor.ch\/fr\/wp-json\/wp\/v2\/product_cat?post=1259"},{"taxonomy":"product_tag","embeddable":true,"href":"https:\/\/blidor.ch\/fr\/wp-json\/wp\/v2\/product_tag?post=1259"}],"curies":[{"name":"wp","href":"https:\/\/api.w.org\/{rel}","templated":true}]}}