{"id":1212,"date":"2020-10-19T14:11:58","date_gmt":"2020-10-19T12:11:58","guid":{"rendered":"http:\/\/blidor-webshop-staging.ch.merlin.ch-meta.net\/shop\/import-placeholder-for-1797\/"},"modified":"2025-05-27T12:25:04","modified_gmt":"2025-05-27T10:25:04","slug":"haarvitalshampoo-viola","status":"publish","type":"product","link":"https:\/\/blidor.ch\/fr\/webshop\/haarvitalshampoo-viola\/","title":{"rendered":"Shampooing Viola"},"content":{"rendered":"<h2>Apporter de pr\u00e9cieux nutriments aux cheveux<\/h2>\n<p>Le HaarVitalShampoo Viola de NOLEA Naturkosmetik nettoie et soigne en m\u00eame temps. Les cheveux particuli\u00e8rement ab\u00eem\u00e9s et le cuir chevelu irrit\u00e9 sont nettoy\u00e9s en douceur et avec m\u00e9nagement. Le HaarVitalShampoo Viola contient des ingr\u00e9dients pr\u00e9cieux et nourrissants comme l'extrait de pens\u00e9e, les prot\u00e9ines de son de riz et la substance nettoyante douce coco glucoside. Cette combinaison efficace peut am\u00e9liorer consid\u00e9rablement la structure de vos cheveux et soigner et d\u00e9tendre votre cuir chevelu de mani\u00e8re cibl\u00e9e.  Les cheveux sont souples au toucher et le HaarVitalShampoo Viola leur conf\u00e8re une brillance naturelle. En m\u00eame temps, les cheveux sont prot\u00e9g\u00e9s et renforc\u00e9s et le cuir chevelu est apais\u00e9.<\/p>\n<h2>Acheter des cosm\u00e9tiques naturels de Suisse en ligne<\/h2>\n<p>Tous les produits cosm\u00e9tiques naturels - comme le shampooing pour cheveux Viola - sont fabriqu\u00e9s en Suisse et vous sont envoy\u00e9s directement depuis la production.<\/p>","protected":false},"excerpt":{"rendered":"<p>Gr\u00e2ce \u00e0 ses ingr\u00e9dients naturels efficaces, le HaarVitalShampoo Viola doux de la gamme de cosm\u00e9tiques naturels NOLEA convient particuli\u00e8rement aux cuirs chevelus sensibles et d\u00e9licats et aux cheveux secs et cassants. Utilis\u00e9s r\u00e9guli\u00e8rement, ses pr\u00e9cieux ingr\u00e9dients peuvent am\u00e9liorer consid\u00e9rablement la structure des cheveux.<\/p>","protected":false},"featured_media":1543,"comment_status":"open","ping_status":"closed","template":"","meta":[],"product_brand":[],"product_cat":[32,30,39],"product_tag":[763,762,764,67,68,765],"class_list":{"0":"post-1212","1":"product","2":"type-product","3":"status-publish","4":"has-post-thumbnail","6":"product_cat-haar","7":"product_cat-kosmetik","8":"product_cat-naturkosmetik","9":"product_tag-haarshampoo","10":"product_tag-naturkosmetik","11":"product_tag-nolea","12":"product_tag-shampoo-ohne-mikroplastik","13":"product_tag-shampoo-ohne-silikon","14":"product_tag-viola","16":"first","17":"outofstock","18":"sale","19":"taxable","20":"shipping-taxable","21":"purchasable","22":"product-type-variable","23":"has-default-attributes"},"_links":{"self":[{"href":"https:\/\/blidor.ch\/fr\/wp-json\/wp\/v2\/product\/1212","targetHints":{"allow":["GET"]}}],"collection":[{"href":"https:\/\/blidor.ch\/fr\/wp-json\/wp\/v2\/product"}],"about":[{"href":"https:\/\/blidor.ch\/fr\/wp-json\/wp\/v2\/types\/product"}],"replies":[{"embeddable":true,"href":"https:\/\/blidor.ch\/fr\/wp-json\/wp\/v2\/comments?post=1212"}],"version-history":[{"count":1,"href":"https:\/\/blidor.ch\/fr\/wp-json\/wp\/v2\/product\/1212\/revisions"}],"predecessor-version":[{"id":21121,"href":"https:\/\/blidor.ch\/fr\/wp-json\/wp\/v2\/product\/1212\/revisions\/21121"}],"wp:featuredmedia":[{"embeddable":true,"href":"https:\/\/blidor.ch\/fr\/wp-json\/wp\/v2\/media\/1543"}],"wp:attachment":[{"href":"https:\/\/blidor.ch\/fr\/wp-json\/wp\/v2\/media?parent=1212"}],"wp:term":[{"taxonomy":"product_brand","embeddable":true,"href":"https:\/\/blidor.ch\/fr\/wp-json\/wp\/v2\/product_brand?post=1212"},{"taxonomy":"product_cat","embeddable":true,"href":"https:\/\/blidor.ch\/fr\/wp-json\/wp\/v2\/product_cat?post=1212"},{"taxonomy":"product_tag","embeddable":true,"href":"https:\/\/blidor.ch\/fr\/wp-json\/wp\/v2\/product_tag?post=1212"}],"curies":[{"name":"wp","href":"https:\/\/api.w.org\/{rel}","templated":true}]}}