{"id":1210,"date":"2020-10-19T14:11:58","date_gmt":"2020-10-19T12:11:58","guid":{"rendered":"http:\/\/blidor-webshop-staging.ch.merlin.ch-meta.net\/shop\/import-placeholder-for-1772\/"},"modified":"2025-01-16T09:23:51","modified_gmt":"2025-01-16T08:23:51","slug":"parfum-dambiance-citron","status":"publish","type":"product","link":"https:\/\/blidor.ch\/fr\/webshop\/raumduft-lemon\/","title":{"rendered":"Parfum d'int\u00e9rieur Lemon"},"content":{"rendered":"<h2>L'ambiance m\u00e9diterran\u00e9enne chez soi<\/h2>\n<p>L'odeur fra\u00eeche des agrumes r\u00e9veille et donne de la vitalit\u00e9 et de la bonne humeur. Les huiles essentielles des agrumes ont un effet harmonisant sur l'air ambiant, neutralisent les odeurs d\u00e9sagr\u00e9ables et laissent une atmosph\u00e8re de bien-\u00eatre estival.<\/p>\n<p>Il est id\u00e9al pour les bureaux, les salles de bains ou les salles de fitness. Il incite \u00e0 bouger, revitalise et redonne de l'\u00e9nergie. Chassez la fatigue, les pens\u00e9es n\u00e9gatives et les soucis avec le parfum citron. Respirez une fra\u00eecheur ensoleill\u00e9e avec ce parfum d'ambiance !<\/p>","protected":false},"excerpt":{"rendered":"<p>Le parfum d'ambiance Lemon a un effet vivifiant et rafra\u00eechissant. Une merveilleuse composition parfum\u00e9e \u00e0 base de pamplemousse, de citronnelle et de citron plonge chaque pi\u00e8ce dans une fra\u00eecheur fruit\u00e9e. Une atmosph\u00e8re de vacances m\u00e9ridionales et une l\u00e9g\u00e8ret\u00e9 italienne s'installent.<\/p>","protected":false},"featured_media":1560,"comment_status":"open","ping_status":"closed","template":"","meta":[],"product_brand":[],"product_cat":[38,26],"product_tag":[773,772,770,771],"class_list":{"0":"post-1210","1":"product","2":"type-product","3":"status-publish","4":"has-post-thumbnail","6":"product_cat-duft","7":"product_cat-haushalt","8":"product_tag-fruchtige-frische","9":"product_tag-lemon","10":"product_tag-raumduft","11":"product_tag-zitrone","13":"first","14":"instock","15":"taxable","16":"shipping-taxable","17":"purchasable","18":"product-type-variable","19":"has-default-attributes"},"_links":{"self":[{"href":"https:\/\/blidor.ch\/fr\/wp-json\/wp\/v2\/product\/1210","targetHints":{"allow":["GET"]}}],"collection":[{"href":"https:\/\/blidor.ch\/fr\/wp-json\/wp\/v2\/product"}],"about":[{"href":"https:\/\/blidor.ch\/fr\/wp-json\/wp\/v2\/types\/product"}],"replies":[{"embeddable":true,"href":"https:\/\/blidor.ch\/fr\/wp-json\/wp\/v2\/comments?post=1210"}],"version-history":[{"count":1,"href":"https:\/\/blidor.ch\/fr\/wp-json\/wp\/v2\/product\/1210\/revisions"}],"predecessor-version":[{"id":20737,"href":"https:\/\/blidor.ch\/fr\/wp-json\/wp\/v2\/product\/1210\/revisions\/20737"}],"wp:featuredmedia":[{"embeddable":true,"href":"https:\/\/blidor.ch\/fr\/wp-json\/wp\/v2\/media\/1560"}],"wp:attachment":[{"href":"https:\/\/blidor.ch\/fr\/wp-json\/wp\/v2\/media?parent=1210"}],"wp:term":[{"taxonomy":"product_brand","embeddable":true,"href":"https:\/\/blidor.ch\/fr\/wp-json\/wp\/v2\/product_brand?post=1210"},{"taxonomy":"product_cat","embeddable":true,"href":"https:\/\/blidor.ch\/fr\/wp-json\/wp\/v2\/product_cat?post=1210"},{"taxonomy":"product_tag","embeddable":true,"href":"https:\/\/blidor.ch\/fr\/wp-json\/wp\/v2\/product_tag?post=1210"}],"curies":[{"name":"wp","href":"https:\/\/api.w.org\/{rel}","templated":true}]}}