{"id":1209,"date":"2020-10-19T14:11:58","date_gmt":"2020-10-19T12:11:58","guid":{"rendered":"http:\/\/blidor-webshop-staging.ch.merlin.ch-meta.net\/shop\/import-placeholder-for-1775\/"},"modified":"2025-01-07T08:57:45","modified_gmt":"2025-01-07T07:57:45","slug":"rose-dambiance","status":"publish","type":"product","link":"https:\/\/blidor.ch\/fr\/webshop\/raumduft-rose\/","title":{"rendered":"Parfum d'ambiance Rose"},"content":{"rendered":"<h2>Parfum d'ambiance Rose pour une ambiance \u00e9l\u00e9gante<\/h2>\n<p>Ce parfum conf\u00e8re \u00e0 votre pi\u00e8ce une touche de luxe - un parfum de rose naturel et discret. Le parfum d'ambiance\u00a0<a href=\"\/fr\/rose\/\">Rose<\/a> a un effet apaisant. La composition du parfum est faite de p\u00e9tales de rose et de bois de rose. C'est ce qui lui conf\u00e8re sa fra\u00eecheur l\u00e9g\u00e8rement \u00e2pre. L'eau et l'huile de rose sont ajout\u00e9es \u00e0 de nombreux parfums raffin\u00e9s.<\/p>\n<p>Gr\u00e2ce au nombre de b\u00e2tonnets en bois, vous d\u00e9terminez vous-m\u00eame l'intensit\u00e9 de parfum souhait\u00e9e. Un super parfum qui se r\u00e9pand discr\u00e8tement dans la pi\u00e8ce sans \u00eatre envahissant !<\/p>","protected":false},"excerpt":{"rendered":"<p>Le parfum d'ambiance Rose conf\u00e8re une \u00e9l\u00e9gance d\u00e9licate \u00e0 chaque pi\u00e8ce. Le parfum fait danser dans l'air des milliers de p\u00e9tales de roses multicolores. Il apaise l'esprit et rafra\u00eechit l'air ambiant de mani\u00e8re ludique. Profitez du parfum de la rose dans toutes les pi\u00e8ces de votre maison.<\/p>","protected":false},"featured_media":1566,"comment_status":"open","ping_status":"closed","template":"","meta":[],"product_brand":[],"product_cat":[38,26],"product_tag":[776,770,322,774,775],"class_list":{"0":"post-1209","1":"product","2":"type-product","3":"status-publish","4":"has-post-thumbnail","6":"product_cat-duft","7":"product_cat-haushalt","8":"product_tag-herbe-frische","9":"product_tag-raumduft","10":"product_tag-rose","11":"product_tag-rosenduft","12":"product_tag-rosenholz","14":"first","15":"instock","16":"taxable","17":"shipping-taxable","18":"purchasable","19":"product-type-variable","20":"has-default-attributes"},"_links":{"self":[{"href":"https:\/\/blidor.ch\/fr\/wp-json\/wp\/v2\/product\/1209","targetHints":{"allow":["GET"]}}],"collection":[{"href":"https:\/\/blidor.ch\/fr\/wp-json\/wp\/v2\/product"}],"about":[{"href":"https:\/\/blidor.ch\/fr\/wp-json\/wp\/v2\/types\/product"}],"replies":[{"embeddable":true,"href":"https:\/\/blidor.ch\/fr\/wp-json\/wp\/v2\/comments?post=1209"}],"version-history":[{"count":1,"href":"https:\/\/blidor.ch\/fr\/wp-json\/wp\/v2\/product\/1209\/revisions"}],"predecessor-version":[{"id":20736,"href":"https:\/\/blidor.ch\/fr\/wp-json\/wp\/v2\/product\/1209\/revisions\/20736"}],"wp:featuredmedia":[{"embeddable":true,"href":"https:\/\/blidor.ch\/fr\/wp-json\/wp\/v2\/media\/1566"}],"wp:attachment":[{"href":"https:\/\/blidor.ch\/fr\/wp-json\/wp\/v2\/media?parent=1209"}],"wp:term":[{"taxonomy":"product_brand","embeddable":true,"href":"https:\/\/blidor.ch\/fr\/wp-json\/wp\/v2\/product_brand?post=1209"},{"taxonomy":"product_cat","embeddable":true,"href":"https:\/\/blidor.ch\/fr\/wp-json\/wp\/v2\/product_cat?post=1209"},{"taxonomy":"product_tag","embeddable":true,"href":"https:\/\/blidor.ch\/fr\/wp-json\/wp\/v2\/product_tag?post=1209"}],"curies":[{"name":"wp","href":"https:\/\/api.w.org\/{rel}","templated":true}]}}