{"id":1208,"date":"2020-10-19T14:11:58","date_gmt":"2020-10-19T12:11:58","guid":{"rendered":"http:\/\/blidor-webshop-staging.ch.merlin.ch-meta.net\/shop\/import-placeholder-for-1759\/"},"modified":"2025-08-26T02:47:11","modified_gmt":"2025-08-26T00:47:11","slug":"creme-de-savon-amande","status":"publish","type":"product","link":"https:\/\/blidor.ch\/fr\/webshop\/seifencreme-mandel\/","title":{"rendered":"Cr\u00e8me de savon Amande"},"content":{"rendered":"<h2>Le savon liquide a un effet relipidant et n'agresse pas la peau<\/h2>\n<p>En se lavant les mains, la peau sensible est sollicit\u00e9e en permanence. Gr\u00e2ce \u00e0 l'ajout d'huile d'amande pure, la cr\u00e8me de savon \u00e0 l'amande apporte le soin et le regraissage n\u00e9cessaires. La peau peut d\u00e9j\u00e0 absorber l'huile pendant le lavage des mains. La mousse onctueuse, fine et douce d\u00e9gage un agr\u00e9able parfum de fra\u00eecheur. Les diff\u00e9rentes substances actives de l'amande garantissent une peau pure et des mains soign\u00e9es. Gr\u00e2ce au distributeur pratique, la cr\u00e8me de savon peut \u00eatre dos\u00e9e de mani\u00e8re tr\u00e8s \u00e9conomique.<\/p>\n<h2>Les amandes apportent nutriments et souplesse<\/h2>\n<p>L'amandier (Prunus dulcis) est une esp\u00e8ce v\u00e9g\u00e9tale du genre Prunus de la famille des rosac\u00e9es (Rosaceae). Sa drupe, c'est-\u00e0-dire la chair nutritive comestible du germe de la plante (endosperme), la <a href=\"\/fr\/amande\/\">Amande<\/a>L'huile d'olive est utilis\u00e9e de diverses mani\u00e8res dans l'alimentation et les cosm\u00e9tiques. Les diff\u00e9rentes substances actives de la <a href=\"\/fr\/amande\/\">Amande<\/a> assurent la puret\u00e9 de la peau et sont cens\u00e9es ralentir le processus de vieillissement du corps. <a href=\"\/fr\/amande\/\">Huile d'amande<\/a> est tr\u00e8s riche en nutriments - notamment en vitamine E.<\/p>","protected":false},"excerpt":{"rendered":"<p>La cr\u00e8me de savon \u00e0 l'amande est enrichie en huile d'amande pure et en prot\u00e9ines. Elle nettoie de mani\u00e8re particuli\u00e8rement douce et prend soin de la peau. Elle est id\u00e9ale pour les peaux s\u00e8ches et laisse un parfum agr\u00e9able et naturel.<\/p>","protected":false},"featured_media":1631,"comment_status":"open","ping_status":"closed","template":"","meta":[],"product_brand":[],"product_cat":[33,34,37],"product_tag":[561],"class_list":{"0":"post-1208","1":"product","2":"type-product","3":"status-publish","4":"has-post-thumbnail","6":"product_cat-hand-und-fuss","7":"product_cat-hygiene","8":"product_cat-seife","9":"product_tag-seifencreme","11":"first","12":"instock","13":"taxable","14":"shipping-taxable","15":"purchasable","16":"product-type-variable","17":"has-default-attributes"},"_links":{"self":[{"href":"https:\/\/blidor.ch\/fr\/wp-json\/wp\/v2\/product\/1208","targetHints":{"allow":["GET"]}}],"collection":[{"href":"https:\/\/blidor.ch\/fr\/wp-json\/wp\/v2\/product"}],"about":[{"href":"https:\/\/blidor.ch\/fr\/wp-json\/wp\/v2\/types\/product"}],"replies":[{"embeddable":true,"href":"https:\/\/blidor.ch\/fr\/wp-json\/wp\/v2\/comments?post=1208"}],"version-history":[{"count":0,"href":"https:\/\/blidor.ch\/fr\/wp-json\/wp\/v2\/product\/1208\/revisions"}],"wp:featuredmedia":[{"embeddable":true,"href":"https:\/\/blidor.ch\/fr\/wp-json\/wp\/v2\/media\/1631"}],"wp:attachment":[{"href":"https:\/\/blidor.ch\/fr\/wp-json\/wp\/v2\/media?parent=1208"}],"wp:term":[{"taxonomy":"product_brand","embeddable":true,"href":"https:\/\/blidor.ch\/fr\/wp-json\/wp\/v2\/product_brand?post=1208"},{"taxonomy":"product_cat","embeddable":true,"href":"https:\/\/blidor.ch\/fr\/wp-json\/wp\/v2\/product_cat?post=1208"},{"taxonomy":"product_tag","embeddable":true,"href":"https:\/\/blidor.ch\/fr\/wp-json\/wp\/v2\/product_tag?post=1208"}],"curies":[{"name":"wp","href":"https:\/\/api.w.org\/{rel}","templated":true}]}}