{"id":1190,"date":"2020-10-19T14:11:37","date_gmt":"2020-10-19T12:11:37","guid":{"rendered":"http:\/\/blidor-webshop-staging.ch.merlin.ch-meta.net\/shop\/import-placeholder-for-1766\/"},"modified":"2025-01-16T09:23:36","modified_gmt":"2025-01-16T08:23:36","slug":"bouleau-parfume-dambiance","status":"publish","type":"product","link":"https:\/\/blidor.ch\/fr\/webshop\/raumduft-birke\/","title":{"rendered":"Parfum d'ambiance Bouleau"},"content":{"rendered":"<h2>Le bouleau comme d\u00e9sodorisant<\/h2>\n<p>Depuis toujours, le bouleau (Betula alba) est consid\u00e9r\u00e9 comme un arbre sacr\u00e9 qui symbolise les f\u00eates de la fertilit\u00e9 au printemps. En raison de son \u00e9corce blanche et de ses feuilles vert clair, il est synonyme de l\u00e9g\u00e8ret\u00e9 et de jeunesse. Ses feuilles et la s\u00e8ve de l'\u00e9corce de bouleau sont utilis\u00e9es dans la m\u00e9decine pour soigner diff\u00e9rents maux. L'ar\u00f4me du bouleau diffuse un parfum frais dans chaque pi\u00e8ce de vie. Profitez de l'air ambiant aromatique qui d\u00e9gage de l'\u00e9nergie et de la vitalit\u00e9.<\/p>\n<p class=\"bodytext\">","protected":false},"excerpt":{"rendered":"<p>Le parfum d'ambiance Bouleau a un effet r\u00e9g\u00e9n\u00e9rant et vivifiant. Sa composition parfum\u00e9e raffin\u00e9e \u00e0 base de bois de bouleau, de musc et de mousse irlandaise apporte de la fra\u00eecheur et cr\u00e9e une atmosph\u00e8re comme dans une for\u00eat printani\u00e8re. Imaginez le bruissement des feuilles de bouleau et d\u00e9tendez-vous avec ce parfum.<\/p>","protected":false},"featured_media":1564,"comment_status":"open","ping_status":"closed","template":"","meta":[],"product_brand":[],"product_cat":[38,26],"product_tag":[777,779,778,770],"class_list":{"0":"post-1190","1":"product","2":"type-product","3":"status-publish","4":"has-post-thumbnail","6":"product_cat-duft","7":"product_cat-haushalt","8":"product_tag-birke","9":"product_tag-frischer-duft","10":"product_tag-fruehlingsduft","11":"product_tag-raumduft","13":"first","14":"instock","15":"taxable","16":"shipping-taxable","17":"purchasable","18":"product-type-variable","19":"has-default-attributes"},"_links":{"self":[{"href":"https:\/\/blidor.ch\/fr\/wp-json\/wp\/v2\/product\/1190","targetHints":{"allow":["GET"]}}],"collection":[{"href":"https:\/\/blidor.ch\/fr\/wp-json\/wp\/v2\/product"}],"about":[{"href":"https:\/\/blidor.ch\/fr\/wp-json\/wp\/v2\/types\/product"}],"replies":[{"embeddable":true,"href":"https:\/\/blidor.ch\/fr\/wp-json\/wp\/v2\/comments?post=1190"}],"version-history":[{"count":1,"href":"https:\/\/blidor.ch\/fr\/wp-json\/wp\/v2\/product\/1190\/revisions"}],"predecessor-version":[{"id":20739,"href":"https:\/\/blidor.ch\/fr\/wp-json\/wp\/v2\/product\/1190\/revisions\/20739"}],"wp:featuredmedia":[{"embeddable":true,"href":"https:\/\/blidor.ch\/fr\/wp-json\/wp\/v2\/media\/1564"}],"wp:attachment":[{"href":"https:\/\/blidor.ch\/fr\/wp-json\/wp\/v2\/media?parent=1190"}],"wp:term":[{"taxonomy":"product_brand","embeddable":true,"href":"https:\/\/blidor.ch\/fr\/wp-json\/wp\/v2\/product_brand?post=1190"},{"taxonomy":"product_cat","embeddable":true,"href":"https:\/\/blidor.ch\/fr\/wp-json\/wp\/v2\/product_cat?post=1190"},{"taxonomy":"product_tag","embeddable":true,"href":"https:\/\/blidor.ch\/fr\/wp-json\/wp\/v2\/product_tag?post=1190"}],"curies":[{"name":"wp","href":"https:\/\/api.w.org\/{rel}","templated":true}]}}