{"id":1189,"date":"2020-10-19T14:11:37","date_gmt":"2020-10-19T12:11:37","guid":{"rendered":"http:\/\/blidor-webshop-staging.ch.merlin.ch-meta.net\/shop\/import-placeholder-for-1748\/"},"modified":"2023-12-13T02:38:04","modified_gmt":"2023-12-13T01:38:04","slug":"zirrus-active-eau-de-toilette","status":"publish","type":"product","link":"https:\/\/blidor.ch\/fr\/webshop\/zirrus-active-eau-de-toilette\/","title":{"rendered":"Zirrus Active, eau de toilette"},"content":{"rendered":"<h2>Zirrus Activ - l'eau de toilette pour l'homme moderne<\/h2>\n<p>Ce parfum est \u00e0 la fois tendance et charmant. Il s'accorde aussi bien avec un costume d'affaires qu'avec un look d\u00e9contract\u00e9. Vivifiant et rafra\u00eechissant, ce parfum est id\u00e9al pour l'homme soign\u00e9 d'aujourd'hui. L'Eau de Toilette Zirrus Activ rafra\u00eechit toute la journ\u00e9e et convainc par son m\u00e9lange raffin\u00e9 de notes parfum\u00e9es l\u00e9g\u00e8res et \u00e2pres.<\/p>","protected":false},"excerpt":{"rendered":"<p>L'eau de toilette Zirrus Active est synonyme de virilit\u00e9 \u00e2pre et vitale. C'est le parfum id\u00e9al pour s'envelopper apr\u00e8s la douche ou le bain. Ses nuances fra\u00eeches et \u00e2pres \u00e9voquent l'activit\u00e9 et le courage d'agir. Exprimez votre personnalit\u00e9 masculine avec ce parfum moderne.<\/p>","protected":false},"featured_media":1550,"comment_status":"open","ping_status":"closed","template":"","meta":[],"product_brand":[],"product_cat":[30,36],"product_tag":[817,615,818,816,819],"class_list":{"0":"post-1189","1":"product","2":"type-product","3":"status-publish","4":"has-post-thumbnail","6":"product_cat-kosmetik","7":"product_cat-parfuem","8":"product_tag-eau-de-toilette","9":"product_tag-erfrischend","10":"product_tag-herb","11":"product_tag-parfum","12":"product_tag-trendig","14":"first","15":"instock","16":"taxable","17":"shipping-taxable","18":"purchasable","19":"product-type-simple"},"_links":{"self":[{"href":"https:\/\/blidor.ch\/fr\/wp-json\/wp\/v2\/product\/1189","targetHints":{"allow":["GET"]}}],"collection":[{"href":"https:\/\/blidor.ch\/fr\/wp-json\/wp\/v2\/product"}],"about":[{"href":"https:\/\/blidor.ch\/fr\/wp-json\/wp\/v2\/types\/product"}],"replies":[{"embeddable":true,"href":"https:\/\/blidor.ch\/fr\/wp-json\/wp\/v2\/comments?post=1189"}],"version-history":[{"count":0,"href":"https:\/\/blidor.ch\/fr\/wp-json\/wp\/v2\/product\/1189\/revisions"}],"wp:featuredmedia":[{"embeddable":true,"href":"https:\/\/blidor.ch\/fr\/wp-json\/wp\/v2\/media\/1550"}],"wp:attachment":[{"href":"https:\/\/blidor.ch\/fr\/wp-json\/wp\/v2\/media?parent=1189"}],"wp:term":[{"taxonomy":"product_brand","embeddable":true,"href":"https:\/\/blidor.ch\/fr\/wp-json\/wp\/v2\/product_brand?post=1189"},{"taxonomy":"product_cat","embeddable":true,"href":"https:\/\/blidor.ch\/fr\/wp-json\/wp\/v2\/product_cat?post=1189"},{"taxonomy":"product_tag","embeddable":true,"href":"https:\/\/blidor.ch\/fr\/wp-json\/wp\/v2\/product_tag?post=1189"}],"curies":[{"name":"wp","href":"https:\/\/api.w.org\/{rel}","templated":true}]}}