{"id":1187,"date":"2020-10-19T14:11:37","date_gmt":"2020-10-19T12:11:37","guid":{"rendered":"http:\/\/blidor-webshop-staging.ch.merlin.ch-meta.net\/shop\/import-placeholder-for-1745\/"},"modified":"2023-10-19T12:31:05","modified_gmt":"2023-10-19T10:31:05","slug":"vivo-eau-de-toilette","status":"publish","type":"product","link":"https:\/\/blidor.ch\/fr\/webshop\/vivo-eau-de-toilette\/","title":{"rendered":"VIVO, eau de toilette"},"content":{"rendered":"<h2>Avec Vivo tout au long de la journ\u00e9e - une eau de toilette pour les hommes actifs<\/h2>\n<p>Cette eau de toilette vous aide \u00e0 exprimer toutes vos facettes. Elle est vivifiante gr\u00e2ce \u00e0 un soup\u00e7on de pamplemousse, envo\u00fbtante gr\u00e2ce \u00e0 des nuances de musc finement \u00e2pres et repr\u00e9sente une l\u00e9g\u00e8ret\u00e9 \u00e2pre gr\u00e2ce \u00e0 l'\u00e9l\u00e9gante note parfum\u00e9e du bois de c\u00e8dre. Profitez de cette combinaison unique de parfums. Elle vous offre un pur rafra\u00eechissement pour commencer la journ\u00e9e en pleine forme.<\/p>\n<p>Le saviez-vous ? Un parfum ou une eau de toilette a un effet intense sur la peau, durable lorsqu'on le vaporise sur les v\u00eatements et discret lorsqu'on passe \u00e0 travers sa brume.<\/p>\n<h2>VIVO convient toujours<\/h2>\n<p>Combiner <a href=\"\/fr\/boutique-en-ligne\/hidrymax-3\/\">VIVO DEO<\/a> et <a href=\"\/fr\/boutique-en-ligne\/hidrymax-2\/\">VIVO Gel douche<\/a> avec notre Eau de Toilette VIVO pour cr\u00e9er une exp\u00e9rience olfactive compl\u00e8te qui ravive vos sens et renforce votre confiance en vous. VIVO convient toujours - que ce soit pour le rituel du matin ou pour des occasions particuli\u00e8res, notre gamme de produits VIVO vous accompagne avec un parfum irr\u00e9sistible qui souligne votre individualit\u00e9.<\/p>","protected":false},"excerpt":{"rendered":"<p>L'Eau de Toilette Vivo pour hommes s\u00e9duit par sa composition parfum\u00e9e rafra\u00eechissante et vivante. Elle associe des notes fruit\u00e9es \u00e0 des nuances subtilement \u00e2pres. Dans l'ensemble, elle est synonyme de vitalit\u00e9 et de dynamisme. Un parfum qui accompagne l'homme dans les aventures de la vie moderne.<\/p>","protected":false},"featured_media":1549,"comment_status":"open","ping_status":"closed","template":"","meta":[],"product_brand":[],"product_cat":[30,36],"product_tag":[],"class_list":{"0":"post-1187","1":"product","2":"type-product","3":"status-publish","4":"has-post-thumbnail","6":"product_cat-kosmetik","7":"product_cat-parfuem","9":"first","10":"instock","11":"taxable","12":"shipping-taxable","13":"purchasable","14":"product-type-simple"},"_links":{"self":[{"href":"https:\/\/blidor.ch\/fr\/wp-json\/wp\/v2\/product\/1187","targetHints":{"allow":["GET"]}}],"collection":[{"href":"https:\/\/blidor.ch\/fr\/wp-json\/wp\/v2\/product"}],"about":[{"href":"https:\/\/blidor.ch\/fr\/wp-json\/wp\/v2\/types\/product"}],"replies":[{"embeddable":true,"href":"https:\/\/blidor.ch\/fr\/wp-json\/wp\/v2\/comments?post=1187"}],"version-history":[{"count":0,"href":"https:\/\/blidor.ch\/fr\/wp-json\/wp\/v2\/product\/1187\/revisions"}],"wp:featuredmedia":[{"embeddable":true,"href":"https:\/\/blidor.ch\/fr\/wp-json\/wp\/v2\/media\/1549"}],"wp:attachment":[{"href":"https:\/\/blidor.ch\/fr\/wp-json\/wp\/v2\/media?parent=1187"}],"wp:term":[{"taxonomy":"product_brand","embeddable":true,"href":"https:\/\/blidor.ch\/fr\/wp-json\/wp\/v2\/product_brand?post=1187"},{"taxonomy":"product_cat","embeddable":true,"href":"https:\/\/blidor.ch\/fr\/wp-json\/wp\/v2\/product_cat?post=1187"},{"taxonomy":"product_tag","embeddable":true,"href":"https:\/\/blidor.ch\/fr\/wp-json\/wp\/v2\/product_tag?post=1187"}],"curies":[{"name":"wp","href":"https:\/\/api.w.org\/{rel}","templated":true}]}}