{"id":1185,"date":"2020-10-19T14:11:37","date_gmt":"2020-10-19T12:11:37","guid":{"rendered":"http:\/\/blidor-webshop-staging.ch.merlin.ch-meta.net\/shop\/import-placeholder-for-1739\/"},"modified":"2023-11-21T23:56:50","modified_gmt":"2023-11-21T22:56:50","slug":"memoire-eau-de-parfum","status":"publish","type":"product","link":"https:\/\/blidor.ch\/fr\/webshop\/memory-eau-de-parfum\/","title":{"rendered":"Memory, Eau de Parfum"},"content":{"rendered":"<h2>Profiter de chaque jour avec le parfum Memory<\/h2>\n<p>Le parfum Memory est une composition olfactive rayonnante et myst\u00e9rieuse qui attire imm\u00e9diatement l'attention. Il symbolise la joie, les d\u00e9sirs et les espoirs. Ses notes olfactives sont florales et fra\u00eeches, mais aussi l\u00e9g\u00e8rement bois\u00e9es pour cr\u00e9er un contraste. Comme tous les parfums de qualit\u00e9, il agit \u00e0 trois niveaux : La note de t\u00eate, la note de c\u0153ur et la note de fond.<\/p>\n<p>Vous ressentez la note de t\u00eate imm\u00e9diatement apr\u00e8s l'application. Apr\u00e8s 15 minutes, elle s'\u00e9vapore et laisse place \u00e0 la note de c\u0153ur, que vous pouvez percevoir pendant quelques heures. La note de fond conclut avec les ingr\u00e9dients de longue dur\u00e9e. Le plus important est la note de c\u0153ur, qui offre ici un caract\u00e8re floral avec des nuances tr\u00e8s l\u00e9g\u00e8rement \u00e2pres.<\/p>\n<h2>Fleuri et parfum\u00e9 <a href=\"\/fr\/cosmetiques-naturels\/\">Cosm\u00e9tiques naturels<\/a><\/h2>\n<p>Tu aimes les produits cosm\u00e9tiques fleuris et parfum\u00e9s. Alors tu es \u00e0 la bonne adresse avec notre <a href=\"\/fr\/cosmetiques-naturels\/\">Cosm\u00e9tiques naturels<\/a>-ligne <a href=\"\/fr\/cosmetiques-naturels\/\">NOLEA Avocat<\/a> correct.<\/p>","protected":false},"excerpt":{"rendered":"<p>Le parfum de l'Eau de Parfum Memory reste en m\u00e9moire. Il r\u00e9unit diff\u00e9rentes caract\u00e9ristiques : vivant, stimulant, floral et frais. C'est exactement le parfum qu'il faut aux femmes qui osent et qui traversent la vie avec assurance. Le parfum est synonyme de modernit\u00e9 intemporelle.<\/p>","protected":false},"featured_media":1546,"comment_status":"open","ping_status":"closed","template":"","meta":[],"product_brand":[],"product_cat":[30,36],"product_tag":[822,821,687,823,816],"class_list":{"0":"post-1185","1":"product","2":"type-product","3":"status-publish","4":"has-post-thumbnail","6":"product_cat-kosmetik","7":"product_cat-parfuem","8":"product_tag-blumig","9":"product_tag-eau-de-parfum","10":"product_tag-frisch","11":"product_tag-leicht-holzig","12":"product_tag-parfum","14":"first","15":"instock","16":"taxable","17":"shipping-taxable","18":"purchasable","19":"product-type-simple"},"_links":{"self":[{"href":"https:\/\/blidor.ch\/fr\/wp-json\/wp\/v2\/product\/1185","targetHints":{"allow":["GET"]}}],"collection":[{"href":"https:\/\/blidor.ch\/fr\/wp-json\/wp\/v2\/product"}],"about":[{"href":"https:\/\/blidor.ch\/fr\/wp-json\/wp\/v2\/types\/product"}],"replies":[{"embeddable":true,"href":"https:\/\/blidor.ch\/fr\/wp-json\/wp\/v2\/comments?post=1185"}],"version-history":[{"count":0,"href":"https:\/\/blidor.ch\/fr\/wp-json\/wp\/v2\/product\/1185\/revisions"}],"wp:featuredmedia":[{"embeddable":true,"href":"https:\/\/blidor.ch\/fr\/wp-json\/wp\/v2\/media\/1546"}],"wp:attachment":[{"href":"https:\/\/blidor.ch\/fr\/wp-json\/wp\/v2\/media?parent=1185"}],"wp:term":[{"taxonomy":"product_brand","embeddable":true,"href":"https:\/\/blidor.ch\/fr\/wp-json\/wp\/v2\/product_brand?post=1185"},{"taxonomy":"product_cat","embeddable":true,"href":"https:\/\/blidor.ch\/fr\/wp-json\/wp\/v2\/product_cat?post=1185"},{"taxonomy":"product_tag","embeddable":true,"href":"https:\/\/blidor.ch\/fr\/wp-json\/wp\/v2\/product_tag?post=1185"}],"curies":[{"name":"wp","href":"https:\/\/api.w.org\/{rel}","templated":true}]}}