{"id":1184,"date":"2020-10-19T14:11:37","date_gmt":"2020-10-19T12:11:37","guid":{"rendered":"http:\/\/blidor-webshop-staging.ch.merlin.ch-meta.net\/shop\/import-placeholder-for-1806\/"},"modified":"2024-10-16T15:47:45","modified_gmt":"2024-10-16T13:47:45","slug":"creme-vitale-pour-les-mains-viola","status":"publish","type":"product","link":"https:\/\/blidor.ch\/fr\/webshop\/handvitalcreme-viola\/","title":{"rendered":"HandVitalCreme Viola"},"content":{"rendered":"<h2>Soigner et prot\u00e9ger efficacement les mains<\/h2>\n<p>Vos mains sont votre carte de visite personnelle. De belles mains donnent une impression g\u00e9n\u00e9rale soign\u00e9e et donc positive. Les mains et les ongles sont expos\u00e9s chaque jour \u00e0 de nombreuses influences diff\u00e9rentes. Outre le processus de vieillissement naturel, l'alimentation, la pollution, les produits de nettoyage agressifs et d'autres facteurs agressifs pour la peau sont \u00e9galement responsables de l'\u00e9tat de la peau de vos mains. Prenez soin de vos mains aussi intens\u00e9ment que possible pour qu'elles restent belles et douces.<\/p>\n<h2>Cr\u00e8me pour les mains avec des ingr\u00e9dients naturels<\/h2>\n<p>De pr\u00e9cieuses substances actives telles que le beurre de karit\u00e9 lissant, l'huile d'avocat r\u00e9g\u00e9n\u00e9rante, la vitamine E reconstituante ainsi que les extraits v\u00e9g\u00e9taux naturels de pens\u00e9e sauvage rendent la HandVialCreme Viola si riche. En appliquant r\u00e9guli\u00e8rement de la cr\u00e8me sur les mains, la peau est assouplie, prot\u00e9g\u00e9e efficacement et nourrie de substances pr\u00e9cieuses. De plus, le beurre de karit\u00e9 hautement efficace nourrit intens\u00e9ment les cuticules sensibles avec des graisses soignantes.<\/p>\n<h2>Acheter des cosm\u00e9tiques naturels de Suisse en ligne<\/h2>\n<p>Tous les produits cosm\u00e9tiques naturels - comme la cr\u00e8me pour les mains Viola - sont fabriqu\u00e9s en Suisse et vous sont envoy\u00e9s directement depuis la production.<\/p>","protected":false},"excerpt":{"rendered":"<p>La cr\u00e8me pour les mains r\u00e9g\u00e9n\u00e9ratrice Viola de la ligne de cosm\u00e9tiques naturels NOLEA vous permet de prendre soin de vos mains de mani\u00e8re optimale et de leur apporter de nombreux nutriments pr\u00e9cieux. Vos mains restent ainsi souples et la peau est en m\u00eame temps prot\u00e9g\u00e9e contre le dess\u00e8chement. Les cuticules sensibles sont \u00e9galement soign\u00e9es de mani\u00e8re cibl\u00e9e et intensive avec cette cr\u00e8me.<\/p>","protected":false},"featured_media":1545,"comment_status":"open","ping_status":"closed","template":"","meta":[],"product_brand":[],"product_cat":[33,30,39],"product_tag":[676,762,765],"class_list":{"0":"post-1184","1":"product","2":"type-product","3":"status-publish","4":"has-post-thumbnail","6":"product_cat-hand-und-fuss","7":"product_cat-kosmetik","8":"product_cat-naturkosmetik","9":"product_tag-handcreme","10":"product_tag-naturkosmetik","11":"product_tag-viola","13":"first","14":"instock","15":"taxable","16":"shipping-taxable","17":"product-type-variable","18":"has-default-attributes"},"_links":{"self":[{"href":"https:\/\/blidor.ch\/fr\/wp-json\/wp\/v2\/product\/1184","targetHints":{"allow":["GET"]}}],"collection":[{"href":"https:\/\/blidor.ch\/fr\/wp-json\/wp\/v2\/product"}],"about":[{"href":"https:\/\/blidor.ch\/fr\/wp-json\/wp\/v2\/types\/product"}],"replies":[{"embeddable":true,"href":"https:\/\/blidor.ch\/fr\/wp-json\/wp\/v2\/comments?post=1184"}],"version-history":[{"count":1,"href":"https:\/\/blidor.ch\/fr\/wp-json\/wp\/v2\/product\/1184\/revisions"}],"predecessor-version":[{"id":20514,"href":"https:\/\/blidor.ch\/fr\/wp-json\/wp\/v2\/product\/1184\/revisions\/20514"}],"wp:featuredmedia":[{"embeddable":true,"href":"https:\/\/blidor.ch\/fr\/wp-json\/wp\/v2\/media\/1545"}],"wp:attachment":[{"href":"https:\/\/blidor.ch\/fr\/wp-json\/wp\/v2\/media?parent=1184"}],"wp:term":[{"taxonomy":"product_brand","embeddable":true,"href":"https:\/\/blidor.ch\/fr\/wp-json\/wp\/v2\/product_brand?post=1184"},{"taxonomy":"product_cat","embeddable":true,"href":"https:\/\/blidor.ch\/fr\/wp-json\/wp\/v2\/product_cat?post=1184"},{"taxonomy":"product_tag","embeddable":true,"href":"https:\/\/blidor.ch\/fr\/wp-json\/wp\/v2\/product_tag?post=1184"}],"curies":[{"name":"wp","href":"https:\/\/api.w.org\/{rel}","templated":true}]}}