{"id":1183,"date":"2020-10-19T14:11:37","date_gmt":"2020-10-19T12:11:37","guid":{"rendered":"http:\/\/blidor-webshop-staging.ch.merlin.ch-meta.net\/shop\/import-placeholder-for-1736\/"},"modified":"2024-06-26T10:25:17","modified_gmt":"2024-06-26T08:25:17","slug":"angelina-eau-de-parfum","status":"publish","type":"product","link":"https:\/\/blidor.ch\/fr\/webshop\/angelina-eau-de-parfum\/","title":{"rendered":"Angelina, Eau de Parfum"},"content":{"rendered":"<h2>Angelina - un parfum pour les femmes modernes qui ont du style<\/h2>\n<p>Le parfum d'Angelina est plein de promesses et de passion dans ses composants lourds et plein d'\u00e9clat l\u00e9ger dans ses nuances fra\u00eeches et florales. Il trouble et envo\u00fbte \u00e0 la fois. Pour les femmes modernes, ouvertes d'esprit et conscientes de leur style, qui souhaitent exprimer leur c\u00f4t\u00e9 r\u00eaveur avec un parfum sensuel et frais.  Il enveloppe la femme qui le porte et la rend reconnaissable.<\/p>\n<p>L'Eau de Parfum pour femme a une odeur encore l\u00e9g\u00e8re et fra\u00eeche dans la note de t\u00eate. Dans la note de c\u0153ur, elle d\u00e9ploie sa sensualit\u00e9 et sa douceur lourde. En note de fond, il reste des notes agr\u00e9ables, lourdes et l\u00e9g\u00e8rement bois\u00e9es. C'est un parfum qui convient parfaitement aux soir\u00e9es et qui restera grav\u00e9 dans la m\u00e9moire de votre partenaire.<\/p>\n<p>&nbsp;<\/p>","protected":false},"excerpt":{"rendered":"<p>L'Eau de Parfum Angelina envo\u00fbte par ses notes florales et sensuelles et agit de mani\u00e8re s\u00e9duisante et passionn\u00e9e. Sa composition florale et fruit\u00e9e vous enveloppe d'une \u00e9l\u00e9gance f\u00e9minine, myst\u00e9rieuse et fra\u00eeche. Savourez ce parfum lorsque vous \u00eates pleinement consciente de votre sensualit\u00e9 et de votre f\u00e9minit\u00e9 et que vous souhaitez les faire rayonner.<\/p>","protected":false},"featured_media":1547,"comment_status":"open","ping_status":"closed","template":"","meta":[],"product_brand":[],"product_cat":[30,36],"product_tag":[821,687,824,825,816],"class_list":{"0":"post-1183","1":"product","2":"type-product","3":"status-publish","4":"has-post-thumbnail","6":"product_cat-kosmetik","7":"product_cat-parfuem","8":"product_tag-eau-de-parfum","9":"product_tag-frisch","10":"product_tag-leidenschaftlich","11":"product_tag-modern","12":"product_tag-parfum","14":"first","15":"instock","16":"taxable","17":"shipping-taxable","18":"purchasable","19":"product-type-simple"},"_links":{"self":[{"href":"https:\/\/blidor.ch\/fr\/wp-json\/wp\/v2\/product\/1183","targetHints":{"allow":["GET"]}}],"collection":[{"href":"https:\/\/blidor.ch\/fr\/wp-json\/wp\/v2\/product"}],"about":[{"href":"https:\/\/blidor.ch\/fr\/wp-json\/wp\/v2\/types\/product"}],"replies":[{"embeddable":true,"href":"https:\/\/blidor.ch\/fr\/wp-json\/wp\/v2\/comments?post=1183"}],"version-history":[{"count":0,"href":"https:\/\/blidor.ch\/fr\/wp-json\/wp\/v2\/product\/1183\/revisions"}],"wp:featuredmedia":[{"embeddable":true,"href":"https:\/\/blidor.ch\/fr\/wp-json\/wp\/v2\/media\/1547"}],"wp:attachment":[{"href":"https:\/\/blidor.ch\/fr\/wp-json\/wp\/v2\/media?parent=1183"}],"wp:term":[{"taxonomy":"product_brand","embeddable":true,"href":"https:\/\/blidor.ch\/fr\/wp-json\/wp\/v2\/product_brand?post=1183"},{"taxonomy":"product_cat","embeddable":true,"href":"https:\/\/blidor.ch\/fr\/wp-json\/wp\/v2\/product_cat?post=1183"},{"taxonomy":"product_tag","embeddable":true,"href":"https:\/\/blidor.ch\/fr\/wp-json\/wp\/v2\/product_tag?post=1183"}],"curies":[{"name":"wp","href":"https:\/\/api.w.org\/{rel}","templated":true}]}}