{"id":1182,"date":"2020-10-19T14:11:37","date_gmt":"2020-10-19T12:11:37","guid":{"rendered":"http:\/\/blidor-webshop-staging.ch.merlin.ch-meta.net\/shop\/import-placeholder-for-1733\/"},"modified":"2024-10-21T10:13:27","modified_gmt":"2024-10-21T08:13:27","slug":"sportiva-eau-de-toilette","status":"publish","type":"product","link":"https:\/\/blidor.ch\/fr\/webshop\/sportiva-eau-de-toilette\/","title":{"rendered":"Sportiva, eau de toilette"},"content":{"rendered":"<h2>Rayonner de dynamisme sportif avec l'Eau de Toilette Sportiva<\/h2>\n<p>Le parfum Sportiva rafra\u00eechit toute la journ\u00e9e et donne un air irr\u00e9sistible et jeune au quotidien. L'eau de toilette Sportiva s'adapte \u00e0 toutes les situations. Un parfum sp\u00e9cialement cr\u00e9\u00e9 pour les femmes qui aiment le sport et la f\u00e9minit\u00e9 et qui aiment s'envelopper d'un agr\u00e9able parfum de charme.<\/p>\n<p>Dans la note de t\u00eate, Sportiva enthousiasme par ses nuances florales. Celles-ci persistent pendant environ 15 minutes. La note de c\u0153ur est caract\u00e9ris\u00e9e par l'ambre et le musc et les nuances fra\u00eeches des agrumes restent dans la note de fond. C'est en vaporisant directement sur la peau que l'effet est le plus intense. Il dure toutefois plus longtemps si on le vaporise l\u00e9g\u00e8rement sur les v\u00eatements.<\/p>\n<p class=\"bodytext\">","protected":false},"excerpt":{"rendered":"<p>L'eau de toilette Sportiva s'inscrit parfaitement dans l'air du temps. Quoi de plus agr\u00e9able qu'un parfum frais et sportif pour toutes les occasions.<\/p>","protected":false},"featured_media":1548,"comment_status":"open","ping_status":"closed","template":"","meta":[],"product_brand":[],"product_cat":[30,36],"product_tag":[822,817,687,816,826],"class_list":{"0":"post-1182","1":"product","2":"type-product","3":"status-publish","4":"has-post-thumbnail","6":"product_cat-kosmetik","7":"product_cat-parfuem","8":"product_tag-blumig","9":"product_tag-eau-de-toilette","10":"product_tag-frisch","11":"product_tag-parfum","12":"product_tag-sportlich","14":"first","15":"outofstock","16":"taxable","17":"shipping-taxable","18":"purchasable","19":"product-type-simple"},"_links":{"self":[{"href":"https:\/\/blidor.ch\/fr\/wp-json\/wp\/v2\/product\/1182","targetHints":{"allow":["GET"]}}],"collection":[{"href":"https:\/\/blidor.ch\/fr\/wp-json\/wp\/v2\/product"}],"about":[{"href":"https:\/\/blidor.ch\/fr\/wp-json\/wp\/v2\/types\/product"}],"replies":[{"embeddable":true,"href":"https:\/\/blidor.ch\/fr\/wp-json\/wp\/v2\/comments?post=1182"}],"version-history":[{"count":1,"href":"https:\/\/blidor.ch\/fr\/wp-json\/wp\/v2\/product\/1182\/revisions"}],"predecessor-version":[{"id":20528,"href":"https:\/\/blidor.ch\/fr\/wp-json\/wp\/v2\/product\/1182\/revisions\/20528"}],"wp:featuredmedia":[{"embeddable":true,"href":"https:\/\/blidor.ch\/fr\/wp-json\/wp\/v2\/media\/1548"}],"wp:attachment":[{"href":"https:\/\/blidor.ch\/fr\/wp-json\/wp\/v2\/media?parent=1182"}],"wp:term":[{"taxonomy":"product_brand","embeddable":true,"href":"https:\/\/blidor.ch\/fr\/wp-json\/wp\/v2\/product_brand?post=1182"},{"taxonomy":"product_cat","embeddable":true,"href":"https:\/\/blidor.ch\/fr\/wp-json\/wp\/v2\/product_cat?post=1182"},{"taxonomy":"product_tag","embeddable":true,"href":"https:\/\/blidor.ch\/fr\/wp-json\/wp\/v2\/product_tag?post=1182"}],"curies":[{"name":"wp","href":"https:\/\/api.w.org\/{rel}","templated":true}]}}