{"id":1180,"date":"2020-10-19T14:11:37","date_gmt":"2020-10-19T12:11:37","guid":{"rendered":"http:\/\/blidor-webshop-staging.ch.merlin.ch-meta.net\/shop\/import-placeholder-for-1727\/"},"modified":"2023-11-21T23:48:26","modified_gmt":"2023-11-21T22:48:26","slug":"creme-pour-les-pieds-olive","status":"publish","type":"product","link":"https:\/\/blidor.ch\/fr\/webshop\/fusscreme-olive\/","title":{"rendered":"Cr\u00e8me pour les pieds Olive"},"content":{"rendered":"<h2>Des pieds soign\u00e9s gr\u00e2ce \u00e0 la cr\u00e8me pour les pieds Olive<\/h2>\n<p>Nos pieds sont soumis quotidiennement \u00e0 de nombreuses sollicitations. Cela peut facilement conduire \u00e0 une peau s\u00e8che et \u00e0 des callosit\u00e9s. Naturel <a href=\"\/fr\/olive\/\">Huile d'olive<\/a> favorise le renouvellement de la peau, l'hydrate et contribue ainsi \u00e0 r\u00e9duire la formation de callosit\u00e9s. La cr\u00e8me pour les pieds Olive contient des huiles v\u00e9g\u00e9tales naturelles, de l'extrait de feuilles d'olivier ainsi que divers composants soignants et revitalisants. Utilis\u00e9e r\u00e9guli\u00e8rement, elle redonne de la souplesse \u00e0 la peau s\u00e8che et fissur\u00e9e des talons et de la plante des pieds.<\/p>\n<h2>Acheter une cr\u00e8me pour les pieds naturelle en ligne<\/h2>\n<p>Pour notre cr\u00e8me pour les pieds Olive, nous avons utilis\u00e9 de l'huile d'olive bio.<a href=\"\/fr\/olive\/\">Extrait de feuilles d'olivier<\/a> est utilis\u00e9.<\/p>\n<h2><a href=\"\/fr\/olive\/\">Huile d'olive<\/a> pour les mains et le visage<\/h2>\n<p>En plus de notre cr\u00e8me pour les pieds \u00e0 l'olive, nous te proposons \u00e9galement la force de l'olive sous forme d'huile. <a href=\"\/fr\/boutique-en-ligne\/creme-pour-les-mains-olive\/\">Cr\u00e8me pour les mains Olive<\/a>, <a href=\"\/fr\/boutique-en-ligne\/creme-de-jour-olive\/\">Cr\u00e8me de jour Olive<\/a> et <a href=\"\/fr\/boutique-en-ligne\/creme-de-nuit-olive\/\">Cr\u00e8me de nuit Olive<\/a> \u00e0.<\/p>","protected":false},"excerpt":{"rendered":"<p>La cr\u00e8me pour les pieds \u00e0 l'olive est le soin id\u00e9al pour les peaux s\u00e8ches et gerc\u00e9es, qui ont \u00e9galement tendance \u00e0 former des callosit\u00e9s. Une utilisation r\u00e9guli\u00e8re permet de constater rapidement une am\u00e9lioration et de retrouver des pieds doux et soign\u00e9s. La texture riche mais non grasse p\u00e9n\u00e8tre rapidement et ne laisse pas de film gras d\u00e9sagr\u00e9able.<\/p>","protected":false},"featured_media":1524,"comment_status":"open","ping_status":"closed","template":"","meta":[],"product_brand":[],"product_cat":[33,30],"product_tag":[703,693,704,58,677,623],"class_list":{"0":"post-1180","1":"product","2":"type-product","3":"status-publish","4":"has-post-thumbnail","6":"product_cat-hand-und-fuss","7":"product_cat-kosmetik","8":"product_tag-fusscreme","9":"product_tag-fuesse","10":"product_tag-hornhaut","11":"product_tag-kosmetik-olivenoel","12":"product_tag-olivenoel","13":"product_tag-trockene-haut","15":"first","16":"instock","17":"taxable","18":"shipping-taxable","19":"purchasable","20":"product-type-simple"},"_links":{"self":[{"href":"https:\/\/blidor.ch\/fr\/wp-json\/wp\/v2\/product\/1180","targetHints":{"allow":["GET"]}}],"collection":[{"href":"https:\/\/blidor.ch\/fr\/wp-json\/wp\/v2\/product"}],"about":[{"href":"https:\/\/blidor.ch\/fr\/wp-json\/wp\/v2\/types\/product"}],"replies":[{"embeddable":true,"href":"https:\/\/blidor.ch\/fr\/wp-json\/wp\/v2\/comments?post=1180"}],"version-history":[{"count":0,"href":"https:\/\/blidor.ch\/fr\/wp-json\/wp\/v2\/product\/1180\/revisions"}],"wp:featuredmedia":[{"embeddable":true,"href":"https:\/\/blidor.ch\/fr\/wp-json\/wp\/v2\/media\/1524"}],"wp:attachment":[{"href":"https:\/\/blidor.ch\/fr\/wp-json\/wp\/v2\/media?parent=1180"}],"wp:term":[{"taxonomy":"product_brand","embeddable":true,"href":"https:\/\/blidor.ch\/fr\/wp-json\/wp\/v2\/product_brand?post=1180"},{"taxonomy":"product_cat","embeddable":true,"href":"https:\/\/blidor.ch\/fr\/wp-json\/wp\/v2\/product_cat?post=1180"},{"taxonomy":"product_tag","embeddable":true,"href":"https:\/\/blidor.ch\/fr\/wp-json\/wp\/v2\/product_tag?post=1180"}],"curies":[{"name":"wp","href":"https:\/\/api.w.org\/{rel}","templated":true}]}}