{"id":1178,"date":"2020-10-19T14:11:37","date_gmt":"2020-10-19T12:11:37","guid":{"rendered":"http:\/\/blidor-webshop-staging.ch.merlin.ch-meta.net\/shop\/import-placeholder-for-1718\/"},"modified":"2023-11-21T23:45:52","modified_gmt":"2023-11-21T22:45:52","slug":"lotion-pour-les-mains-mauve","status":"publish","type":"product","link":"https:\/\/blidor.ch\/fr\/webshop\/handlotion-malve\/","title":{"rendered":"Lotion pour les mains Mauve"},"content":{"rendered":"<h2>De belles mains avec la lotion pour les mains Mauve<\/h2>\n<p>La lotion l\u00e9g\u00e8re pour les mains contient des substances actives soignantes de <a href=\"\/fr\/mauve\/\">Mauve<\/a>. Elle n'est pas grasse, p\u00e9n\u00e8tre rapidement et a un parfum agr\u00e9able. <a href=\"\/fr\/mauve\/\">Mauve<\/a> stimule en douceur le processus de r\u00e9g\u00e9n\u00e9ration, a un effet nourrissant et restructurant. La peau est douce, souple et durablement hydrat\u00e9e. Profitez chaque jour de la sensation de belles mains soign\u00e9es.<\/p>\n<div class=\"elementor-element elementor-element-c0c665e elementor-widget elementor-widget-heading\" data-id=\"c0c665e\" data-element_type=\"widget\" data-widget_type=\"heading.default\">\n<div class=\"elementor-widget-container\">\n<h2 class=\"elementor-heading-title elementor-size-default\">La mauve dans les cosm\u00e9tiques et les soins de la peau<\/h2>\n<\/div>\n<\/div>\n<div class=\"elementor-element elementor-element-efc79ac elementor-widget elementor-widget-text-editor\" data-id=\"efc79ac\" data-element_type=\"widget\" data-widget_type=\"text-editor.default\">\n<div class=\"elementor-widget-container\">\n<p>L'extrait cosm\u00e9tique de fleurs sauvages <a href=\"\/fr\/mauve\/\">Mauve<\/a> utilise \u00e9galement ses mucilages, compos\u00e9s de sucres complexes. Ceux-ci enveloppent d\u00e9licatement la surface de la peau, la prot\u00e8gent des agressions de l'environnement et l'hydratent en formant des hydrocollo\u00efdes.<\/p>\n<p>De plus, les anthocyanes qu'elle contient, comme la malvidine ou la delphinidine, apaisent la peau et luttent contre le vieillissement pr\u00e9matur\u00e9 gr\u00e2ce \u00e0 leurs propri\u00e9t\u00e9s antioxydantes. En outre, l'extrait de fleurs contient des acides gras b\u00e9n\u00e9fiques pour la peau, de la vitamine C, de la vitamine E et des traces de coumarines.<\/p>\n<p>En raison de ses ingr\u00e9dients apaisants et protecteurs, le <a href=\"\/fr\/mauve\/\">Extrait de mauve<\/a> excellent comme ingr\u00e9dient cosm\u00e9tique pour les peaux irrit\u00e9es, rougies, irritables, enflamm\u00e9es, matures, atopiques ou acn\u00e9iques. Il est tr\u00e8s bien tol\u00e9r\u00e9 et donne un teint d\u00e9tendu, frais et uniforme.<\/p>\n<\/div>\n<\/div>","protected":false},"excerpt":{"rendered":"<p>La lotion pour les mains \u00e0 la mauve nourrit et soigne la peau sensible des mains. Elle est parfaite pour le soin de la peau et des ongles, p\u00e9n\u00e8tre rapidement et n'est pas grasse.<\/p>","protected":false},"featured_media":14041,"comment_status":"open","ping_status":"closed","template":"","meta":[],"product_brand":[],"product_cat":[33,30],"product_tag":[672,674,62,675,673],"class_list":{"0":"post-1178","1":"product","2":"type-product","3":"status-publish","4":"has-post-thumbnail","6":"product_cat-hand-und-fuss","7":"product_cat-kosmetik","8":"product_tag-handlotion","9":"product_tag-hautpflege","10":"product_tag-kosmetik-malve","11":"product_tag-nagelpflege","12":"product_tag-sensible-haut","14":"first","15":"instock","16":"taxable","17":"shipping-taxable","18":"purchasable","19":"product-type-variable","20":"has-default-attributes"},"_links":{"self":[{"href":"https:\/\/blidor.ch\/fr\/wp-json\/wp\/v2\/product\/1178","targetHints":{"allow":["GET"]}}],"collection":[{"href":"https:\/\/blidor.ch\/fr\/wp-json\/wp\/v2\/product"}],"about":[{"href":"https:\/\/blidor.ch\/fr\/wp-json\/wp\/v2\/types\/product"}],"replies":[{"embeddable":true,"href":"https:\/\/blidor.ch\/fr\/wp-json\/wp\/v2\/comments?post=1178"}],"version-history":[{"count":0,"href":"https:\/\/blidor.ch\/fr\/wp-json\/wp\/v2\/product\/1178\/revisions"}],"wp:featuredmedia":[{"embeddable":true,"href":"https:\/\/blidor.ch\/fr\/wp-json\/wp\/v2\/media\/14041"}],"wp:attachment":[{"href":"https:\/\/blidor.ch\/fr\/wp-json\/wp\/v2\/media?parent=1178"}],"wp:term":[{"taxonomy":"product_brand","embeddable":true,"href":"https:\/\/blidor.ch\/fr\/wp-json\/wp\/v2\/product_brand?post=1178"},{"taxonomy":"product_cat","embeddable":true,"href":"https:\/\/blidor.ch\/fr\/wp-json\/wp\/v2\/product_cat?post=1178"},{"taxonomy":"product_tag","embeddable":true,"href":"https:\/\/blidor.ch\/fr\/wp-json\/wp\/v2\/product_tag?post=1178"}],"curies":[{"name":"wp","href":"https:\/\/api.w.org\/{rel}","templated":true}]}}