{"id":1162,"date":"2020-10-19T14:11:17","date_gmt":"2020-10-19T12:11:17","guid":{"rendered":"http:\/\/blidor-webshop-staging.ch.merlin.ch-meta.net\/shop\/import-placeholder-for-1700\/"},"modified":"2023-10-18T20:52:52","modified_gmt":"2023-10-18T18:52:52","slug":"shampoo-olive","status":"publish","type":"product","link":"https:\/\/blidor.ch\/fr\/webshop\/shampoo-olive\/","title":{"rendered":"Shampooing Olive"},"content":{"rendered":"<h2>Des cheveux soign\u00e9s et un cuir chevelu sain gr\u00e2ce au shampooing Olive<\/h2>\n<p>Les lavages fr\u00e9quents ab\u00eement les cheveux et le cuir chevelu et les ass\u00e8chent. Le shampooing <a href=\"\/fr\/olive\/\">Olive<\/a> est la solution id\u00e9ale pour les cuirs chevelus secs ou irrit\u00e9s et offre \u00e0 la fois un soin intensif et un nettoyage en douceur. L'huile pr\u00e9cieuse de fruits m\u00fbris au soleil <a href=\"\/fr\/olive\/\">Olives<\/a> apporte un soulagement imm\u00e9diat lorsque le cuir chevelu est sec ou irrit\u00e9. Vos cheveux retrouvent leur souplesse, leur substance et leur vitalit\u00e9.<\/p>\n<h2>Fabriqu\u00e9 en Suisse<\/h2>\n<p>Blidor est une entreprise familiale de tradition. Nous d\u00e9veloppons et fabriquons nos produits - comme notre shampooing Olive - nous-m\u00eames \u00e0 Baar. Nous veillons \u00e0 une qualit\u00e9 maximale, \u00e0 des ingr\u00e9dients naturels et si possible r\u00e9gionaux et \u00e0 un excellent service client\u00e8le.<\/p>","protected":false},"excerpt":{"rendered":"<p>Le shampooing Olive est sp\u00e9cialement con\u00e7u pour le soin des cheveux secs et cassants. La pr\u00e9cieuse huile d'olives m\u00fbries au soleil hydrate les cheveux et les fortifie jusqu'aux pointes.<\/p>\n<p>&nbsp;<\/p>","protected":false},"featured_media":10847,"comment_status":"open","ping_status":"closed","template":"","meta":[],"product_brand":[],"product_cat":[32,30],"product_tag":[58,336,67,335],"class_list":{"0":"post-1162","1":"product","2":"type-product","3":"status-publish","4":"has-post-thumbnail","6":"product_cat-haar","7":"product_cat-kosmetik","8":"product_tag-kosmetik-olivenoel","9":"product_tag-olive","10":"product_tag-shampoo-ohne-mikroplastik","11":"product_tag-shampoo-olive","13":"first","14":"instock","15":"taxable","16":"shipping-taxable","17":"purchasable","18":"product-type-simple"},"_links":{"self":[{"href":"https:\/\/blidor.ch\/fr\/wp-json\/wp\/v2\/product\/1162","targetHints":{"allow":["GET"]}}],"collection":[{"href":"https:\/\/blidor.ch\/fr\/wp-json\/wp\/v2\/product"}],"about":[{"href":"https:\/\/blidor.ch\/fr\/wp-json\/wp\/v2\/types\/product"}],"replies":[{"embeddable":true,"href":"https:\/\/blidor.ch\/fr\/wp-json\/wp\/v2\/comments?post=1162"}],"version-history":[{"count":0,"href":"https:\/\/blidor.ch\/fr\/wp-json\/wp\/v2\/product\/1162\/revisions"}],"wp:featuredmedia":[{"embeddable":true,"href":"https:\/\/blidor.ch\/fr\/wp-json\/wp\/v2\/media\/10847"}],"wp:attachment":[{"href":"https:\/\/blidor.ch\/fr\/wp-json\/wp\/v2\/media?parent=1162"}],"wp:term":[{"taxonomy":"product_brand","embeddable":true,"href":"https:\/\/blidor.ch\/fr\/wp-json\/wp\/v2\/product_brand?post=1162"},{"taxonomy":"product_cat","embeddable":true,"href":"https:\/\/blidor.ch\/fr\/wp-json\/wp\/v2\/product_cat?post=1162"},{"taxonomy":"product_tag","embeddable":true,"href":"https:\/\/blidor.ch\/fr\/wp-json\/wp\/v2\/product_tag?post=1162"}],"curies":[{"name":"wp","href":"https:\/\/api.w.org\/{rel}","templated":true}]}}